{"id":6796,"date":"2024-09-30T22:40:33","date_gmt":"2024-10-01T02:40:33","guid":{"rendered":"https:\/\/makestuffmove.com\/?post_type=product&#038;p=6796"},"modified":"2026-02-17T00:31:51","modified_gmt":"2026-02-17T05:31:51","slug":"tiny-tractor","status":"publish","type":"product","link":"https:\/\/makestuffmove.com\/fr\/produit\/tiny-tractor\/","title":{"rendered":"Petit tracteur"},"content":{"rendered":"","protected":false},"excerpt":{"rendered":"<p>D\u00e9couvrez le Mini Tracteur, le dernier-n\u00e9 de la gamme Make Stuff Move. Ce projet est con\u00e7u pour les enfants de 4 ans et plus et leur propose une activit\u00e9 ludique pour construire leur propre Mini Tracteur. Ils repartent m\u00eame avec un vrai tournevis !<\/p>\n<p>Une fois qu&#039;ils auront \u00e9prouv\u00e9 le regain de confiance li\u00e9 \u00e0 la construction d&#039;un objet, ils pourront se renseigner sur les carri\u00e8res agricoles et d\u00e9corer leur tracteur avec les fournitures artistiques de leur choix.<\/p>\n<p>Nous fabriquons actuellement ces produits sur commande, veuillez donc nous contacter si vous avez besoin d&#039;un lot pour une date ou un \u00e9v\u00e9nement pr\u00e9cis.<\/p>\n<p>N&#039;oubliez pas de vous renseigner sur la possibilit\u00e9 de les personnaliser avec le logo de votre entreprise\u00a0; ce sera un excellent cadeau publicitaire ou objet promotionnel.<\/p>","protected":false},"featured_media":6801,"template":"","meta":[],"product_brand":[],"product_cat":[20],"product_tag":[],"class_list":{"0":"post-6796","1":"product","2":"type-product","3":"status-publish","4":"has-post-thumbnail","6":"product_cat-kits","8":"first","9":"instock","10":"taxable","11":"shipping-taxable","12":"purchasable","13":"product-type-variable"},"acf":[],"yoast_head":"<!-- This site is optimized with the Yoast SEO Premium plugin v26.7 (Yoast SEO v27.5) - https:\/\/yoast.com\/product\/yoast-seo-premium-wordpress\/ -->\n<title>Tiny Tractor - Make Stuff Move<\/title>\n<meta name=\"robots\" content=\"index, follow, max-snippet:-1, max-image-preview:large, max-video-preview:-1\" \/>\n<link rel=\"canonical\" href=\"https:\/\/makestuffmove.com\/fr\/produit\/tiny-tractor\/\" \/>\n<meta property=\"og:locale\" content=\"fr_CA\" \/>\n<meta property=\"og:type\" content=\"article\" \/>\n<meta property=\"og:title\" content=\"Tiny Tractor\" \/>\n<meta property=\"og:description\" content=\"Meet the Tiny Tractor, the next addition to the Make Stuff Move Fleet.\u00a0 This project is designed for kids aged 4+ as a fun activity to build their own Tiny Tractor.\u00a0 They even get their own real screwdriver to keep!  Once they have felt the confidence boost of building something, they can learn about Agriculture Careers and decorate their tractor with whatever art supplies they see fit.  We are currently manufacturing these as they are ordered so please reach out if you need a batch for a specific date or event.  Be sure to ask about the option to personalize them with your company logo as a great give-away or promotional item.\" \/>\n<meta property=\"og:url\" content=\"https:\/\/makestuffmove.com\/fr\/produit\/tiny-tractor\/\" \/>\n<meta property=\"og:site_name\" content=\"Make Stuff Move\" \/>\n<meta property=\"article:publisher\" content=\"http:\/\/facebook.com\/makestuffmove\" \/>\n<meta property=\"article:modified_time\" content=\"2026-02-17T05:31:51+00:00\" \/>\n<meta property=\"og:image\" content=\"https:\/\/makestuffmove.com\/wp-content\/uploads\/2024\/09\/make-stuff-move_tiny-tractor.jpg\" \/>\n\t<meta property=\"og:image:width\" content=\"1500\" \/>\n\t<meta property=\"og:image:height\" content=\"1500\" \/>\n\t<meta property=\"og:image:type\" content=\"image\/jpeg\" \/>\n<meta name=\"twitter:card\" content=\"summary_large_image\" \/>\n<meta name=\"twitter:label1\" content=\"Availability\" \/>\n\t<meta name=\"twitter:data1\" content=\"In stock\" \/>\n<script type=\"application\/ld+json\" class=\"yoast-schema-graph\">{\"@context\":\"https:\\\/\\\/schema.org\",\"@graph\":[{\"@type\":\"WebPage\",\"@id\":\"https:\\\/\\\/makestuffmove.com\\\/product\\\/tiny-tractor\\\/\",\"url\":\"https:\\\/\\\/makestuffmove.com\\\/product\\\/tiny-tractor\\\/\",\"name\":\"Tiny Tractor - Make Stuff Move\",\"isPartOf\":{\"@id\":\"https:\\\/\\\/makestuffmove.com\\\/#website\"},\"primaryImageOfPage\":{\"@id\":\"https:\\\/\\\/makestuffmove.com\\\/product\\\/tiny-tractor\\\/#primaryimage\"},\"image\":{\"@id\":\"https:\\\/\\\/makestuffmove.com\\\/product\\\/tiny-tractor\\\/#primaryimage\"},\"thumbnailUrl\":\"https:\\\/\\\/makestuffmove.com\\\/wp-content\\\/uploads\\\/2024\\\/09\\\/make-stuff-move_tiny-tractor.jpg\",\"datePublished\":\"2024-10-01T02:40:33+00:00\",\"dateModified\":\"2026-02-17T05:31:51+00:00\",\"breadcrumb\":{\"@id\":\"https:\\\/\\\/makestuffmove.com\\\/product\\\/tiny-tractor\\\/#breadcrumb\"},\"inLanguage\":\"fr-CA\",\"potentialAction\":[{\"@type\":\"ReadAction\",\"target\":[\"https:\\\/\\\/makestuffmove.com\\\/product\\\/tiny-tractor\\\/\"]}]},{\"@type\":\"ImageObject\",\"inLanguage\":\"fr-CA\",\"@id\":\"https:\\\/\\\/makestuffmove.com\\\/product\\\/tiny-tractor\\\/#primaryimage\",\"url\":\"https:\\\/\\\/makestuffmove.com\\\/wp-content\\\/uploads\\\/2024\\\/09\\\/make-stuff-move_tiny-tractor.jpg\",\"contentUrl\":\"https:\\\/\\\/makestuffmove.com\\\/wp-content\\\/uploads\\\/2024\\\/09\\\/make-stuff-move_tiny-tractor.jpg\",\"width\":1500,\"height\":1500},{\"@type\":\"BreadcrumbList\",\"@id\":\"https:\\\/\\\/makestuffmove.com\\\/product\\\/tiny-tractor\\\/#breadcrumb\",\"itemListElement\":[{\"@type\":\"ListItem\",\"position\":1,\"name\":\"Home\",\"item\":\"https:\\\/\\\/makestuffmove.com\\\/\"},{\"@type\":\"ListItem\",\"position\":2,\"name\":\"Shop\",\"item\":\"https:\\\/\\\/makestuffmove.com\\\/shop\\\/\"},{\"@type\":\"ListItem\",\"position\":3,\"name\":\"Tiny Tractor\"}]},{\"@type\":\"WebSite\",\"@id\":\"https:\\\/\\\/makestuffmove.com\\\/#website\",\"url\":\"https:\\\/\\\/makestuffmove.com\\\/\",\"name\":\"Make Stuff Move\",\"description\":\"Let&#039;s Teach Tools!\",\"publisher\":{\"@id\":\"https:\\\/\\\/makestuffmove.com\\\/#organization\"},\"potentialAction\":[{\"@type\":\"SearchAction\",\"target\":{\"@type\":\"EntryPoint\",\"urlTemplate\":\"https:\\\/\\\/makestuffmove.com\\\/?s={search_term_string}\"},\"query-input\":{\"@type\":\"PropertyValueSpecification\",\"valueRequired\":true,\"valueName\":\"search_term_string\"}}],\"inLanguage\":\"fr-CA\"},{\"@type\":\"Organization\",\"@id\":\"https:\\\/\\\/makestuffmove.com\\\/#organization\",\"name\":\"Make Stuff Move\",\"url\":\"https:\\\/\\\/makestuffmove.com\\\/\",\"logo\":{\"@type\":\"ImageObject\",\"inLanguage\":\"fr-CA\",\"@id\":\"https:\\\/\\\/makestuffmove.com\\\/#\\\/schema\\\/logo\\\/image\\\/\",\"url\":\"\",\"contentUrl\":\"\",\"caption\":\"Make Stuff Move\"},\"image\":{\"@id\":\"https:\\\/\\\/makestuffmove.com\\\/#\\\/schema\\\/logo\\\/image\\\/\"},\"sameAs\":[\"http:\\\/\\\/facebook.com\\\/makestuffmove\",\"http:\\\/\\\/instagram.com\\\/makestuffmoveinc\",\"https:\\\/\\\/www.youtube.com\\\/channel\\\/UC3QPj9vHLuaJhO5ROM6hKow\"]}]}<\/script>\n<meta property=\"og:availability\" content=\"instock\" \/>\n<meta property=\"product:availability\" content=\"instock\" \/>\n<meta property=\"product:condition\" content=\"new\" \/>\n<!-- \/ Yoast SEO Premium plugin. -->","yoast_head_json":{"title":"Tiny Tractor - Make Stuff Move","robots":{"index":"index","follow":"follow","max-snippet":"max-snippet:-1","max-image-preview":"max-image-preview:large","max-video-preview":"max-video-preview:-1"},"canonical":"https:\/\/makestuffmove.com\/fr\/produit\/tiny-tractor\/","og_locale":"fr_CA","og_type":"article","og_title":"Tiny Tractor","og_description":"Meet the Tiny Tractor, the next addition to the Make Stuff Move Fleet.\u00a0 This project is designed for kids aged 4+ as a fun activity to build their own Tiny Tractor.\u00a0 They even get their own real screwdriver to keep!  Once they have felt the confidence boost of building something, they can learn about Agriculture Careers and decorate their tractor with whatever art supplies they see fit.  We are currently manufacturing these as they are ordered so please reach out if you need a batch for a specific date or event.  Be sure to ask about the option to personalize them with your company logo as a great give-away or promotional item.","og_url":"https:\/\/makestuffmove.com\/fr\/produit\/tiny-tractor\/","og_site_name":"Make Stuff Move","article_publisher":"http:\/\/facebook.com\/makestuffmove","article_modified_time":"2026-02-17T05:31:51+00:00","og_image":[{"width":1500,"height":1500,"url":"https:\/\/makestuffmove.com\/wp-content\/uploads\/2024\/09\/make-stuff-move_tiny-tractor.jpg","type":"image\/jpeg"}],"twitter_card":"summary_large_image","twitter_misc":{"Availability":"In stock"},"schema":{"@context":"https:\/\/schema.org","@graph":[{"@type":"WebPage","@id":"https:\/\/makestuffmove.com\/product\/tiny-tractor\/","url":"https:\/\/makestuffmove.com\/product\/tiny-tractor\/","name":"Tiny Tractor - Make Stuff Move","isPartOf":{"@id":"https:\/\/makestuffmove.com\/#website"},"primaryImageOfPage":{"@id":"https:\/\/makestuffmove.com\/product\/tiny-tractor\/#primaryimage"},"image":{"@id":"https:\/\/makestuffmove.com\/product\/tiny-tractor\/#primaryimage"},"thumbnailUrl":"https:\/\/makestuffmove.com\/wp-content\/uploads\/2024\/09\/make-stuff-move_tiny-tractor.jpg","datePublished":"2024-10-01T02:40:33+00:00","dateModified":"2026-02-17T05:31:51+00:00","breadcrumb":{"@id":"https:\/\/makestuffmove.com\/product\/tiny-tractor\/#breadcrumb"},"inLanguage":"fr-CA","potentialAction":[{"@type":"ReadAction","target":["https:\/\/makestuffmove.com\/product\/tiny-tractor\/"]}]},{"@type":"ImageObject","inLanguage":"fr-CA","@id":"https:\/\/makestuffmove.com\/product\/tiny-tractor\/#primaryimage","url":"https:\/\/makestuffmove.com\/wp-content\/uploads\/2024\/09\/make-stuff-move_tiny-tractor.jpg","contentUrl":"https:\/\/makestuffmove.com\/wp-content\/uploads\/2024\/09\/make-stuff-move_tiny-tractor.jpg","width":1500,"height":1500},{"@type":"BreadcrumbList","@id":"https:\/\/makestuffmove.com\/product\/tiny-tractor\/#breadcrumb","itemListElement":[{"@type":"ListItem","position":1,"name":"Home","item":"https:\/\/makestuffmove.com\/"},{"@type":"ListItem","position":2,"name":"Shop","item":"https:\/\/makestuffmove.com\/shop\/"},{"@type":"ListItem","position":3,"name":"Tiny Tractor"}]},{"@type":"WebSite","@id":"https:\/\/makestuffmove.com\/#website","url":"https:\/\/makestuffmove.com\/","name":"Faire bouger les choses","description":"Enseignons les outils\u00a0!","publisher":{"@id":"https:\/\/makestuffmove.com\/#organization"},"potentialAction":[{"@type":"SearchAction","target":{"@type":"EntryPoint","urlTemplate":"https:\/\/makestuffmove.com\/?s={search_term_string}"},"query-input":{"@type":"PropertyValueSpecification","valueRequired":true,"valueName":"search_term_string"}}],"inLanguage":"fr-CA"},{"@type":"Organization","@id":"https:\/\/makestuffmove.com\/#organization","name":"Faire bouger les choses","url":"https:\/\/makestuffmove.com\/","logo":{"@type":"ImageObject","inLanguage":"fr-CA","@id":"https:\/\/makestuffmove.com\/#\/schema\/logo\/image\/","url":"","contentUrl":"","caption":"Make Stuff Move"},"image":{"@id":"https:\/\/makestuffmove.com\/#\/schema\/logo\/image\/"},"sameAs":["http:\/\/facebook.com\/makestuffmove","http:\/\/instagram.com\/makestuffmoveinc","https:\/\/www.youtube.com\/channel\/UC3QPj9vHLuaJhO5ROM6hKow"]}]},"og_availability":"instock","product_availability":"instock","product_condition":"new"},"jetpack_sharing_enabled":true,"_links":{"self":[{"href":"https:\/\/makestuffmove.com\/fr\/wp-json\/wp\/v2\/product\/6796","targetHints":{"allow":["GET"]}}],"collection":[{"href":"https:\/\/makestuffmove.com\/fr\/wp-json\/wp\/v2\/product"}],"about":[{"href":"https:\/\/makestuffmove.com\/fr\/wp-json\/wp\/v2\/types\/product"}],"wp:featuredmedia":[{"embeddable":true,"href":"https:\/\/makestuffmove.com\/fr\/wp-json\/wp\/v2\/media\/6801"}],"wp:attachment":[{"href":"https:\/\/makestuffmove.com\/fr\/wp-json\/wp\/v2\/media?parent=6796"}],"wp:term":[{"taxonomy":"product_brand","embeddable":true,"href":"https:\/\/makestuffmove.com\/fr\/wp-json\/wp\/v2\/product_brand?post=6796"},{"taxonomy":"product_cat","embeddable":true,"href":"https:\/\/makestuffmove.com\/fr\/wp-json\/wp\/v2\/product_cat?post=6796"},{"taxonomy":"product_tag","embeddable":true,"href":"https:\/\/makestuffmove.com\/fr\/wp-json\/wp\/v2\/product_tag?post=6796"}],"curies":[{"name":"wp","href":"https:\/\/api.w.org\/{rel}","templated":true}]}}