{"id":6795,"date":"2024-09-30T22:34:34","date_gmt":"2024-10-01T02:34:34","guid":{"rendered":"https:\/\/makestuffmove.com\/?post_type=product&#038;p=6795"},"modified":"2026-02-03T14:42:48","modified_gmt":"2026-02-03T19:42:48","slug":"make-stuff-grow-seeds-and-soil-pack","status":"publish","type":"product","link":"https:\/\/makestuffmove.com\/fr\/produit\/make-stuff-grow-seeds-and-soil-pack\/","title":{"rendered":"Faites pousser vos plantes | Kit de graines et de terreau"},"content":{"rendered":"","protected":false},"excerpt":{"rendered":"<p>Pr\u00e9commandez d\u00e8s maintenant notre kit de graines et de terreau (et plus encore) qui peut servir de recharge pour notre serre Make Stuff Gro *ou* \u00eatre utilis\u00e9 seul pour cultiver 8 tasses de micro-pousses. Ce kit comprend\u00a0:<\/p>\n<p>8 gobelets en papier<br \/>\n8 couvercles compostables<br \/>\n8 disques de terreau en fibre de coco<br \/>\n8 mini pelles<br \/>\n1 x pipette d&#039;arrosage<br \/>\n1 sachet de graines de micro-pousses<\/p>\n<p><strong>*REMARQUE \u2013 Nous ne pouvons actuellement pas exp\u00e9dier ces trousses hors du Canada avec les semences et le terreau inclus en raison des r\u00e9glementations douani\u00e8res.\u00a0<\/strong><\/p>","protected":false},"featured_media":6794,"template":"","meta":[],"product_brand":[],"product_cat":[20,54],"product_tag":[],"class_list":{"0":"post-6795","1":"product","2":"type-product","3":"status-publish","4":"has-post-thumbnail","6":"product_cat-kits","7":"product_cat-make-stuff-grow","9":"first","10":"instock","11":"taxable","12":"shipping-taxable","13":"purchasable","14":"product-type-simple"},"acf":[],"yoast_head":"<!-- This site is optimized with the Yoast SEO Premium plugin v26.7 (Yoast SEO v27.3) - https:\/\/yoast.com\/product\/yoast-seo-premium-wordpress\/ -->\n<title>Make Stuff Grow | Seeds and Soil Pack - Make Stuff Move<\/title>\n<meta name=\"robots\" content=\"index, follow, max-snippet:-1, max-image-preview:large, max-video-preview:-1\" \/>\n<link rel=\"canonical\" href=\"https:\/\/makestuffmove.com\/fr\/produit\/make-stuff-grow-seeds-and-soil-pack\/\" \/>\n<meta property=\"og:locale\" content=\"fr_CA\" \/>\n<meta property=\"og:type\" content=\"article\" \/>\n<meta property=\"og:title\" content=\"Make Stuff Grow | Seeds and Soil Pack\" \/>\n<meta property=\"og:description\" content=\"Get in on our preorder of our seeds and soil (plus more) kit that can be used as a refill for our Make Stuff Gro Greenhouse *or* can be used on it&#039;s own to grow 8 separate cups of micro greens.\u00a0 This kit includes:  8 x Paper Cups 8 x Compostable Lids 8 x Coco Coir soil pucks 8 x Mini Shovels 1 x Watering Pipette 1 x Microgreen seeds pack  *NOTE - We currently cannot ship these kits outside of Canada with the Seed and Soil included due to customs regulations.\u00a0\" \/>\n<meta property=\"og:url\" content=\"https:\/\/makestuffmove.com\/fr\/produit\/make-stuff-grow-seeds-and-soil-pack\/\" \/>\n<meta property=\"og:site_name\" content=\"Make Stuff Move\" \/>\n<meta property=\"article:publisher\" content=\"http:\/\/facebook.com\/makestuffmove\" \/>\n<meta property=\"article:modified_time\" content=\"2026-02-03T19:42:48+00:00\" \/>\n<meta property=\"og:image\" content=\"https:\/\/makestuffmove.com\/wp-content\/uploads\/2024\/09\/make-stuff-grow_greenhouse.jpg\" \/>\n\t<meta property=\"og:image:width\" content=\"512\" \/>\n\t<meta property=\"og:image:height\" content=\"680\" \/>\n\t<meta property=\"og:image:type\" content=\"image\/jpeg\" \/>\n<meta name=\"twitter:card\" content=\"summary_large_image\" \/>\n<meta name=\"twitter:label1\" content=\"Price\" \/>\n\t<meta name=\"twitter:data1\" content=\"$15.00 CAD\" \/>\n\t<meta name=\"twitter:label2\" content=\"Availability\" \/>\n\t<meta name=\"twitter:data2\" content=\"In stock\" \/>\n<script type=\"application\/ld+json\" class=\"yoast-schema-graph\">{\"@context\":\"https:\\\/\\\/schema.org\",\"@graph\":[{\"@type\":\"WebPage\",\"@id\":\"https:\\\/\\\/makestuffmove.com\\\/product\\\/make-stuff-grow-seeds-and-soil-pack\\\/\",\"url\":\"https:\\\/\\\/makestuffmove.com\\\/product\\\/make-stuff-grow-seeds-and-soil-pack\\\/\",\"name\":\"Make Stuff Grow | Seeds and Soil Pack - Make Stuff Move\",\"isPartOf\":{\"@id\":\"https:\\\/\\\/makestuffmove.com\\\/#website\"},\"primaryImageOfPage\":{\"@id\":\"https:\\\/\\\/makestuffmove.com\\\/product\\\/make-stuff-grow-seeds-and-soil-pack\\\/#primaryimage\"},\"image\":{\"@id\":\"https:\\\/\\\/makestuffmove.com\\\/product\\\/make-stuff-grow-seeds-and-soil-pack\\\/#primaryimage\"},\"thumbnailUrl\":\"https:\\\/\\\/makestuffmove.com\\\/wp-content\\\/uploads\\\/2024\\\/09\\\/make-stuff-grow_greenhouse.jpg\",\"datePublished\":\"2024-10-01T02:34:34+00:00\",\"dateModified\":\"2026-02-03T19:42:48+00:00\",\"breadcrumb\":{\"@id\":\"https:\\\/\\\/makestuffmove.com\\\/product\\\/make-stuff-grow-seeds-and-soil-pack\\\/#breadcrumb\"},\"inLanguage\":\"fr-CA\",\"potentialAction\":[{\"@type\":\"ReadAction\",\"target\":[\"https:\\\/\\\/makestuffmove.com\\\/product\\\/make-stuff-grow-seeds-and-soil-pack\\\/\"]}]},{\"@type\":\"ImageObject\",\"inLanguage\":\"fr-CA\",\"@id\":\"https:\\\/\\\/makestuffmove.com\\\/product\\\/make-stuff-grow-seeds-and-soil-pack\\\/#primaryimage\",\"url\":\"https:\\\/\\\/makestuffmove.com\\\/wp-content\\\/uploads\\\/2024\\\/09\\\/make-stuff-grow_greenhouse.jpg\",\"contentUrl\":\"https:\\\/\\\/makestuffmove.com\\\/wp-content\\\/uploads\\\/2024\\\/09\\\/make-stuff-grow_greenhouse.jpg\",\"width\":512,\"height\":680},{\"@type\":\"BreadcrumbList\",\"@id\":\"https:\\\/\\\/makestuffmove.com\\\/product\\\/make-stuff-grow-seeds-and-soil-pack\\\/#breadcrumb\",\"itemListElement\":[{\"@type\":\"ListItem\",\"position\":1,\"name\":\"Home\",\"item\":\"https:\\\/\\\/makestuffmove.com\\\/\"},{\"@type\":\"ListItem\",\"position\":2,\"name\":\"Shop\",\"item\":\"https:\\\/\\\/makestuffmove.com\\\/shop\\\/\"},{\"@type\":\"ListItem\",\"position\":3,\"name\":\"Make Stuff Grow | Seeds and Soil Pack\"}]},{\"@type\":\"WebSite\",\"@id\":\"https:\\\/\\\/makestuffmove.com\\\/#website\",\"url\":\"https:\\\/\\\/makestuffmove.com\\\/\",\"name\":\"Make Stuff Move\",\"description\":\"Let&#039;s Teach Tools!\",\"publisher\":{\"@id\":\"https:\\\/\\\/makestuffmove.com\\\/#organization\"},\"potentialAction\":[{\"@type\":\"SearchAction\",\"target\":{\"@type\":\"EntryPoint\",\"urlTemplate\":\"https:\\\/\\\/makestuffmove.com\\\/?s={search_term_string}\"},\"query-input\":{\"@type\":\"PropertyValueSpecification\",\"valueRequired\":true,\"valueName\":\"search_term_string\"}}],\"inLanguage\":\"fr-CA\"},{\"@type\":\"Organization\",\"@id\":\"https:\\\/\\\/makestuffmove.com\\\/#organization\",\"name\":\"Make Stuff Move\",\"url\":\"https:\\\/\\\/makestuffmove.com\\\/\",\"logo\":{\"@type\":\"ImageObject\",\"inLanguage\":\"fr-CA\",\"@id\":\"https:\\\/\\\/makestuffmove.com\\\/#\\\/schema\\\/logo\\\/image\\\/\",\"url\":\"\",\"contentUrl\":\"\",\"caption\":\"Make Stuff Move\"},\"image\":{\"@id\":\"https:\\\/\\\/makestuffmove.com\\\/#\\\/schema\\\/logo\\\/image\\\/\"},\"sameAs\":[\"http:\\\/\\\/facebook.com\\\/makestuffmove\",\"http:\\\/\\\/instagram.com\\\/makestuffmoveinc\",\"https:\\\/\\\/www.youtube.com\\\/channel\\\/UC3QPj9vHLuaJhO5ROM6hKow\"]}]}<\/script>\n<meta property=\"product:price:amount\" content=\"15.00\" \/>\n<meta property=\"product:price:currency\" content=\"CAD\" \/>\n<meta property=\"og:availability\" content=\"instock\" \/>\n<meta property=\"product:availability\" content=\"instock\" \/>\n<meta property=\"product:condition\" content=\"new\" \/>\n<!-- \/ Yoast SEO Premium plugin. -->","yoast_head_json":{"title":"Make Stuff Grow | Seeds and Soil Pack - Make Stuff Move","robots":{"index":"index","follow":"follow","max-snippet":"max-snippet:-1","max-image-preview":"max-image-preview:large","max-video-preview":"max-video-preview:-1"},"canonical":"https:\/\/makestuffmove.com\/fr\/produit\/make-stuff-grow-seeds-and-soil-pack\/","og_locale":"fr_CA","og_type":"article","og_title":"Make Stuff Grow | Seeds and Soil Pack","og_description":"Get in on our preorder of our seeds and soil (plus more) kit that can be used as a refill for our Make Stuff Gro Greenhouse *or* can be used on it's own to grow 8 separate cups of micro greens.\u00a0 This kit includes:  8 x Paper Cups 8 x Compostable Lids 8 x Coco Coir soil pucks 8 x Mini Shovels 1 x Watering Pipette 1 x Microgreen seeds pack  *NOTE - We currently cannot ship these kits outside of Canada with the Seed and Soil included due to customs regulations.\u00a0","og_url":"https:\/\/makestuffmove.com\/fr\/produit\/make-stuff-grow-seeds-and-soil-pack\/","og_site_name":"Make Stuff Move","article_publisher":"http:\/\/facebook.com\/makestuffmove","article_modified_time":"2026-02-03T19:42:48+00:00","og_image":[{"width":512,"height":680,"url":"https:\/\/makestuffmove.com\/wp-content\/uploads\/2024\/09\/make-stuff-grow_greenhouse.jpg","type":"image\/jpeg"}],"twitter_card":"summary_large_image","twitter_misc":{"Price":"$15.00 CAD","Availability":"In stock"},"schema":{"@context":"https:\/\/schema.org","@graph":[{"@type":"WebPage","@id":"https:\/\/makestuffmove.com\/product\/make-stuff-grow-seeds-and-soil-pack\/","url":"https:\/\/makestuffmove.com\/product\/make-stuff-grow-seeds-and-soil-pack\/","name":"Make Stuff Grow | Seeds and Soil Pack - Make Stuff Move","isPartOf":{"@id":"https:\/\/makestuffmove.com\/#website"},"primaryImageOfPage":{"@id":"https:\/\/makestuffmove.com\/product\/make-stuff-grow-seeds-and-soil-pack\/#primaryimage"},"image":{"@id":"https:\/\/makestuffmove.com\/product\/make-stuff-grow-seeds-and-soil-pack\/#primaryimage"},"thumbnailUrl":"https:\/\/makestuffmove.com\/wp-content\/uploads\/2024\/09\/make-stuff-grow_greenhouse.jpg","datePublished":"2024-10-01T02:34:34+00:00","dateModified":"2026-02-03T19:42:48+00:00","breadcrumb":{"@id":"https:\/\/makestuffmove.com\/product\/make-stuff-grow-seeds-and-soil-pack\/#breadcrumb"},"inLanguage":"fr-CA","potentialAction":[{"@type":"ReadAction","target":["https:\/\/makestuffmove.com\/product\/make-stuff-grow-seeds-and-soil-pack\/"]}]},{"@type":"ImageObject","inLanguage":"fr-CA","@id":"https:\/\/makestuffmove.com\/product\/make-stuff-grow-seeds-and-soil-pack\/#primaryimage","url":"https:\/\/makestuffmove.com\/wp-content\/uploads\/2024\/09\/make-stuff-grow_greenhouse.jpg","contentUrl":"https:\/\/makestuffmove.com\/wp-content\/uploads\/2024\/09\/make-stuff-grow_greenhouse.jpg","width":512,"height":680},{"@type":"BreadcrumbList","@id":"https:\/\/makestuffmove.com\/product\/make-stuff-grow-seeds-and-soil-pack\/#breadcrumb","itemListElement":[{"@type":"ListItem","position":1,"name":"Home","item":"https:\/\/makestuffmove.com\/"},{"@type":"ListItem","position":2,"name":"Shop","item":"https:\/\/makestuffmove.com\/shop\/"},{"@type":"ListItem","position":3,"name":"Make Stuff Grow | Seeds and Soil Pack"}]},{"@type":"WebSite","@id":"https:\/\/makestuffmove.com\/#website","url":"https:\/\/makestuffmove.com\/","name":"Faire bouger les choses","description":"Enseignons les outils\u00a0!","publisher":{"@id":"https:\/\/makestuffmove.com\/#organization"},"potentialAction":[{"@type":"SearchAction","target":{"@type":"EntryPoint","urlTemplate":"https:\/\/makestuffmove.com\/?s={search_term_string}"},"query-input":{"@type":"PropertyValueSpecification","valueRequired":true,"valueName":"search_term_string"}}],"inLanguage":"fr-CA"},{"@type":"Organization","@id":"https:\/\/makestuffmove.com\/#organization","name":"Faire bouger les choses","url":"https:\/\/makestuffmove.com\/","logo":{"@type":"ImageObject","inLanguage":"fr-CA","@id":"https:\/\/makestuffmove.com\/#\/schema\/logo\/image\/","url":"","contentUrl":"","caption":"Make Stuff Move"},"image":{"@id":"https:\/\/makestuffmove.com\/#\/schema\/logo\/image\/"},"sameAs":["http:\/\/facebook.com\/makestuffmove","http:\/\/instagram.com\/makestuffmoveinc","https:\/\/www.youtube.com\/channel\/UC3QPj9vHLuaJhO5ROM6hKow"]}]},"product_price_amount":"15.00","product_price_currency":"CAD","og_availability":"instock","product_availability":"instock","product_condition":"new"},"jetpack_sharing_enabled":true,"_links":{"self":[{"href":"https:\/\/makestuffmove.com\/fr\/wp-json\/wp\/v2\/product\/6795","targetHints":{"allow":["GET"]}}],"collection":[{"href":"https:\/\/makestuffmove.com\/fr\/wp-json\/wp\/v2\/product"}],"about":[{"href":"https:\/\/makestuffmove.com\/fr\/wp-json\/wp\/v2\/types\/product"}],"wp:featuredmedia":[{"embeddable":true,"href":"https:\/\/makestuffmove.com\/fr\/wp-json\/wp\/v2\/media\/6794"}],"wp:attachment":[{"href":"https:\/\/makestuffmove.com\/fr\/wp-json\/wp\/v2\/media?parent=6795"}],"wp:term":[{"taxonomy":"product_brand","embeddable":true,"href":"https:\/\/makestuffmove.com\/fr\/wp-json\/wp\/v2\/product_brand?post=6795"},{"taxonomy":"product_cat","embeddable":true,"href":"https:\/\/makestuffmove.com\/fr\/wp-json\/wp\/v2\/product_cat?post=6795"},{"taxonomy":"product_tag","embeddable":true,"href":"https:\/\/makestuffmove.com\/fr\/wp-json\/wp\/v2\/product_tag?post=6795"}],"curies":[{"name":"wp","href":"https:\/\/api.w.org\/{rel}","templated":true}]}}