{"id":6793,"date":"2024-09-30T22:27:03","date_gmt":"2024-10-01T02:27:03","guid":{"rendered":"https:\/\/makestuffmove.com\/?post_type=product&#038;p=6793"},"modified":"2026-01-12T14:23:35","modified_gmt":"2026-01-12T19:23:35","slug":"make-stuff-grow-micro-greenhouse","status":"publish","type":"product","link":"https:\/\/makestuffmove.com\/fr\/produit\/make-stuff-grow-micro-greenhouse\/","title":{"rendered":"Faites pousser vos plantes | Micro-serre"},"content":{"rendered":"","protected":false},"excerpt":{"rendered":"<p>Notre ouvrage \u00ab Make Stuff Grow MicroGreenhouse \u00bb se concentre \u00e0 la fois sur les mat\u00e9riaux et le mat\u00e9riel utilis\u00e9s pour construire des serres, les techniques et la m\u00e9thodologie pour les construire, et sur la fa\u00e7on de cultiver des micro-pousses.<\/p>\n<p>Le kit comprend deux (2) <strong><a href=\"https:\/\/makestuffmove.com\/fr\/produit\/make-stuff-grow-seeds-and-soil-pack\/\">Kits de graines et de terreau Make Stuff<\/a>.<\/strong>\u00a0 Des kits suppl\u00e9mentaires peuvent \u00eatre achet\u00e9s pour permettre une nouvelle culture dans la serre.<\/p>\n<p><strong>*REMARQUE \u2013 Nous ne pouvons actuellement pas exp\u00e9dier ces trousses hors du Canada avec les semences et le terreau inclus en raison des r\u00e9glementations douani\u00e8res.\u00a0<\/strong><\/p>","protected":false},"featured_media":17395,"template":"","meta":[],"product_brand":[],"product_cat":[20,54],"product_tag":[],"class_list":{"0":"post-6793","1":"product","2":"type-product","3":"status-publish","4":"has-post-thumbnail","6":"product_cat-kits","7":"product_cat-make-stuff-grow","8":"product_shipping_class-canada-only","10":"first","11":"instock","12":"taxable","13":"shipping-taxable","14":"purchasable","15":"product-type-simple"},"acf":[],"yoast_head":"<!-- This site is optimized with the Yoast SEO Premium plugin v26.7 (Yoast SEO v27.3) - https:\/\/yoast.com\/product\/yoast-seo-premium-wordpress\/ -->\n<title>Make Stuff Grow | Micro-Greenhouse - Make Stuff Move<\/title>\n<meta name=\"robots\" content=\"index, follow, max-snippet:-1, max-image-preview:large, max-video-preview:-1\" \/>\n<link rel=\"canonical\" href=\"https:\/\/makestuffmove.com\/fr\/produit\/make-stuff-grow-micro-greenhouse\/\" \/>\n<meta property=\"og:locale\" content=\"fr_CA\" \/>\n<meta property=\"og:type\" content=\"article\" \/>\n<meta property=\"og:title\" content=\"Make Stuff Grow | Micro-Greenhouse\" \/>\n<meta property=\"og:description\" content=\"Our Make Stuff Grow MicroGreenhouse focuses on both the materials and hardware used to build greenhouses, the techniques and methodology to build them, and how to grow microgreens.  The kit includes two (2) Make Stuff Grow Seeds and Soil Kits.\u00a0 Additional kits can be purchased to provide an opportunity for reuse to grow again with the greenhouse.  *NOTE - We currently cannot ship these kits outside of Canada with the Seed and Soil included due to customs regulations.\u00a0\" \/>\n<meta property=\"og:url\" content=\"https:\/\/makestuffmove.com\/fr\/produit\/make-stuff-grow-micro-greenhouse\/\" \/>\n<meta property=\"og:site_name\" content=\"Make Stuff Move\" \/>\n<meta property=\"article:publisher\" content=\"http:\/\/facebook.com\/makestuffmove\" \/>\n<meta property=\"article:modified_time\" content=\"2026-01-12T19:23:35+00:00\" \/>\n<meta property=\"og:image\" content=\"https:\/\/makestuffmove.com\/wp-content\/uploads\/2024\/09\/PXL_20241005_192932787.PORTRAIT2.jpg\" \/>\n\t<meta property=\"og:image:width\" content=\"1000\" \/>\n\t<meta property=\"og:image:height\" content=\"1258\" \/>\n\t<meta property=\"og:image:type\" content=\"image\/jpeg\" \/>\n<meta name=\"twitter:card\" content=\"summary_large_image\" \/>\n<meta name=\"twitter:label1\" content=\"Price\" \/>\n\t<meta name=\"twitter:data1\" content=\"$70.00 CAD\" \/>\n\t<meta name=\"twitter:label2\" content=\"Availability\" \/>\n\t<meta name=\"twitter:data2\" content=\"In stock\" \/>\n<script type=\"application\/ld+json\" class=\"yoast-schema-graph\">{\"@context\":\"https:\\\/\\\/schema.org\",\"@graph\":[{\"@type\":\"WebPage\",\"@id\":\"https:\\\/\\\/makestuffmove.com\\\/product\\\/make-stuff-grow-micro-greenhouse\\\/\",\"url\":\"https:\\\/\\\/makestuffmove.com\\\/product\\\/make-stuff-grow-micro-greenhouse\\\/\",\"name\":\"Make Stuff Grow | Micro-Greenhouse - Make Stuff Move\",\"isPartOf\":{\"@id\":\"https:\\\/\\\/makestuffmove.com\\\/#website\"},\"primaryImageOfPage\":{\"@id\":\"https:\\\/\\\/makestuffmove.com\\\/product\\\/make-stuff-grow-micro-greenhouse\\\/#primaryimage\"},\"image\":{\"@id\":\"https:\\\/\\\/makestuffmove.com\\\/product\\\/make-stuff-grow-micro-greenhouse\\\/#primaryimage\"},\"thumbnailUrl\":\"https:\\\/\\\/makestuffmove.com\\\/wp-content\\\/uploads\\\/2024\\\/09\\\/PXL_20241005_192932787.PORTRAIT2.jpg\",\"datePublished\":\"2024-10-01T02:27:03+00:00\",\"dateModified\":\"2026-01-12T19:23:35+00:00\",\"breadcrumb\":{\"@id\":\"https:\\\/\\\/makestuffmove.com\\\/product\\\/make-stuff-grow-micro-greenhouse\\\/#breadcrumb\"},\"inLanguage\":\"fr-CA\",\"potentialAction\":[{\"@type\":\"ReadAction\",\"target\":[\"https:\\\/\\\/makestuffmove.com\\\/product\\\/make-stuff-grow-micro-greenhouse\\\/\"]}]},{\"@type\":\"ImageObject\",\"inLanguage\":\"fr-CA\",\"@id\":\"https:\\\/\\\/makestuffmove.com\\\/product\\\/make-stuff-grow-micro-greenhouse\\\/#primaryimage\",\"url\":\"https:\\\/\\\/makestuffmove.com\\\/wp-content\\\/uploads\\\/2024\\\/09\\\/PXL_20241005_192932787.PORTRAIT2.jpg\",\"contentUrl\":\"https:\\\/\\\/makestuffmove.com\\\/wp-content\\\/uploads\\\/2024\\\/09\\\/PXL_20241005_192932787.PORTRAIT2.jpg\",\"width\":1000,\"height\":1258},{\"@type\":\"BreadcrumbList\",\"@id\":\"https:\\\/\\\/makestuffmove.com\\\/product\\\/make-stuff-grow-micro-greenhouse\\\/#breadcrumb\",\"itemListElement\":[{\"@type\":\"ListItem\",\"position\":1,\"name\":\"Home\",\"item\":\"https:\\\/\\\/makestuffmove.com\\\/\"},{\"@type\":\"ListItem\",\"position\":2,\"name\":\"Shop\",\"item\":\"https:\\\/\\\/makestuffmove.com\\\/shop\\\/\"},{\"@type\":\"ListItem\",\"position\":3,\"name\":\"Make Stuff Grow | Micro-Greenhouse\"}]},{\"@type\":\"WebSite\",\"@id\":\"https:\\\/\\\/makestuffmove.com\\\/#website\",\"url\":\"https:\\\/\\\/makestuffmove.com\\\/\",\"name\":\"Make Stuff Move\",\"description\":\"Let&#039;s Teach Tools!\",\"publisher\":{\"@id\":\"https:\\\/\\\/makestuffmove.com\\\/#organization\"},\"potentialAction\":[{\"@type\":\"SearchAction\",\"target\":{\"@type\":\"EntryPoint\",\"urlTemplate\":\"https:\\\/\\\/makestuffmove.com\\\/?s={search_term_string}\"},\"query-input\":{\"@type\":\"PropertyValueSpecification\",\"valueRequired\":true,\"valueName\":\"search_term_string\"}}],\"inLanguage\":\"fr-CA\"},{\"@type\":\"Organization\",\"@id\":\"https:\\\/\\\/makestuffmove.com\\\/#organization\",\"name\":\"Make Stuff Move\",\"url\":\"https:\\\/\\\/makestuffmove.com\\\/\",\"logo\":{\"@type\":\"ImageObject\",\"inLanguage\":\"fr-CA\",\"@id\":\"https:\\\/\\\/makestuffmove.com\\\/#\\\/schema\\\/logo\\\/image\\\/\",\"url\":\"\",\"contentUrl\":\"\",\"caption\":\"Make Stuff Move\"},\"image\":{\"@id\":\"https:\\\/\\\/makestuffmove.com\\\/#\\\/schema\\\/logo\\\/image\\\/\"},\"sameAs\":[\"http:\\\/\\\/facebook.com\\\/makestuffmove\",\"http:\\\/\\\/instagram.com\\\/makestuffmoveinc\",\"https:\\\/\\\/www.youtube.com\\\/channel\\\/UC3QPj9vHLuaJhO5ROM6hKow\"]}]}<\/script>\n<meta property=\"product:price:amount\" content=\"70.00\" \/>\n<meta property=\"product:price:currency\" content=\"CAD\" \/>\n<meta property=\"og:availability\" content=\"instock\" \/>\n<meta property=\"product:availability\" content=\"instock\" \/>\n<meta property=\"product:condition\" content=\"new\" \/>\n<!-- \/ Yoast SEO Premium plugin. -->","yoast_head_json":{"title":"Make Stuff Grow | Micro-Greenhouse - Make Stuff Move","robots":{"index":"index","follow":"follow","max-snippet":"max-snippet:-1","max-image-preview":"max-image-preview:large","max-video-preview":"max-video-preview:-1"},"canonical":"https:\/\/makestuffmove.com\/fr\/produit\/make-stuff-grow-micro-greenhouse\/","og_locale":"fr_CA","og_type":"article","og_title":"Make Stuff Grow | Micro-Greenhouse","og_description":"Our Make Stuff Grow MicroGreenhouse focuses on both the materials and hardware used to build greenhouses, the techniques and methodology to build them, and how to grow microgreens.  The kit includes two (2) Make Stuff Grow Seeds and Soil Kits.\u00a0 Additional kits can be purchased to provide an opportunity for reuse to grow again with the greenhouse.  *NOTE - We currently cannot ship these kits outside of Canada with the Seed and Soil included due to customs regulations.\u00a0","og_url":"https:\/\/makestuffmove.com\/fr\/produit\/make-stuff-grow-micro-greenhouse\/","og_site_name":"Make Stuff Move","article_publisher":"http:\/\/facebook.com\/makestuffmove","article_modified_time":"2026-01-12T19:23:35+00:00","og_image":[{"width":1000,"height":1258,"url":"https:\/\/makestuffmove.com\/wp-content\/uploads\/2024\/09\/PXL_20241005_192932787.PORTRAIT2.jpg","type":"image\/jpeg"}],"twitter_card":"summary_large_image","twitter_misc":{"Price":"$70.00 CAD","Availability":"In stock"},"schema":{"@context":"https:\/\/schema.org","@graph":[{"@type":"WebPage","@id":"https:\/\/makestuffmove.com\/product\/make-stuff-grow-micro-greenhouse\/","url":"https:\/\/makestuffmove.com\/product\/make-stuff-grow-micro-greenhouse\/","name":"Make Stuff Grow | Micro-Greenhouse - Make Stuff Move","isPartOf":{"@id":"https:\/\/makestuffmove.com\/#website"},"primaryImageOfPage":{"@id":"https:\/\/makestuffmove.com\/product\/make-stuff-grow-micro-greenhouse\/#primaryimage"},"image":{"@id":"https:\/\/makestuffmove.com\/product\/make-stuff-grow-micro-greenhouse\/#primaryimage"},"thumbnailUrl":"https:\/\/makestuffmove.com\/wp-content\/uploads\/2024\/09\/PXL_20241005_192932787.PORTRAIT2.jpg","datePublished":"2024-10-01T02:27:03+00:00","dateModified":"2026-01-12T19:23:35+00:00","breadcrumb":{"@id":"https:\/\/makestuffmove.com\/product\/make-stuff-grow-micro-greenhouse\/#breadcrumb"},"inLanguage":"fr-CA","potentialAction":[{"@type":"ReadAction","target":["https:\/\/makestuffmove.com\/product\/make-stuff-grow-micro-greenhouse\/"]}]},{"@type":"ImageObject","inLanguage":"fr-CA","@id":"https:\/\/makestuffmove.com\/product\/make-stuff-grow-micro-greenhouse\/#primaryimage","url":"https:\/\/makestuffmove.com\/wp-content\/uploads\/2024\/09\/PXL_20241005_192932787.PORTRAIT2.jpg","contentUrl":"https:\/\/makestuffmove.com\/wp-content\/uploads\/2024\/09\/PXL_20241005_192932787.PORTRAIT2.jpg","width":1000,"height":1258},{"@type":"BreadcrumbList","@id":"https:\/\/makestuffmove.com\/product\/make-stuff-grow-micro-greenhouse\/#breadcrumb","itemListElement":[{"@type":"ListItem","position":1,"name":"Home","item":"https:\/\/makestuffmove.com\/"},{"@type":"ListItem","position":2,"name":"Shop","item":"https:\/\/makestuffmove.com\/shop\/"},{"@type":"ListItem","position":3,"name":"Make Stuff Grow | Micro-Greenhouse"}]},{"@type":"WebSite","@id":"https:\/\/makestuffmove.com\/#website","url":"https:\/\/makestuffmove.com\/","name":"Faire bouger les choses","description":"Enseignons les outils\u00a0!","publisher":{"@id":"https:\/\/makestuffmove.com\/#organization"},"potentialAction":[{"@type":"SearchAction","target":{"@type":"EntryPoint","urlTemplate":"https:\/\/makestuffmove.com\/?s={search_term_string}"},"query-input":{"@type":"PropertyValueSpecification","valueRequired":true,"valueName":"search_term_string"}}],"inLanguage":"fr-CA"},{"@type":"Organization","@id":"https:\/\/makestuffmove.com\/#organization","name":"Faire bouger les choses","url":"https:\/\/makestuffmove.com\/","logo":{"@type":"ImageObject","inLanguage":"fr-CA","@id":"https:\/\/makestuffmove.com\/#\/schema\/logo\/image\/","url":"","contentUrl":"","caption":"Make Stuff Move"},"image":{"@id":"https:\/\/makestuffmove.com\/#\/schema\/logo\/image\/"},"sameAs":["http:\/\/facebook.com\/makestuffmove","http:\/\/instagram.com\/makestuffmoveinc","https:\/\/www.youtube.com\/channel\/UC3QPj9vHLuaJhO5ROM6hKow"]}]},"product_price_amount":"70.00","product_price_currency":"CAD","og_availability":"instock","product_availability":"instock","product_condition":"new"},"jetpack_sharing_enabled":true,"_links":{"self":[{"href":"https:\/\/makestuffmove.com\/fr\/wp-json\/wp\/v2\/product\/6793","targetHints":{"allow":["GET"]}}],"collection":[{"href":"https:\/\/makestuffmove.com\/fr\/wp-json\/wp\/v2\/product"}],"about":[{"href":"https:\/\/makestuffmove.com\/fr\/wp-json\/wp\/v2\/types\/product"}],"wp:featuredmedia":[{"embeddable":true,"href":"https:\/\/makestuffmove.com\/fr\/wp-json\/wp\/v2\/media\/17395"}],"wp:attachment":[{"href":"https:\/\/makestuffmove.com\/fr\/wp-json\/wp\/v2\/media?parent=6793"}],"wp:term":[{"taxonomy":"product_brand","embeddable":true,"href":"https:\/\/makestuffmove.com\/fr\/wp-json\/wp\/v2\/product_brand?post=6793"},{"taxonomy":"product_cat","embeddable":true,"href":"https:\/\/makestuffmove.com\/fr\/wp-json\/wp\/v2\/product_cat?post=6793"},{"taxonomy":"product_tag","embeddable":true,"href":"https:\/\/makestuffmove.com\/fr\/wp-json\/wp\/v2\/product_tag?post=6793"}],"curies":[{"name":"wp","href":"https:\/\/api.w.org\/{rel}","templated":true}]}}