{"id":6363,"date":"2024-01-23T15:46:46","date_gmt":"2024-01-23T20:46:46","guid":{"rendered":"https:\/\/makestuffmove.com\/?post_type=product&#038;p=6363"},"modified":"2026-02-16T22:59:33","modified_gmt":"2026-02-17T03:59:33","slug":"mobile-maker-centre","status":"publish","type":"product","link":"https:\/\/makestuffmove.com\/fr\/produit\/mobile-maker-centre\/","title":{"rendered":"Centre de fabrication mobile"},"content":{"rendered":"<div>\n<h2>Qu&#039;y a-t-il dans le bac<\/h2>\n<ul>\n<li>\u00c9lectronique\n<ul>\n<li>5 ports Sock IO (compatibles Arduino UNO R3) avec carte d&#039;extension Animate *ou* carte d&#039;extension Micro:bit Animate<\/li>\n<li>5 x Servo Sock avec servo positionnable de 3,8 kg\/cm<\/li>\n<li>5 x Batteries externes USB<\/li>\n<li>5 capteurs sonores r\u00e9glables<\/li>\n<\/ul>\n<\/li>\n<li>C\u00e2bles\n<ul>\n<li>5 c\u00e2bles USB vers CC 5,5 \u00d7 2,1 mm<\/li>\n<li>5 c\u00e2bles USB-C<\/li>\n<li>5 c\u00e2bles d&#039;extension pour servomoteurs<\/li>\n<li>5 c\u00e2bles de connexion pour capteurs<\/li>\n<\/ul>\n<\/li>\n<li>Outils\n<ul>\n<li>5 tournevis multibits<\/li>\n<li>5 x Philips #0 bits<\/li>\n<li>5 x bits carr\u00e9s #1<\/li>\n<li>5 cl\u00e9s de 5\/16\u2033<\/li>\n<li>5 crayons<\/li>\n<li>5 r\u00e8gles<\/li>\n<\/ul>\n<\/li>\n<li>Pi\u00e8ces et quincaillerie\n<ul>\n<li>2 x Kit de quincaillerie pour salle de classe (vis \u00e0 bois, vis \u00e0 m\u00e9taux, \u00e9crous et fixations)<\/li>\n<li>5 pi\u00e8ces de construction (n\u00e9cessaires pour les cours)<\/li>\n<li>5 b\u00e2tonnets de bois (x5)<\/li>\n<li>5 socles en bois<\/li>\n<\/ul>\n<\/li>\n<li>5 guides de d\u00e9marrage rapide<\/li>\n<\/ul>\n<\/div>\n<h2>Pi\u00e8ces et le\u00e7ons incluses<\/h2>\n<div style=\"clear: both; width: 100%; float: none;\"><div class=\"build-block\"><a class=\"block-link\" href=\"https:\/\/makestuffmove.com\/fr\/build\/lesson-analog-meter-arduino\/\"><h4 class=\"build-title\">Arduino | Compteur analogique<\/h4><div class=\"build-info\"><div class=\"build-main-image\"><img decoding=\"async\" src=\"https:\/\/makestuffmove.com\/wp-content\/uploads\/2021\/01\/meter_01_final.png\"><\/div><div class=\"entry-content\">Les compteurs analogiques sont tout autour de nous !. Ils sont utilis\u00e9s pour repr\u00e9senter visuellement les mesures et les donn\u00e9es. Un o...<\/div><\/div><\/a><\/div> <div class=\"build-block\"><a class=\"block-link\" href=\"https:\/\/makestuffmove.com\/fr\/build\/lesson-inch-worm-arduino\/\"><h4 class=\"build-title\">Arduino | Ver de pouce<\/h4><div class=\"build-info\"><div class=\"build-main-image\"><img decoding=\"async\" src=\"https:\/\/makestuffmove.com\/wp-content\/uploads\/2021\/04\/inch-worm_step_final.png\"><\/div><div class=\"entry-content\">Les chenilles sont si simples dans leur mouvement que c&#039;est un d\u00e9fi amusant de construire et d&#039;animer leur ...<\/div><\/div><\/a><\/div> <div class=\"build-block\"><a class=\"block-link\" href=\"https:\/\/makestuffmove.com\/fr\/build\/lesson-flinger-drummer-arduino\/\"><h4 class=\"build-title\">Arduino | Batteur \u00e0 main<\/h4><div class=\"build-info\"><div class=\"build-main-image\"><img decoding=\"async\" src=\"https:\/\/makestuffmove.com\/wp-content\/uploads\/2021\/03\/flinger-drummer_step_12.png\"><\/div><div class=\"entry-content\">Cette version s&#039;av\u00e8re utile de deux mani\u00e8res; jeter des trucs et tambouriner sur des trucs. Le co global...<\/div><\/div><\/a><\/div><\/div>\n<div><\/div>\n<h2>Le tableau de contr\u00f4le<\/h2>\n<div>\n<p>Le contr\u00f4leur Sock IO compatible Arduino est associ\u00e9 \u00e0 notre carte d&#039;extension Animate Shield. La carte est pr\u00e9charg\u00e9e avec du code\u00a0: aucun ordinateur n&#039;est n\u00e9cessaire pour la mise en marche\u00a0! Elle dispose de 3 potentiom\u00e8tres, 2 boutons, de connexions faciles et d&#039;un pixel RGB. Cet ensemble fonctionne comme un contr\u00f4leur, vous permettant d&#039;enregistrer les mouvements de vos servomoteurs et de les reproduire en boucle pour animer vos cr\u00e9ations. Il permet \u00e9galement de connecter des capteurs (son, lumi\u00e8re, impulsions, etc.) pour animer des objets.<\/p>\n<div>\n<h2><\/h2>\n<\/div>\n<\/div>","protected":false},"excerpt":{"rendered":"<p>Notre nouveau Centre de cr\u00e9ation mobile est une version plus petite de notre Espace de cr\u00e9ation mobile. Il est conditionn\u00e9 dans un bac rouge et organis\u00e9 selon la m\u00eame approche de rangement facile que notre <a href=\"https:\/\/makestuffmove.com\/fr\/produit\/mobile-maker-space\/\">Espace cr\u00e9ateur de mobiles<\/a><\/p>\n<p><a href=\"https:\/\/makestuffmove.com\/fr\/mobile-maker-space-15-1\/\">CONSULTEZ LA PAGE DE BIENVENUE<\/a><\/p>\n<p>Nos kits de d\u00e9marrage sont parfaits pour tous ceux qui souhaitent s&#039;initier \u00e0 la robotique. Chaque bo\u00eete contient 5 kits, incluant tout le n\u00e9cessaire pour r\u00e9aliser de nombreux projets (voir ci-dessous), et permet de donner vie \u00e0 vos propres cr\u00e9ations\u00a0! Souvent utilis\u00e9s en bin\u00f4me.<\/p>\n<p><strong>*Comprend 5 de nos batteries externes.<\/strong><\/p>\n<p>Pour discuter de la disponibilit\u00e9 de notre prochain lot de production, veuillez <a href=\"https:\/\/makestuffmove.com\/fr\/contact-us\/\">Contactez-nous<\/a><\/p>\n<p>&nbsp;<\/p>","protected":false},"featured_media":6403,"template":"","meta":[],"product_brand":[],"product_cat":[20],"product_tag":[],"class_list":{"0":"post-6363","1":"product","2":"type-product","3":"status-publish","4":"has-post-thumbnail","6":"product_cat-kits","7":"product_shipping_class-maker-space","9":"first","10":"onbackorder","11":"taxable","12":"shipping-taxable","13":"purchasable","14":"product-type-variable"},"acf":[],"yoast_head":"<!-- This site is optimized with the Yoast SEO Premium plugin v26.7 (Yoast SEO v27.3) - https:\/\/yoast.com\/product\/yoast-seo-premium-wordpress\/ -->\n<title>Mobile Maker Centre - Make Stuff Move<\/title>\n<meta name=\"robots\" content=\"index, follow, max-snippet:-1, max-image-preview:large, max-video-preview:-1\" \/>\n<link rel=\"canonical\" href=\"https:\/\/makestuffmove.com\/fr\/produit\/mobile-maker-centre\/\" \/>\n<meta property=\"og:locale\" content=\"fr_CA\" \/>\n<meta property=\"og:type\" content=\"article\" \/>\n<meta property=\"og:title\" content=\"Mobile Maker Centre\" \/>\n<meta property=\"og:description\" content=\"Our new Mobile Maker Center is a smaller version of our Mobile Maker Space. It is packaged in a red bin and organized in the same easy-to-repack approach as our Mobile Maker Space  CHECK OUT THE WELCOME PAGE  Our start-up kits are the ideal kickstart for anyone who wants to pick up some tools and build with robotics.\u00a0 The bin comes packed with 5 start-up kits including everything needed to build multiple projects (listed below) and can be used to make your own stuff move! Often used with students working in pairs.  *Includes 5 of our power bank batteries.  To discuss stock\/availability of our next production batch, please contact us  &nbsp;\" \/>\n<meta property=\"og:url\" content=\"https:\/\/makestuffmove.com\/fr\/produit\/mobile-maker-centre\/\" \/>\n<meta property=\"og:site_name\" content=\"Make Stuff Move\" \/>\n<meta property=\"article:publisher\" content=\"http:\/\/facebook.com\/makestuffmove\" \/>\n<meta property=\"article:modified_time\" content=\"2026-02-17T03:59:33+00:00\" \/>\n<meta property=\"og:image\" content=\"https:\/\/makestuffmove.com\/wp-content\/uploads\/2024\/01\/mobile-maker-centre.jpg\" \/>\n\t<meta property=\"og:image:width\" content=\"1500\" \/>\n\t<meta property=\"og:image:height\" content=\"1500\" \/>\n\t<meta property=\"og:image:type\" content=\"image\/jpeg\" \/>\n<meta name=\"twitter:card\" content=\"summary_large_image\" \/>\n<meta name=\"twitter:label1\" content=\"Availability\" \/>\n\t<meta name=\"twitter:data1\" content=\"On backorder\" \/>\n<script type=\"application\/ld+json\" class=\"yoast-schema-graph\">{\"@context\":\"https:\\\/\\\/schema.org\",\"@graph\":[{\"@type\":\"WebPage\",\"@id\":\"https:\\\/\\\/makestuffmove.com\\\/product\\\/mobile-maker-centre\\\/\",\"url\":\"https:\\\/\\\/makestuffmove.com\\\/product\\\/mobile-maker-centre\\\/\",\"name\":\"Mobile Maker Centre - Make Stuff Move\",\"isPartOf\":{\"@id\":\"https:\\\/\\\/makestuffmove.com\\\/#website\"},\"primaryImageOfPage\":{\"@id\":\"https:\\\/\\\/makestuffmove.com\\\/product\\\/mobile-maker-centre\\\/#primaryimage\"},\"image\":{\"@id\":\"https:\\\/\\\/makestuffmove.com\\\/product\\\/mobile-maker-centre\\\/#primaryimage\"},\"thumbnailUrl\":\"https:\\\/\\\/makestuffmove.com\\\/wp-content\\\/uploads\\\/2024\\\/01\\\/mobile-maker-centre.jpg\",\"datePublished\":\"2024-01-23T20:46:46+00:00\",\"dateModified\":\"2026-02-17T03:59:33+00:00\",\"breadcrumb\":{\"@id\":\"https:\\\/\\\/makestuffmove.com\\\/product\\\/mobile-maker-centre\\\/#breadcrumb\"},\"inLanguage\":\"fr-CA\",\"potentialAction\":[{\"@type\":\"ReadAction\",\"target\":[\"https:\\\/\\\/makestuffmove.com\\\/product\\\/mobile-maker-centre\\\/\"]}]},{\"@type\":\"ImageObject\",\"inLanguage\":\"fr-CA\",\"@id\":\"https:\\\/\\\/makestuffmove.com\\\/product\\\/mobile-maker-centre\\\/#primaryimage\",\"url\":\"https:\\\/\\\/makestuffmove.com\\\/wp-content\\\/uploads\\\/2024\\\/01\\\/mobile-maker-centre.jpg\",\"contentUrl\":\"https:\\\/\\\/makestuffmove.com\\\/wp-content\\\/uploads\\\/2024\\\/01\\\/mobile-maker-centre.jpg\",\"width\":1500,\"height\":1500},{\"@type\":\"BreadcrumbList\",\"@id\":\"https:\\\/\\\/makestuffmove.com\\\/product\\\/mobile-maker-centre\\\/#breadcrumb\",\"itemListElement\":[{\"@type\":\"ListItem\",\"position\":1,\"name\":\"Home\",\"item\":\"https:\\\/\\\/makestuffmove.com\\\/\"},{\"@type\":\"ListItem\",\"position\":2,\"name\":\"Shop\",\"item\":\"https:\\\/\\\/makestuffmove.com\\\/shop\\\/\"},{\"@type\":\"ListItem\",\"position\":3,\"name\":\"Mobile Maker Centre\"}]},{\"@type\":\"WebSite\",\"@id\":\"https:\\\/\\\/makestuffmove.com\\\/#website\",\"url\":\"https:\\\/\\\/makestuffmove.com\\\/\",\"name\":\"Make Stuff Move\",\"description\":\"Let&#039;s Teach Tools!\",\"publisher\":{\"@id\":\"https:\\\/\\\/makestuffmove.com\\\/#organization\"},\"potentialAction\":[{\"@type\":\"SearchAction\",\"target\":{\"@type\":\"EntryPoint\",\"urlTemplate\":\"https:\\\/\\\/makestuffmove.com\\\/?s={search_term_string}\"},\"query-input\":{\"@type\":\"PropertyValueSpecification\",\"valueRequired\":true,\"valueName\":\"search_term_string\"}}],\"inLanguage\":\"fr-CA\"},{\"@type\":\"Organization\",\"@id\":\"https:\\\/\\\/makestuffmove.com\\\/#organization\",\"name\":\"Make Stuff Move\",\"url\":\"https:\\\/\\\/makestuffmove.com\\\/\",\"logo\":{\"@type\":\"ImageObject\",\"inLanguage\":\"fr-CA\",\"@id\":\"https:\\\/\\\/makestuffmove.com\\\/#\\\/schema\\\/logo\\\/image\\\/\",\"url\":\"\",\"contentUrl\":\"\",\"caption\":\"Make Stuff Move\"},\"image\":{\"@id\":\"https:\\\/\\\/makestuffmove.com\\\/#\\\/schema\\\/logo\\\/image\\\/\"},\"sameAs\":[\"http:\\\/\\\/facebook.com\\\/makestuffmove\",\"http:\\\/\\\/instagram.com\\\/makestuffmoveinc\",\"https:\\\/\\\/www.youtube.com\\\/channel\\\/UC3QPj9vHLuaJhO5ROM6hKow\"]}]}<\/script>\n<!-- \/ Yoast SEO Premium plugin. -->","yoast_head_json":{"title":"Mobile Maker Centre - Make Stuff Move","robots":{"index":"index","follow":"follow","max-snippet":"max-snippet:-1","max-image-preview":"max-image-preview:large","max-video-preview":"max-video-preview:-1"},"canonical":"https:\/\/makestuffmove.com\/fr\/produit\/mobile-maker-centre\/","og_locale":"fr_CA","og_type":"article","og_title":"Mobile Maker Centre","og_description":"Our new Mobile Maker Center is a smaller version of our Mobile Maker Space. It is packaged in a red bin and organized in the same easy-to-repack approach as our Mobile Maker Space  CHECK OUT THE WELCOME PAGE  Our start-up kits are the ideal kickstart for anyone who wants to pick up some tools and build with robotics.\u00a0 The bin comes packed with 5 start-up kits including everything needed to build multiple projects (listed below) and can be used to make your own stuff move! Often used with students working in pairs.  *Includes 5 of our power bank batteries.  To discuss stock\/availability of our next production batch, please contact us  &nbsp;","og_url":"https:\/\/makestuffmove.com\/fr\/produit\/mobile-maker-centre\/","og_site_name":"Make Stuff Move","article_publisher":"http:\/\/facebook.com\/makestuffmove","article_modified_time":"2026-02-17T03:59:33+00:00","og_image":[{"width":1500,"height":1500,"url":"https:\/\/makestuffmove.com\/wp-content\/uploads\/2024\/01\/mobile-maker-centre.jpg","type":"image\/jpeg"}],"twitter_card":"summary_large_image","twitter_misc":{"Availability":"On backorder"},"schema":{"@context":"https:\/\/schema.org","@graph":[{"@type":"WebPage","@id":"https:\/\/makestuffmove.com\/product\/mobile-maker-centre\/","url":"https:\/\/makestuffmove.com\/product\/mobile-maker-centre\/","name":"Mobile Maker Centre - Make Stuff Move","isPartOf":{"@id":"https:\/\/makestuffmove.com\/#website"},"primaryImageOfPage":{"@id":"https:\/\/makestuffmove.com\/product\/mobile-maker-centre\/#primaryimage"},"image":{"@id":"https:\/\/makestuffmove.com\/product\/mobile-maker-centre\/#primaryimage"},"thumbnailUrl":"https:\/\/makestuffmove.com\/wp-content\/uploads\/2024\/01\/mobile-maker-centre.jpg","datePublished":"2024-01-23T20:46:46+00:00","dateModified":"2026-02-17T03:59:33+00:00","breadcrumb":{"@id":"https:\/\/makestuffmove.com\/product\/mobile-maker-centre\/#breadcrumb"},"inLanguage":"fr-CA","potentialAction":[{"@type":"ReadAction","target":["https:\/\/makestuffmove.com\/product\/mobile-maker-centre\/"]}]},{"@type":"ImageObject","inLanguage":"fr-CA","@id":"https:\/\/makestuffmove.com\/product\/mobile-maker-centre\/#primaryimage","url":"https:\/\/makestuffmove.com\/wp-content\/uploads\/2024\/01\/mobile-maker-centre.jpg","contentUrl":"https:\/\/makestuffmove.com\/wp-content\/uploads\/2024\/01\/mobile-maker-centre.jpg","width":1500,"height":1500},{"@type":"BreadcrumbList","@id":"https:\/\/makestuffmove.com\/product\/mobile-maker-centre\/#breadcrumb","itemListElement":[{"@type":"ListItem","position":1,"name":"Home","item":"https:\/\/makestuffmove.com\/"},{"@type":"ListItem","position":2,"name":"Shop","item":"https:\/\/makestuffmove.com\/shop\/"},{"@type":"ListItem","position":3,"name":"Mobile Maker Centre"}]},{"@type":"WebSite","@id":"https:\/\/makestuffmove.com\/#website","url":"https:\/\/makestuffmove.com\/","name":"Faire bouger les choses","description":"Enseignons les outils\u00a0!","publisher":{"@id":"https:\/\/makestuffmove.com\/#organization"},"potentialAction":[{"@type":"SearchAction","target":{"@type":"EntryPoint","urlTemplate":"https:\/\/makestuffmove.com\/?s={search_term_string}"},"query-input":{"@type":"PropertyValueSpecification","valueRequired":true,"valueName":"search_term_string"}}],"inLanguage":"fr-CA"},{"@type":"Organization","@id":"https:\/\/makestuffmove.com\/#organization","name":"Faire bouger les choses","url":"https:\/\/makestuffmove.com\/","logo":{"@type":"ImageObject","inLanguage":"fr-CA","@id":"https:\/\/makestuffmove.com\/#\/schema\/logo\/image\/","url":"","contentUrl":"","caption":"Make Stuff Move"},"image":{"@id":"https:\/\/makestuffmove.com\/#\/schema\/logo\/image\/"},"sameAs":["http:\/\/facebook.com\/makestuffmove","http:\/\/instagram.com\/makestuffmoveinc","https:\/\/www.youtube.com\/channel\/UC3QPj9vHLuaJhO5ROM6hKow"]}]}},"jetpack_sharing_enabled":true,"_links":{"self":[{"href":"https:\/\/makestuffmove.com\/fr\/wp-json\/wp\/v2\/product\/6363","targetHints":{"allow":["GET"]}}],"collection":[{"href":"https:\/\/makestuffmove.com\/fr\/wp-json\/wp\/v2\/product"}],"about":[{"href":"https:\/\/makestuffmove.com\/fr\/wp-json\/wp\/v2\/types\/product"}],"wp:featuredmedia":[{"embeddable":true,"href":"https:\/\/makestuffmove.com\/fr\/wp-json\/wp\/v2\/media\/6403"}],"wp:attachment":[{"href":"https:\/\/makestuffmove.com\/fr\/wp-json\/wp\/v2\/media?parent=6363"}],"wp:term":[{"taxonomy":"product_brand","embeddable":true,"href":"https:\/\/makestuffmove.com\/fr\/wp-json\/wp\/v2\/product_brand?post=6363"},{"taxonomy":"product_cat","embeddable":true,"href":"https:\/\/makestuffmove.com\/fr\/wp-json\/wp\/v2\/product_cat?post=6363"},{"taxonomy":"product_tag","embeddable":true,"href":"https:\/\/makestuffmove.com\/fr\/wp-json\/wp\/v2\/product_tag?post=6363"}],"curies":[{"name":"wp","href":"https:\/\/api.w.org\/{rel}","templated":true}]}}