{"id":5719,"date":"2022-08-23T22:16:17","date_gmt":"2022-08-24T02:16:17","guid":{"rendered":"https:\/\/makestuffmove.com\/?post_type=product&#038;p=5719"},"modified":"2025-11-07T13:09:49","modified_gmt":"2025-11-07T18:09:49","slug":"sock-io-animate-shield-kit","status":"publish","type":"product","link":"https:\/\/makestuffmove.com\/fr\/produit\/sock-io-animate-shield-kit\/","title":{"rendered":"Chaussette IO + Animate Shield Kit"},"content":{"rendered":"<div>\n<h2>Comprend<\/h2>\n<ul>\n<li>1 x E\/S Arduino Sock avec Animate Shield<\/li>\n<li>1 capteur | Son<\/li>\n<li>2 x connexion | Homme \u00e0 femme<\/li>\n<li>1 x connexion | M\u00e2le \u00e0 m\u00e2le<\/li>\n<li>1 x prise USB vers CC 30 cm<\/li>\n<li>1 x c\u00e2ble USB-C pour la programmation<\/li>\n<\/ul>\n<\/div>\n<div>\n<h2>Caract\u00e9ristiques<\/h2>\n<ul>\n<li>Carte de contr\u00f4le compatible Arduino UNO avec des broches d&#039;en-t\u00eate faciles pour connecter des servos et des capteurs. Il fournit \u00e9galement 2 amp\u00e8res aux broches d&#039;alimentation, ce qui repr\u00e9sente beaucoup de courant.<\/li>\n<li>Le bouclier Animate avec 3 boutons, 2 boutons, un pixel LED RVB et un r\u00e9gulateur de tension convertissant 5-12 V en 5 V pour alimenter les servos et les capteurs.<\/li>\n<li>Avec le code inclus, vous pouvez animer vos builds sans avoir besoin d&#039;un ordinateur tout de suite<\/li>\n<\/ul>\n<\/div>","protected":false},"excerpt":{"rendered":"<p>Ces kits de contr\u00f4le anim\u00e9s comprennent le m\u00eame tube de choses que nous incluons dans nos kits. Il est livr\u00e9 avec notre contr\u00f4leur compatible Sock I\\O Arduino, un bouclier anim\u00e9, un capteur de son et des c\u00e2bles. Le Sock I\\O est pr\u00e9programm\u00e9 avec un code pour ex\u00e9cuter et enregistrer imm\u00e9diatement le mouvement du servo !<\/p>","protected":false},"featured_media":5723,"template":"","meta":[],"product_brand":[],"product_cat":[20],"product_tag":[],"class_list":{"0":"post-5719","1":"product","2":"type-product","3":"status-publish","4":"has-post-thumbnail","6":"product_cat-kits","8":"first","9":"instock","10":"taxable","11":"shipping-taxable","12":"purchasable","13":"product-type-simple"},"acf":[],"yoast_head":"<!-- This site is optimized with the Yoast SEO Premium plugin v26.7 (Yoast SEO v27.3) - https:\/\/yoast.com\/product\/yoast-seo-premium-wordpress\/ -->\n<title>Sock IO + Animate Shield Kit - Make Stuff Move<\/title>\n<meta name=\"robots\" content=\"index, follow, max-snippet:-1, max-image-preview:large, max-video-preview:-1\" \/>\n<link rel=\"canonical\" href=\"https:\/\/makestuffmove.com\/fr\/produit\/sock-io-animate-shield-kit\/\" \/>\n<meta property=\"og:locale\" content=\"fr_CA\" \/>\n<meta property=\"og:type\" content=\"article\" \/>\n<meta property=\"og:title\" content=\"Sock IO + Animate Shield Kit\" \/>\n<meta property=\"og:description\" content=\"This animate control kits includes the same tube of stuff we include in our kits. It comes with our Sock IO Arduino Compatible controller, animate shield, a sound sensor and cables. The Sock IO comes pre-programmed with code to run and record servo movement right away!\" \/>\n<meta property=\"og:url\" content=\"https:\/\/makestuffmove.com\/fr\/produit\/sock-io-animate-shield-kit\/\" \/>\n<meta property=\"og:site_name\" content=\"Make Stuff Move\" \/>\n<meta property=\"article:publisher\" content=\"http:\/\/facebook.com\/makestuffmove\" \/>\n<meta property=\"article:modified_time\" content=\"2025-11-07T18:09:49+00:00\" \/>\n<meta property=\"og:image\" content=\"https:\/\/makestuffmove.com\/wp-content\/uploads\/2022\/08\/make-stuff-move_product_020.jpg\" \/>\n\t<meta property=\"og:image:width\" content=\"1500\" \/>\n\t<meta property=\"og:image:height\" content=\"1500\" \/>\n\t<meta property=\"og:image:type\" content=\"image\/jpeg\" \/>\n<meta name=\"twitter:card\" content=\"summary_large_image\" \/>\n<meta name=\"twitter:label1\" content=\"Price\" \/>\n\t<meta name=\"twitter:data1\" content=\"$50.00 CAD\" \/>\n\t<meta name=\"twitter:label2\" content=\"Availability\" \/>\n\t<meta name=\"twitter:data2\" content=\"In stock\" \/>\n<script type=\"application\/ld+json\" class=\"yoast-schema-graph\">{\"@context\":\"https:\\\/\\\/schema.org\",\"@graph\":[{\"@type\":\"WebPage\",\"@id\":\"https:\\\/\\\/makestuffmove.com\\\/product\\\/sock-io-animate-shield-kit\\\/\",\"url\":\"https:\\\/\\\/makestuffmove.com\\\/product\\\/sock-io-animate-shield-kit\\\/\",\"name\":\"Sock IO + Animate Shield Kit - Make Stuff Move\",\"isPartOf\":{\"@id\":\"https:\\\/\\\/makestuffmove.com\\\/#website\"},\"primaryImageOfPage\":{\"@id\":\"https:\\\/\\\/makestuffmove.com\\\/product\\\/sock-io-animate-shield-kit\\\/#primaryimage\"},\"image\":{\"@id\":\"https:\\\/\\\/makestuffmove.com\\\/product\\\/sock-io-animate-shield-kit\\\/#primaryimage\"},\"thumbnailUrl\":\"https:\\\/\\\/makestuffmove.com\\\/wp-content\\\/uploads\\\/2022\\\/08\\\/make-stuff-move_product_020.jpg\",\"datePublished\":\"2022-08-24T02:16:17+00:00\",\"dateModified\":\"2025-11-07T18:09:49+00:00\",\"breadcrumb\":{\"@id\":\"https:\\\/\\\/makestuffmove.com\\\/product\\\/sock-io-animate-shield-kit\\\/#breadcrumb\"},\"inLanguage\":\"fr-CA\",\"potentialAction\":[{\"@type\":\"ReadAction\",\"target\":[\"https:\\\/\\\/makestuffmove.com\\\/product\\\/sock-io-animate-shield-kit\\\/\"]}]},{\"@type\":\"ImageObject\",\"inLanguage\":\"fr-CA\",\"@id\":\"https:\\\/\\\/makestuffmove.com\\\/product\\\/sock-io-animate-shield-kit\\\/#primaryimage\",\"url\":\"https:\\\/\\\/makestuffmove.com\\\/wp-content\\\/uploads\\\/2022\\\/08\\\/make-stuff-move_product_020.jpg\",\"contentUrl\":\"https:\\\/\\\/makestuffmove.com\\\/wp-content\\\/uploads\\\/2022\\\/08\\\/make-stuff-move_product_020.jpg\",\"width\":1500,\"height\":1500},{\"@type\":\"BreadcrumbList\",\"@id\":\"https:\\\/\\\/makestuffmove.com\\\/product\\\/sock-io-animate-shield-kit\\\/#breadcrumb\",\"itemListElement\":[{\"@type\":\"ListItem\",\"position\":1,\"name\":\"Home\",\"item\":\"https:\\\/\\\/makestuffmove.com\\\/\"},{\"@type\":\"ListItem\",\"position\":2,\"name\":\"Shop\",\"item\":\"https:\\\/\\\/makestuffmove.com\\\/shop\\\/\"},{\"@type\":\"ListItem\",\"position\":3,\"name\":\"Sock IO + Animate Shield Kit\"}]},{\"@type\":\"WebSite\",\"@id\":\"https:\\\/\\\/makestuffmove.com\\\/#website\",\"url\":\"https:\\\/\\\/makestuffmove.com\\\/\",\"name\":\"Make Stuff Move\",\"description\":\"Let&#039;s Teach Tools!\",\"publisher\":{\"@id\":\"https:\\\/\\\/makestuffmove.com\\\/#organization\"},\"potentialAction\":[{\"@type\":\"SearchAction\",\"target\":{\"@type\":\"EntryPoint\",\"urlTemplate\":\"https:\\\/\\\/makestuffmove.com\\\/?s={search_term_string}\"},\"query-input\":{\"@type\":\"PropertyValueSpecification\",\"valueRequired\":true,\"valueName\":\"search_term_string\"}}],\"inLanguage\":\"fr-CA\"},{\"@type\":\"Organization\",\"@id\":\"https:\\\/\\\/makestuffmove.com\\\/#organization\",\"name\":\"Make Stuff Move\",\"url\":\"https:\\\/\\\/makestuffmove.com\\\/\",\"logo\":{\"@type\":\"ImageObject\",\"inLanguage\":\"fr-CA\",\"@id\":\"https:\\\/\\\/makestuffmove.com\\\/#\\\/schema\\\/logo\\\/image\\\/\",\"url\":\"\",\"contentUrl\":\"\",\"caption\":\"Make Stuff Move\"},\"image\":{\"@id\":\"https:\\\/\\\/makestuffmove.com\\\/#\\\/schema\\\/logo\\\/image\\\/\"},\"sameAs\":[\"http:\\\/\\\/facebook.com\\\/makestuffmove\",\"http:\\\/\\\/instagram.com\\\/makestuffmoveinc\",\"https:\\\/\\\/www.youtube.com\\\/channel\\\/UC3QPj9vHLuaJhO5ROM6hKow\"]}]}<\/script>\n<meta property=\"product:price:amount\" content=\"50.00\" \/>\n<meta property=\"product:price:currency\" content=\"CAD\" \/>\n<meta property=\"og:availability\" content=\"instock\" \/>\n<meta property=\"product:availability\" content=\"instock\" \/>\n<meta property=\"product:retailer_item_id\" content=\"MSM-ELEC-001\" \/>\n<meta property=\"product:condition\" content=\"new\" \/>\n<!-- \/ Yoast SEO Premium plugin. -->","yoast_head_json":{"title":"Sock IO + Animate Shield Kit - Make Stuff Move","robots":{"index":"index","follow":"follow","max-snippet":"max-snippet:-1","max-image-preview":"max-image-preview:large","max-video-preview":"max-video-preview:-1"},"canonical":"https:\/\/makestuffmove.com\/fr\/produit\/sock-io-animate-shield-kit\/","og_locale":"fr_CA","og_type":"article","og_title":"Sock IO + Animate Shield Kit","og_description":"This animate control kits includes the same tube of stuff we include in our kits. It comes with our Sock IO Arduino Compatible controller, animate shield, a sound sensor and cables. The Sock IO comes pre-programmed with code to run and record servo movement right away!","og_url":"https:\/\/makestuffmove.com\/fr\/produit\/sock-io-animate-shield-kit\/","og_site_name":"Make Stuff Move","article_publisher":"http:\/\/facebook.com\/makestuffmove","article_modified_time":"2025-11-07T18:09:49+00:00","og_image":[{"width":1500,"height":1500,"url":"https:\/\/makestuffmove.com\/wp-content\/uploads\/2022\/08\/make-stuff-move_product_020.jpg","type":"image\/jpeg"}],"twitter_card":"summary_large_image","twitter_misc":{"Price":"$50.00 CAD","Availability":"In stock"},"schema":{"@context":"https:\/\/schema.org","@graph":[{"@type":"WebPage","@id":"https:\/\/makestuffmove.com\/product\/sock-io-animate-shield-kit\/","url":"https:\/\/makestuffmove.com\/product\/sock-io-animate-shield-kit\/","name":"Sock IO + Animate Shield Kit - Make Stuff Move","isPartOf":{"@id":"https:\/\/makestuffmove.com\/#website"},"primaryImageOfPage":{"@id":"https:\/\/makestuffmove.com\/product\/sock-io-animate-shield-kit\/#primaryimage"},"image":{"@id":"https:\/\/makestuffmove.com\/product\/sock-io-animate-shield-kit\/#primaryimage"},"thumbnailUrl":"https:\/\/makestuffmove.com\/wp-content\/uploads\/2022\/08\/make-stuff-move_product_020.jpg","datePublished":"2022-08-24T02:16:17+00:00","dateModified":"2025-11-07T18:09:49+00:00","breadcrumb":{"@id":"https:\/\/makestuffmove.com\/product\/sock-io-animate-shield-kit\/#breadcrumb"},"inLanguage":"fr-CA","potentialAction":[{"@type":"ReadAction","target":["https:\/\/makestuffmove.com\/product\/sock-io-animate-shield-kit\/"]}]},{"@type":"ImageObject","inLanguage":"fr-CA","@id":"https:\/\/makestuffmove.com\/product\/sock-io-animate-shield-kit\/#primaryimage","url":"https:\/\/makestuffmove.com\/wp-content\/uploads\/2022\/08\/make-stuff-move_product_020.jpg","contentUrl":"https:\/\/makestuffmove.com\/wp-content\/uploads\/2022\/08\/make-stuff-move_product_020.jpg","width":1500,"height":1500},{"@type":"BreadcrumbList","@id":"https:\/\/makestuffmove.com\/product\/sock-io-animate-shield-kit\/#breadcrumb","itemListElement":[{"@type":"ListItem","position":1,"name":"Home","item":"https:\/\/makestuffmove.com\/"},{"@type":"ListItem","position":2,"name":"Shop","item":"https:\/\/makestuffmove.com\/shop\/"},{"@type":"ListItem","position":3,"name":"Sock IO + Animate Shield Kit"}]},{"@type":"WebSite","@id":"https:\/\/makestuffmove.com\/#website","url":"https:\/\/makestuffmove.com\/","name":"Faire bouger les choses","description":"Enseignons les outils\u00a0!","publisher":{"@id":"https:\/\/makestuffmove.com\/#organization"},"potentialAction":[{"@type":"SearchAction","target":{"@type":"EntryPoint","urlTemplate":"https:\/\/makestuffmove.com\/?s={search_term_string}"},"query-input":{"@type":"PropertyValueSpecification","valueRequired":true,"valueName":"search_term_string"}}],"inLanguage":"fr-CA"},{"@type":"Organization","@id":"https:\/\/makestuffmove.com\/#organization","name":"Faire bouger les choses","url":"https:\/\/makestuffmove.com\/","logo":{"@type":"ImageObject","inLanguage":"fr-CA","@id":"https:\/\/makestuffmove.com\/#\/schema\/logo\/image\/","url":"","contentUrl":"","caption":"Make Stuff Move"},"image":{"@id":"https:\/\/makestuffmove.com\/#\/schema\/logo\/image\/"},"sameAs":["http:\/\/facebook.com\/makestuffmove","http:\/\/instagram.com\/makestuffmoveinc","https:\/\/www.youtube.com\/channel\/UC3QPj9vHLuaJhO5ROM6hKow"]}]},"product_price_amount":"50.00","product_price_currency":"CAD","og_availability":"instock","product_availability":"instock","product_retailer_item_id":"MSM-ELEC-001","product_condition":"new"},"jetpack_sharing_enabled":true,"_links":{"self":[{"href":"https:\/\/makestuffmove.com\/fr\/wp-json\/wp\/v2\/product\/5719","targetHints":{"allow":["GET"]}}],"collection":[{"href":"https:\/\/makestuffmove.com\/fr\/wp-json\/wp\/v2\/product"}],"about":[{"href":"https:\/\/makestuffmove.com\/fr\/wp-json\/wp\/v2\/types\/product"}],"wp:featuredmedia":[{"embeddable":true,"href":"https:\/\/makestuffmove.com\/fr\/wp-json\/wp\/v2\/media\/5723"}],"wp:attachment":[{"href":"https:\/\/makestuffmove.com\/fr\/wp-json\/wp\/v2\/media?parent=5719"}],"wp:term":[{"taxonomy":"product_brand","embeddable":true,"href":"https:\/\/makestuffmove.com\/fr\/wp-json\/wp\/v2\/product_brand?post=5719"},{"taxonomy":"product_cat","embeddable":true,"href":"https:\/\/makestuffmove.com\/fr\/wp-json\/wp\/v2\/product_cat?post=5719"},{"taxonomy":"product_tag","embeddable":true,"href":"https:\/\/makestuffmove.com\/fr\/wp-json\/wp\/v2\/product_tag?post=5719"}],"curies":[{"name":"wp","href":"https:\/\/api.w.org\/{rel}","templated":true}]}}