{"id":5713,"date":"2022-08-23T21:53:34","date_gmt":"2022-08-24T01:53:34","guid":{"rendered":"https:\/\/makestuffmove.com\/?post_type=product&#038;p=5713"},"modified":"2025-12-12T21:13:35","modified_gmt":"2025-12-13T02:13:35","slug":"wooden-usb-power-bank-2200mah","status":"publish","type":"product","link":"https:\/\/makestuffmove.com\/fr\/produit\/wooden-usb-power-bank-2200mah\/","title":{"rendered":"Banque d&#039;alimentation USB en bois - 2200mAh"},"content":{"rendered":"<div>\n<h2>Comprend<\/h2>\n<ul>\n<li>1x Batterie USB - 2200mah<\/li>\n<li>1 x c\u00e2ble de charge micro USB<\/li>\n<\/ul>\n<\/div>\n<div>\n<h2>Caract\u00e9ristiques<\/h2>\n<ul>\n<li>V\u00e9rification facile de l&#039;\u00e9tat de charge. Appuyez sur le bouton pour voir la charge restante.<\/li>\n<li>Auto-on lorsque l&#039;appareil est connect\u00e9. Veille automatique en cas de d\u00e9connexion.<\/li>\n<li>Courant de charge \u00e0 adaptation automatique pour prendre en charge une vari\u00e9t\u00e9 d&#039;appareils et optimiser le temps de charge<\/li>\n<li>Une torche LED pratique qui peut \u00eatre allum\u00e9e et \u00e9teinte en appuyant sur le bouton d&#039;\u00e9tat.<\/li>\n<\/ul>\n<\/div>\n<div>\n<h2>S\u00e9curit\u00e9<\/h2>\n<ul>\n<li>Protection contre les surintensit\u00e9s et les surtensions en sortie<\/li>\n<li>Protection contre les surintensit\u00e9s et les surtensions d&#039;entr\u00e9e<\/li>\n<li>Arr\u00eat haute temp\u00e9rature<\/li>\n<li>Protection de court circuit<\/li>\n<li>Protection contre les d\u00e9charges \u00e9lectrostatiques (ESD)<\/li>\n<\/ul>\n<\/div>","protected":false},"excerpt":{"rendered":"<p>Alimentez vos petites chaussettes de projets (2-3) avec notre alimentation 5v en bois 2200mah. Dot\u00e9 d&#039;une coque ext\u00e9rieure en bois d&#039;\u00e9rable lisse certifi\u00e9 FSC\u00ae et d&#039;une torche LED int\u00e9gr\u00e9e. Cette alimentation est une banque d&#039;alimentation standard, elle est donc \u00e9galement utile pour alimenter et charger vos appareils\u00a0!<\/p>","protected":false},"featured_media":6200,"template":"","meta":[],"product_brand":[],"product_cat":[21],"product_tag":[],"class_list":{"0":"post-5713","1":"product","2":"type-product","3":"status-publish","4":"has-post-thumbnail","6":"product_cat-parts","8":"first","9":"instock","10":"taxable","11":"shipping-taxable","12":"purchasable","13":"product-type-simple"},"acf":[],"yoast_head":"<!-- This site is optimized with the Yoast SEO Premium plugin v26.7 (Yoast SEO v27.3) - https:\/\/yoast.com\/product\/yoast-seo-premium-wordpress\/ -->\n<title>Wooden USB Power Bank - 2200mAh - Make Stuff Move<\/title>\n<meta name=\"robots\" content=\"index, follow, max-snippet:-1, max-image-preview:large, max-video-preview:-1\" \/>\n<link rel=\"canonical\" href=\"https:\/\/makestuffmove.com\/fr\/produit\/wooden-usb-power-bank-2200mah\/\" \/>\n<meta property=\"og:locale\" content=\"fr_CA\" \/>\n<meta property=\"og:type\" content=\"article\" \/>\n<meta property=\"og:title\" content=\"Wooden USB Power Bank - 2200mAh\" \/>\n<meta property=\"og:description\" content=\"Power up your smaller projects (2-3) socks with our 2200mah wooden 5v power supply. Featuring an outer-shell made from a smooth FSC\u00ae Certified Maple wood and an inbuilt LED Torch. This power supply is a standard power bank so it is useful for powering and charging your devices as well!\" \/>\n<meta property=\"og:url\" content=\"https:\/\/makestuffmove.com\/fr\/produit\/wooden-usb-power-bank-2200mah\/\" \/>\n<meta property=\"og:site_name\" content=\"Make Stuff Move\" \/>\n<meta property=\"article:publisher\" content=\"http:\/\/facebook.com\/makestuffmove\" \/>\n<meta property=\"article:modified_time\" content=\"2025-12-13T02:13:35+00:00\" \/>\n<meta property=\"og:image\" content=\"https:\/\/makestuffmove.com\/wp-content\/uploads\/2022\/08\/make-stuff-move_product_032-1.jpg\" \/>\n\t<meta property=\"og:image:width\" content=\"1186\" \/>\n\t<meta property=\"og:image:height\" content=\"1186\" \/>\n\t<meta property=\"og:image:type\" content=\"image\/jpeg\" \/>\n<meta name=\"twitter:card\" content=\"summary_large_image\" \/>\n<meta name=\"twitter:label1\" content=\"Price\" \/>\n\t<meta name=\"twitter:data1\" content=\"$25.00 CAD\" \/>\n\t<meta name=\"twitter:label2\" content=\"Availability\" \/>\n\t<meta name=\"twitter:data2\" content=\"In stock\" \/>\n<script type=\"application\/ld+json\" class=\"yoast-schema-graph\">{\"@context\":\"https:\\\/\\\/schema.org\",\"@graph\":[{\"@type\":\"WebPage\",\"@id\":\"https:\\\/\\\/makestuffmove.com\\\/product\\\/wooden-usb-power-bank-2200mah\\\/\",\"url\":\"https:\\\/\\\/makestuffmove.com\\\/product\\\/wooden-usb-power-bank-2200mah\\\/\",\"name\":\"Wooden USB Power Bank - 2200mAh - Make Stuff Move\",\"isPartOf\":{\"@id\":\"https:\\\/\\\/makestuffmove.com\\\/#website\"},\"primaryImageOfPage\":{\"@id\":\"https:\\\/\\\/makestuffmove.com\\\/product\\\/wooden-usb-power-bank-2200mah\\\/#primaryimage\"},\"image\":{\"@id\":\"https:\\\/\\\/makestuffmove.com\\\/product\\\/wooden-usb-power-bank-2200mah\\\/#primaryimage\"},\"thumbnailUrl\":\"https:\\\/\\\/makestuffmove.com\\\/wp-content\\\/uploads\\\/2022\\\/08\\\/make-stuff-move_product_032-1.jpg\",\"datePublished\":\"2022-08-24T01:53:34+00:00\",\"dateModified\":\"2025-12-13T02:13:35+00:00\",\"breadcrumb\":{\"@id\":\"https:\\\/\\\/makestuffmove.com\\\/product\\\/wooden-usb-power-bank-2200mah\\\/#breadcrumb\"},\"inLanguage\":\"fr-CA\",\"potentialAction\":[{\"@type\":\"ReadAction\",\"target\":[\"https:\\\/\\\/makestuffmove.com\\\/product\\\/wooden-usb-power-bank-2200mah\\\/\"]}]},{\"@type\":\"ImageObject\",\"inLanguage\":\"fr-CA\",\"@id\":\"https:\\\/\\\/makestuffmove.com\\\/product\\\/wooden-usb-power-bank-2200mah\\\/#primaryimage\",\"url\":\"https:\\\/\\\/makestuffmove.com\\\/wp-content\\\/uploads\\\/2022\\\/08\\\/make-stuff-move_product_032-1.jpg\",\"contentUrl\":\"https:\\\/\\\/makestuffmove.com\\\/wp-content\\\/uploads\\\/2022\\\/08\\\/make-stuff-move_product_032-1.jpg\",\"width\":1186,\"height\":1186},{\"@type\":\"BreadcrumbList\",\"@id\":\"https:\\\/\\\/makestuffmove.com\\\/product\\\/wooden-usb-power-bank-2200mah\\\/#breadcrumb\",\"itemListElement\":[{\"@type\":\"ListItem\",\"position\":1,\"name\":\"Home\",\"item\":\"https:\\\/\\\/makestuffmove.com\\\/\"},{\"@type\":\"ListItem\",\"position\":2,\"name\":\"Shop\",\"item\":\"https:\\\/\\\/makestuffmove.com\\\/shop\\\/\"},{\"@type\":\"ListItem\",\"position\":3,\"name\":\"Wooden USB Power Bank &#8211; 2200mAh\"}]},{\"@type\":\"WebSite\",\"@id\":\"https:\\\/\\\/makestuffmove.com\\\/#website\",\"url\":\"https:\\\/\\\/makestuffmove.com\\\/\",\"name\":\"Make Stuff Move\",\"description\":\"Let&#039;s Teach Tools!\",\"publisher\":{\"@id\":\"https:\\\/\\\/makestuffmove.com\\\/#organization\"},\"potentialAction\":[{\"@type\":\"SearchAction\",\"target\":{\"@type\":\"EntryPoint\",\"urlTemplate\":\"https:\\\/\\\/makestuffmove.com\\\/?s={search_term_string}\"},\"query-input\":{\"@type\":\"PropertyValueSpecification\",\"valueRequired\":true,\"valueName\":\"search_term_string\"}}],\"inLanguage\":\"fr-CA\"},{\"@type\":\"Organization\",\"@id\":\"https:\\\/\\\/makestuffmove.com\\\/#organization\",\"name\":\"Make Stuff Move\",\"url\":\"https:\\\/\\\/makestuffmove.com\\\/\",\"logo\":{\"@type\":\"ImageObject\",\"inLanguage\":\"fr-CA\",\"@id\":\"https:\\\/\\\/makestuffmove.com\\\/#\\\/schema\\\/logo\\\/image\\\/\",\"url\":\"\",\"contentUrl\":\"\",\"caption\":\"Make Stuff Move\"},\"image\":{\"@id\":\"https:\\\/\\\/makestuffmove.com\\\/#\\\/schema\\\/logo\\\/image\\\/\"},\"sameAs\":[\"http:\\\/\\\/facebook.com\\\/makestuffmove\",\"http:\\\/\\\/instagram.com\\\/makestuffmoveinc\",\"https:\\\/\\\/www.youtube.com\\\/channel\\\/UC3QPj9vHLuaJhO5ROM6hKow\"]}]}<\/script>\n<meta property=\"product:price:amount\" content=\"25.00\" \/>\n<meta property=\"product:price:currency\" content=\"CAD\" \/>\n<meta property=\"og:availability\" content=\"instock\" \/>\n<meta property=\"product:availability\" content=\"instock\" \/>\n<meta property=\"product:retailer_item_id\" content=\"MSM-POWR-001\" \/>\n<meta property=\"product:condition\" content=\"new\" \/>\n<!-- \/ Yoast SEO Premium plugin. -->","yoast_head_json":{"title":"Wooden USB Power Bank - 2200mAh - Make Stuff Move","robots":{"index":"index","follow":"follow","max-snippet":"max-snippet:-1","max-image-preview":"max-image-preview:large","max-video-preview":"max-video-preview:-1"},"canonical":"https:\/\/makestuffmove.com\/fr\/produit\/wooden-usb-power-bank-2200mah\/","og_locale":"fr_CA","og_type":"article","og_title":"Wooden USB Power Bank - 2200mAh","og_description":"Power up your smaller projects (2-3) socks with our 2200mah wooden 5v power supply. Featuring an outer-shell made from a smooth FSC\u00ae Certified Maple wood and an inbuilt LED Torch. This power supply is a standard power bank so it is useful for powering and charging your devices as well!","og_url":"https:\/\/makestuffmove.com\/fr\/produit\/wooden-usb-power-bank-2200mah\/","og_site_name":"Make Stuff Move","article_publisher":"http:\/\/facebook.com\/makestuffmove","article_modified_time":"2025-12-13T02:13:35+00:00","og_image":[{"width":1186,"height":1186,"url":"https:\/\/makestuffmove.com\/wp-content\/uploads\/2022\/08\/make-stuff-move_product_032-1.jpg","type":"image\/jpeg"}],"twitter_card":"summary_large_image","twitter_misc":{"Price":"$25.00 CAD","Availability":"In stock"},"schema":{"@context":"https:\/\/schema.org","@graph":[{"@type":"WebPage","@id":"https:\/\/makestuffmove.com\/product\/wooden-usb-power-bank-2200mah\/","url":"https:\/\/makestuffmove.com\/product\/wooden-usb-power-bank-2200mah\/","name":"Wooden USB Power Bank - 2200mAh - Make Stuff Move","isPartOf":{"@id":"https:\/\/makestuffmove.com\/#website"},"primaryImageOfPage":{"@id":"https:\/\/makestuffmove.com\/product\/wooden-usb-power-bank-2200mah\/#primaryimage"},"image":{"@id":"https:\/\/makestuffmove.com\/product\/wooden-usb-power-bank-2200mah\/#primaryimage"},"thumbnailUrl":"https:\/\/makestuffmove.com\/wp-content\/uploads\/2022\/08\/make-stuff-move_product_032-1.jpg","datePublished":"2022-08-24T01:53:34+00:00","dateModified":"2025-12-13T02:13:35+00:00","breadcrumb":{"@id":"https:\/\/makestuffmove.com\/product\/wooden-usb-power-bank-2200mah\/#breadcrumb"},"inLanguage":"fr-CA","potentialAction":[{"@type":"ReadAction","target":["https:\/\/makestuffmove.com\/product\/wooden-usb-power-bank-2200mah\/"]}]},{"@type":"ImageObject","inLanguage":"fr-CA","@id":"https:\/\/makestuffmove.com\/product\/wooden-usb-power-bank-2200mah\/#primaryimage","url":"https:\/\/makestuffmove.com\/wp-content\/uploads\/2022\/08\/make-stuff-move_product_032-1.jpg","contentUrl":"https:\/\/makestuffmove.com\/wp-content\/uploads\/2022\/08\/make-stuff-move_product_032-1.jpg","width":1186,"height":1186},{"@type":"BreadcrumbList","@id":"https:\/\/makestuffmove.com\/product\/wooden-usb-power-bank-2200mah\/#breadcrumb","itemListElement":[{"@type":"ListItem","position":1,"name":"Home","item":"https:\/\/makestuffmove.com\/"},{"@type":"ListItem","position":2,"name":"Shop","item":"https:\/\/makestuffmove.com\/shop\/"},{"@type":"ListItem","position":3,"name":"Wooden USB Power Bank &#8211; 2200mAh"}]},{"@type":"WebSite","@id":"https:\/\/makestuffmove.com\/#website","url":"https:\/\/makestuffmove.com\/","name":"Faire bouger les choses","description":"Enseignons les outils\u00a0!","publisher":{"@id":"https:\/\/makestuffmove.com\/#organization"},"potentialAction":[{"@type":"SearchAction","target":{"@type":"EntryPoint","urlTemplate":"https:\/\/makestuffmove.com\/?s={search_term_string}"},"query-input":{"@type":"PropertyValueSpecification","valueRequired":true,"valueName":"search_term_string"}}],"inLanguage":"fr-CA"},{"@type":"Organization","@id":"https:\/\/makestuffmove.com\/#organization","name":"Faire bouger les choses","url":"https:\/\/makestuffmove.com\/","logo":{"@type":"ImageObject","inLanguage":"fr-CA","@id":"https:\/\/makestuffmove.com\/#\/schema\/logo\/image\/","url":"","contentUrl":"","caption":"Make Stuff Move"},"image":{"@id":"https:\/\/makestuffmove.com\/#\/schema\/logo\/image\/"},"sameAs":["http:\/\/facebook.com\/makestuffmove","http:\/\/instagram.com\/makestuffmoveinc","https:\/\/www.youtube.com\/channel\/UC3QPj9vHLuaJhO5ROM6hKow"]}]},"product_price_amount":"25.00","product_price_currency":"CAD","og_availability":"instock","product_availability":"instock","product_retailer_item_id":"MSM-POWR-001","product_condition":"new"},"jetpack_sharing_enabled":true,"_links":{"self":[{"href":"https:\/\/makestuffmove.com\/fr\/wp-json\/wp\/v2\/product\/5713","targetHints":{"allow":["GET"]}}],"collection":[{"href":"https:\/\/makestuffmove.com\/fr\/wp-json\/wp\/v2\/product"}],"about":[{"href":"https:\/\/makestuffmove.com\/fr\/wp-json\/wp\/v2\/types\/product"}],"wp:featuredmedia":[{"embeddable":true,"href":"https:\/\/makestuffmove.com\/fr\/wp-json\/wp\/v2\/media\/6200"}],"wp:attachment":[{"href":"https:\/\/makestuffmove.com\/fr\/wp-json\/wp\/v2\/media?parent=5713"}],"wp:term":[{"taxonomy":"product_brand","embeddable":true,"href":"https:\/\/makestuffmove.com\/fr\/wp-json\/wp\/v2\/product_brand?post=5713"},{"taxonomy":"product_cat","embeddable":true,"href":"https:\/\/makestuffmove.com\/fr\/wp-json\/wp\/v2\/product_cat?post=5713"},{"taxonomy":"product_tag","embeddable":true,"href":"https:\/\/makestuffmove.com\/fr\/wp-json\/wp\/v2\/product_tag?post=5713"}],"curies":[{"name":"wp","href":"https:\/\/api.w.org\/{rel}","templated":true}]}}