{"id":5378,"date":"2022-04-10T00:30:04","date_gmt":"2022-04-10T04:30:04","guid":{"rendered":"https:\/\/makestuffmove.com\/?post_type=product&#038;p=5378"},"modified":"2026-03-12T10:27:55","modified_gmt":"2026-03-12T14:27:55","slug":"mobile-maker-space","status":"publish","type":"product","link":"https:\/\/makestuffmove.com\/fr\/produit\/mobile-maker-space\/","title":{"rendered":"Espace cr\u00e9ateur de mobiles"},"content":{"rendered":"<div>\n<h2>Qu&#039;y a-t-il dans le bac<\/h2>\n<ul>\n<li>15 cartes Arduino UNO R3 compatibles avec le shield Animate *ou* le module d&#039;extension Animate de Micro:bit<\/li>\n<li>15 x Servo Sock avec servo positionnable de 3,8 kg\/cm<\/li>\n<li>15 x Batterie externe USB<\/li>\n<li>15 capteurs sonores r\u00e9glables<\/li>\n<li>C\u00e2bles\n<ul>\n<li>15 c\u00e2bles USB vers CC 5,5 \u00d7 2,1 mm<\/li>\n<li>15 c\u00e2bles USB-C<\/li>\n<li>15 c\u00e2bles d&#039;extension pour servomoteurs<\/li>\n<li>15 c\u00e2bles de connexion pour capteurs<\/li>\n<\/ul>\n<\/li>\n<li>Outils\n<ul>\n<li>15 tournevis MultiBit<\/li>\n<li>15 embouts Philips #0<\/li>\n<li>15 embouts carr\u00e9s #1<\/li>\n<li>15 cl\u00e9s 5\/16\u2033<\/li>\n<li>15 crayons<\/li>\n<li>15 x r\u00e8gles<\/li>\n<\/ul>\n<\/li>\n<li>15 guides de d\u00e9marrage rapide<\/li>\n<li>2 x Kit de quincaillerie pour salle de classe (vis \u00e0 bois, vis \u00e0 m\u00e9taux, \u00e9crous et fixations)<\/li>\n<li>15 x pi\u00e8ces de construction (n\u00e9cessaires pour les le\u00e7ons)<\/li>\n<li>15 x b\u00e2tons de bois (x5)<\/li>\n<li>15 socles en bois<\/li>\n<\/ul>\n<\/div>\n<h2>Pi\u00e8ces et le\u00e7ons incluses<\/h2>\n<div style=\"clear: both; width: 100%; float: none;\"><div class=\"build-block\"><a class=\"block-link\" href=\"https:\/\/makestuffmove.com\/fr\/build\/lesson-analog-meter-arduino\/\"><h4 class=\"build-title\">Arduino | Compteur analogique<\/h4><div class=\"build-info\"><div class=\"build-main-image\"><img decoding=\"async\" src=\"https:\/\/makestuffmove.com\/wp-content\/uploads\/2021\/01\/meter_01_final.png\"><\/div><div class=\"entry-content\">Les compteurs analogiques sont tout autour de nous !. Ils sont utilis\u00e9s pour repr\u00e9senter visuellement les mesures et les donn\u00e9es. Un o...<\/div><\/div><\/a><\/div> <div class=\"build-block\"><a class=\"block-link\" href=\"https:\/\/makestuffmove.com\/fr\/build\/lesson-inch-worm-arduino\/\"><h4 class=\"build-title\">Arduino | Ver de pouce<\/h4><div class=\"build-info\"><div class=\"build-main-image\"><img decoding=\"async\" src=\"https:\/\/makestuffmove.com\/wp-content\/uploads\/2021\/04\/inch-worm_step_final.png\"><\/div><div class=\"entry-content\">Les chenilles sont si simples dans leur mouvement que c&#039;est un d\u00e9fi amusant de construire et d&#039;animer leur ...<\/div><\/div><\/a><\/div> <div class=\"build-block\"><a class=\"block-link\" href=\"https:\/\/makestuffmove.com\/fr\/build\/lesson-flinger-drummer-arduino\/\"><h4 class=\"build-title\">Arduino | Batteur \u00e0 main<\/h4><div class=\"build-info\"><div class=\"build-main-image\"><img decoding=\"async\" src=\"https:\/\/makestuffmove.com\/wp-content\/uploads\/2021\/03\/flinger-drummer_step_12.png\"><\/div><div class=\"entry-content\">Cette version s&#039;av\u00e8re utile de deux mani\u00e8res; jeter des trucs et tambouriner sur des trucs. Le co global...<\/div><\/div><\/a><\/div><\/div>\n<div><\/div>\n<h2>Le tableau de contr\u00f4le<\/h2>\n<h3>Les cartes de contr\u00f4le sont disponibles en 2 options\u00a0:<\/h3>\n<p><strong>Arduino UNO avec carte d&#039;extension Animate<\/strong><\/p>\n<p>Le contr\u00f4leur Sock IO compatible Arduino est associ\u00e9 \u00e0 notre carte d&#039;extension Animate Shield. La carte est pr\u00e9charg\u00e9e avec du code\u00a0: aucun ordinateur n&#039;est n\u00e9cessaire pour la mise en marche\u00a0! Elle dispose de 3 potentiom\u00e8tres, 2 boutons, de connexions faciles et d&#039;un pixel RGB. Cet ensemble fonctionne comme un contr\u00f4leur, vous permettant d&#039;enregistrer les mouvements de vos servomoteurs et de les reproduire en boucle pour animer vos cr\u00e9ations. Il permet \u00e9galement de connecter des capteurs (son, lumi\u00e8re, impulsions, etc.) pour animer des objets.<\/p>\n<p><strong>Carte d&#039;extension Micro:bit<\/strong><\/p>\n<p>Le module compatible Micro:bit n\u00e9cessite l&#039;utilisation de cartes Micro:bit non incluses.* La carte de contr\u00f4le comprend 3 potentiom\u00e8tres, 2 boutons, des connexions simplifi\u00e9es et un pixel RVB. Ce module permet \u00e9galement de connecter des capteurs (son, lumi\u00e8re, impulsions, etc.) pour animer des objets.<\/p>\n<p><em>Micro:bits disponibles sur demande<\/em><\/p>\n<div>\n<div>\n<h2><\/h2>\n<\/div>\n<\/div>","protected":false},"excerpt":{"rendered":"<p>Nos kits de d\u00e9marrage sont le coup de pouce id\u00e9al pour tous ceux qui souhaitent acqu\u00e9rir des outils et construire avec la robotique. Le bac est livr\u00e9 avec 15 kits de d\u00e9marrage comprenant tout le n\u00e9cessaire pour construire plusieurs projets (\u00e9num\u00e9r\u00e9s ci-dessous) et peut \u00eatre utilis\u00e9 pour faire bouger vos propres affaires\u00a0! Souvent utilis\u00e9 avec des \u00e9tudiants travaillant par paires.<\/p>\n<p><a href=\"https:\/\/makestuffmove.com\/fr\/mobile-maker-space-15-1\/\">CONSULTEZ LA PAGE DE BIENVENUE<\/a><\/p>\n<p>Comprend 15 de nos batteries externes et une station de charge USB \u00e0 10 ports pour alimenter facilement vos projets !<\/p>\n<p><strong>Pour discuter de la disponibilit\u00e9 de notre prochain lot de production, veuillez <a href=\"https:\/\/makestuffmove.com\/fr\/contact-us\/\">Contactez-nous<\/a><\/strong><\/p>","protected":false},"featured_media":5413,"template":"","meta":[],"product_brand":[],"product_cat":[20],"product_tag":[],"class_list":{"0":"post-5378","1":"product","2":"type-product","3":"status-publish","4":"has-post-thumbnail","6":"product_cat-kits","8":"first","9":"instock","10":"taxable","11":"shipping-taxable","12":"purchasable","13":"product-type-variable","14":"has-default-attributes"},"acf":[],"yoast_head":"<!-- This site is optimized with the Yoast SEO Premium plugin v26.7 (Yoast SEO v27.3) - https:\/\/yoast.com\/product\/yoast-seo-premium-wordpress\/ -->\n<title>Mobile Maker Space - Make Stuff Move<\/title>\n<meta name=\"robots\" content=\"index, follow, max-snippet:-1, max-image-preview:large, max-video-preview:-1\" \/>\n<link rel=\"canonical\" href=\"https:\/\/makestuffmove.com\/fr\/produit\/mobile-maker-space\/\" \/>\n<meta property=\"og:locale\" content=\"fr_CA\" \/>\n<meta property=\"og:type\" content=\"article\" \/>\n<meta property=\"og:title\" content=\"Mobile Maker Space\" \/>\n<meta property=\"og:description\" content=\"Our start-up kits are the ideal kickstart for anyone who wants to pick up some tools and build with robotics.\u00a0 The bin comes packed with 15 start-up kits including everything needed to build multiple projects (listed below) and can be used to make your own stuff move! Often used with students working in pairs.  CHECK OUT THE WELCOME PAGE  Includes 15 of our power bank batteries and a 10-port USB charging station to make powering up projects easy!  To discuss stock\/availability of our next production batch, please contact us\" \/>\n<meta property=\"og:url\" content=\"https:\/\/makestuffmove.com\/fr\/produit\/mobile-maker-space\/\" \/>\n<meta property=\"og:site_name\" content=\"Make Stuff Move\" \/>\n<meta property=\"article:publisher\" content=\"http:\/\/facebook.com\/makestuffmove\" \/>\n<meta property=\"article:modified_time\" content=\"2026-03-12T14:27:55+00:00\" \/>\n<meta property=\"og:image\" content=\"https:\/\/makestuffmove.com\/wp-content\/uploads\/2022\/04\/make-stuff-move_product_001-2.jpg\" \/>\n\t<meta property=\"og:image:width\" content=\"1500\" \/>\n\t<meta property=\"og:image:height\" content=\"1500\" \/>\n\t<meta property=\"og:image:type\" content=\"image\/jpeg\" \/>\n<meta name=\"twitter:card\" content=\"summary_large_image\" \/>\n<meta name=\"twitter:label1\" content=\"Availability\" \/>\n\t<meta name=\"twitter:data1\" content=\"In stock\" \/>\n<script type=\"application\/ld+json\" class=\"yoast-schema-graph\">{\"@context\":\"https:\\\/\\\/schema.org\",\"@graph\":[{\"@type\":\"WebPage\",\"@id\":\"https:\\\/\\\/makestuffmove.com\\\/product\\\/mobile-maker-space\\\/\",\"url\":\"https:\\\/\\\/makestuffmove.com\\\/product\\\/mobile-maker-space\\\/\",\"name\":\"Mobile Maker Space - Make Stuff Move\",\"isPartOf\":{\"@id\":\"https:\\\/\\\/makestuffmove.com\\\/#website\"},\"primaryImageOfPage\":{\"@id\":\"https:\\\/\\\/makestuffmove.com\\\/product\\\/mobile-maker-space\\\/#primaryimage\"},\"image\":{\"@id\":\"https:\\\/\\\/makestuffmove.com\\\/product\\\/mobile-maker-space\\\/#primaryimage\"},\"thumbnailUrl\":\"https:\\\/\\\/makestuffmove.com\\\/wp-content\\\/uploads\\\/2022\\\/04\\\/make-stuff-move_product_001-2.jpg\",\"datePublished\":\"2022-04-10T04:30:04+00:00\",\"dateModified\":\"2026-03-12T14:27:55+00:00\",\"breadcrumb\":{\"@id\":\"https:\\\/\\\/makestuffmove.com\\\/product\\\/mobile-maker-space\\\/#breadcrumb\"},\"inLanguage\":\"fr-CA\",\"potentialAction\":[{\"@type\":\"ReadAction\",\"target\":[\"https:\\\/\\\/makestuffmove.com\\\/product\\\/mobile-maker-space\\\/\"]}]},{\"@type\":\"ImageObject\",\"inLanguage\":\"fr-CA\",\"@id\":\"https:\\\/\\\/makestuffmove.com\\\/product\\\/mobile-maker-space\\\/#primaryimage\",\"url\":\"https:\\\/\\\/makestuffmove.com\\\/wp-content\\\/uploads\\\/2022\\\/04\\\/make-stuff-move_product_001-2.jpg\",\"contentUrl\":\"https:\\\/\\\/makestuffmove.com\\\/wp-content\\\/uploads\\\/2022\\\/04\\\/make-stuff-move_product_001-2.jpg\",\"width\":1500,\"height\":1500},{\"@type\":\"BreadcrumbList\",\"@id\":\"https:\\\/\\\/makestuffmove.com\\\/product\\\/mobile-maker-space\\\/#breadcrumb\",\"itemListElement\":[{\"@type\":\"ListItem\",\"position\":1,\"name\":\"Home\",\"item\":\"https:\\\/\\\/makestuffmove.com\\\/\"},{\"@type\":\"ListItem\",\"position\":2,\"name\":\"Shop\",\"item\":\"https:\\\/\\\/makestuffmove.com\\\/shop\\\/\"},{\"@type\":\"ListItem\",\"position\":3,\"name\":\"Mobile Maker Space\"}]},{\"@type\":\"WebSite\",\"@id\":\"https:\\\/\\\/makestuffmove.com\\\/#website\",\"url\":\"https:\\\/\\\/makestuffmove.com\\\/\",\"name\":\"Make Stuff Move\",\"description\":\"Let&#039;s Teach Tools!\",\"publisher\":{\"@id\":\"https:\\\/\\\/makestuffmove.com\\\/#organization\"},\"potentialAction\":[{\"@type\":\"SearchAction\",\"target\":{\"@type\":\"EntryPoint\",\"urlTemplate\":\"https:\\\/\\\/makestuffmove.com\\\/?s={search_term_string}\"},\"query-input\":{\"@type\":\"PropertyValueSpecification\",\"valueRequired\":true,\"valueName\":\"search_term_string\"}}],\"inLanguage\":\"fr-CA\"},{\"@type\":\"Organization\",\"@id\":\"https:\\\/\\\/makestuffmove.com\\\/#organization\",\"name\":\"Make Stuff Move\",\"url\":\"https:\\\/\\\/makestuffmove.com\\\/\",\"logo\":{\"@type\":\"ImageObject\",\"inLanguage\":\"fr-CA\",\"@id\":\"https:\\\/\\\/makestuffmove.com\\\/#\\\/schema\\\/logo\\\/image\\\/\",\"url\":\"\",\"contentUrl\":\"\",\"caption\":\"Make Stuff Move\"},\"image\":{\"@id\":\"https:\\\/\\\/makestuffmove.com\\\/#\\\/schema\\\/logo\\\/image\\\/\"},\"sameAs\":[\"http:\\\/\\\/facebook.com\\\/makestuffmove\",\"http:\\\/\\\/instagram.com\\\/makestuffmoveinc\",\"https:\\\/\\\/www.youtube.com\\\/channel\\\/UC3QPj9vHLuaJhO5ROM6hKow\"]}]}<\/script>\n<!-- \/ Yoast SEO Premium plugin. -->","yoast_head_json":{"title":"Mobile Maker Space - Make Stuff Move","robots":{"index":"index","follow":"follow","max-snippet":"max-snippet:-1","max-image-preview":"max-image-preview:large","max-video-preview":"max-video-preview:-1"},"canonical":"https:\/\/makestuffmove.com\/fr\/produit\/mobile-maker-space\/","og_locale":"fr_CA","og_type":"article","og_title":"Mobile Maker Space","og_description":"Our start-up kits are the ideal kickstart for anyone who wants to pick up some tools and build with robotics.\u00a0 The bin comes packed with 15 start-up kits including everything needed to build multiple projects (listed below) and can be used to make your own stuff move! Often used with students working in pairs.  CHECK OUT THE WELCOME PAGE  Includes 15 of our power bank batteries and a 10-port USB charging station to make powering up projects easy!  To discuss stock\/availability of our next production batch, please contact us","og_url":"https:\/\/makestuffmove.com\/fr\/produit\/mobile-maker-space\/","og_site_name":"Make Stuff Move","article_publisher":"http:\/\/facebook.com\/makestuffmove","article_modified_time":"2026-03-12T14:27:55+00:00","og_image":[{"width":1500,"height":1500,"url":"https:\/\/makestuffmove.com\/wp-content\/uploads\/2022\/04\/make-stuff-move_product_001-2.jpg","type":"image\/jpeg"}],"twitter_card":"summary_large_image","twitter_misc":{"Availability":"In stock"},"schema":{"@context":"https:\/\/schema.org","@graph":[{"@type":"WebPage","@id":"https:\/\/makestuffmove.com\/product\/mobile-maker-space\/","url":"https:\/\/makestuffmove.com\/product\/mobile-maker-space\/","name":"Mobile Maker Space - Make Stuff Move","isPartOf":{"@id":"https:\/\/makestuffmove.com\/#website"},"primaryImageOfPage":{"@id":"https:\/\/makestuffmove.com\/product\/mobile-maker-space\/#primaryimage"},"image":{"@id":"https:\/\/makestuffmove.com\/product\/mobile-maker-space\/#primaryimage"},"thumbnailUrl":"https:\/\/makestuffmove.com\/wp-content\/uploads\/2022\/04\/make-stuff-move_product_001-2.jpg","datePublished":"2022-04-10T04:30:04+00:00","dateModified":"2026-03-12T14:27:55+00:00","breadcrumb":{"@id":"https:\/\/makestuffmove.com\/product\/mobile-maker-space\/#breadcrumb"},"inLanguage":"fr-CA","potentialAction":[{"@type":"ReadAction","target":["https:\/\/makestuffmove.com\/product\/mobile-maker-space\/"]}]},{"@type":"ImageObject","inLanguage":"fr-CA","@id":"https:\/\/makestuffmove.com\/product\/mobile-maker-space\/#primaryimage","url":"https:\/\/makestuffmove.com\/wp-content\/uploads\/2022\/04\/make-stuff-move_product_001-2.jpg","contentUrl":"https:\/\/makestuffmove.com\/wp-content\/uploads\/2022\/04\/make-stuff-move_product_001-2.jpg","width":1500,"height":1500},{"@type":"BreadcrumbList","@id":"https:\/\/makestuffmove.com\/product\/mobile-maker-space\/#breadcrumb","itemListElement":[{"@type":"ListItem","position":1,"name":"Home","item":"https:\/\/makestuffmove.com\/"},{"@type":"ListItem","position":2,"name":"Shop","item":"https:\/\/makestuffmove.com\/shop\/"},{"@type":"ListItem","position":3,"name":"Mobile Maker Space"}]},{"@type":"WebSite","@id":"https:\/\/makestuffmove.com\/#website","url":"https:\/\/makestuffmove.com\/","name":"Faire bouger les choses","description":"Enseignons les outils\u00a0!","publisher":{"@id":"https:\/\/makestuffmove.com\/#organization"},"potentialAction":[{"@type":"SearchAction","target":{"@type":"EntryPoint","urlTemplate":"https:\/\/makestuffmove.com\/?s={search_term_string}"},"query-input":{"@type":"PropertyValueSpecification","valueRequired":true,"valueName":"search_term_string"}}],"inLanguage":"fr-CA"},{"@type":"Organization","@id":"https:\/\/makestuffmove.com\/#organization","name":"Faire bouger les choses","url":"https:\/\/makestuffmove.com\/","logo":{"@type":"ImageObject","inLanguage":"fr-CA","@id":"https:\/\/makestuffmove.com\/#\/schema\/logo\/image\/","url":"","contentUrl":"","caption":"Make Stuff Move"},"image":{"@id":"https:\/\/makestuffmove.com\/#\/schema\/logo\/image\/"},"sameAs":["http:\/\/facebook.com\/makestuffmove","http:\/\/instagram.com\/makestuffmoveinc","https:\/\/www.youtube.com\/channel\/UC3QPj9vHLuaJhO5ROM6hKow"]}]}},"jetpack_sharing_enabled":true,"_links":{"self":[{"href":"https:\/\/makestuffmove.com\/fr\/wp-json\/wp\/v2\/product\/5378","targetHints":{"allow":["GET"]}}],"collection":[{"href":"https:\/\/makestuffmove.com\/fr\/wp-json\/wp\/v2\/product"}],"about":[{"href":"https:\/\/makestuffmove.com\/fr\/wp-json\/wp\/v2\/types\/product"}],"wp:featuredmedia":[{"embeddable":true,"href":"https:\/\/makestuffmove.com\/fr\/wp-json\/wp\/v2\/media\/5413"}],"wp:attachment":[{"href":"https:\/\/makestuffmove.com\/fr\/wp-json\/wp\/v2\/media?parent=5378"}],"wp:term":[{"taxonomy":"product_brand","embeddable":true,"href":"https:\/\/makestuffmove.com\/fr\/wp-json\/wp\/v2\/product_brand?post=5378"},{"taxonomy":"product_cat","embeddable":true,"href":"https:\/\/makestuffmove.com\/fr\/wp-json\/wp\/v2\/product_cat?post=5378"},{"taxonomy":"product_tag","embeddable":true,"href":"https:\/\/makestuffmove.com\/fr\/wp-json\/wp\/v2\/product_tag?post=5378"}],"curies":[{"name":"wp","href":"https:\/\/api.w.org\/{rel}","templated":true}]}}