{"id":5321,"date":"2021-11-12T14:55:54","date_gmt":"2021-11-12T19:55:54","guid":{"rendered":"https:\/\/makestuffmove.com\/?post_type=product&#038;p=5321"},"modified":"2026-01-06T13:24:06","modified_gmt":"2026-01-06T18:24:06","slug":"start-up-kit","status":"publish","type":"product","link":"https:\/\/makestuffmove.com\/fr\/produit\/start-up-kit\/","title":{"rendered":"Kit de d\u00e9marrage"},"content":{"rendered":"<p>Le contr\u00f4leur compatible Arduino inclus est une carte avec notre Animate Shield inclus. La carte est m\u00eame pr\u00e9charg\u00e9e avec du code, donc aucun ordinateur n&#039;est n\u00e9cessaire pour faire avancer les choses\u00a0! La carte de contr\u00f4le fournit 3 boutons de commande, 2 boutons, des connexions faciles et un pixel aRGB. Cette combinaison fonctionne comme un contr\u00f4leur vous permettant d&#039;enregistrer vos mouvements de servo et de les lire en boucle pour animer vos constructions.<\/p>\n<div>\n<p>Pour tirer parti de cette fonctionnalit\u00e9, vous pouvez connecter le capteur de son inclus pour que votre construction bouge et r\u00e9agisse au son et \u00e0 la musique.<\/p>\n<h2>Contenu de la bo\u00eete \u00e0 outils<\/h2>\n<ul>\n<li>Chaussette IO Animer Tube\n<ul>\n<li>Carte Sock IO (compatible Arduino UNO R3)<\/li>\n<li>Bouclier anim\u00e9<\/li>\n<li>Capteur de son r\u00e9glable<\/li>\n<li>C\u00e2ble USB vers CC 5,5 \u00d7 2,1 mm<\/li>\n<li>C\u00e2ble USB-C<\/li>\n<li>C\u00e2bles d&#039;extension servo<\/li>\n<li>C\u00e2ble de raccordement du capteur<\/li>\n<\/ul>\n<\/li>\n<li>Banque d&#039;alimentation USB (<strong>en option - vous pouvez alimenter via n&#039;importe quelle alimentation USB<\/strong>)<\/li>\n<li>Chaussette servo avec servo positionnable de 3,8 kg\/cm<\/li>\n<li>Bo\u00eete \u00e0 outils rouge<\/li>\n<li>Tube \u00e0 outils\n<ul>\n<li>Tournevis MultiBit<\/li>\n<li>Embout Philips #0<\/li>\n<li>Carr\u00e9 #1 bit<\/li>\n<li>Cl\u00e9 5\/16\u2033<\/li>\n<li>Crayon<\/li>\n<\/ul>\n<\/li>\n<li>R\u00e8gle<\/li>\n<li>Guide de d\u00e9marrage rapide, cartes de cours<\/li>\n<li>Quincaillerie (vis \u00e0 bois, vis m\u00e9caniques, \u00e9crous et fixations)<\/li>\n<li>Construire des pi\u00e8ces (requis pour les le\u00e7ons)<\/li>\n<li>B\u00e2tons de bois (x5)<\/li>\n<li>Socle en bois<\/li>\n<\/ul>\n<\/div>\n<h2>Mat\u00e9riel et le\u00e7ons inclus<\/h2>\n<div style=\"clear: both; width: 100%; float: none;\"><div class=\"build-block\"><a class=\"block-link\" href=\"https:\/\/makestuffmove.com\/fr\/build\/lesson-analog-meter-arduino\/\"><h4 class=\"build-title\">Arduino | Compteur analogique<\/h4><div class=\"build-info\"><div class=\"build-main-image\"><img decoding=\"async\" src=\"https:\/\/makestuffmove.com\/wp-content\/uploads\/2021\/01\/meter_01_final.png\"><\/div><div class=\"entry-content\">Les compteurs analogiques sont tout autour de nous !. Ils sont utilis\u00e9s pour repr\u00e9senter visuellement les mesures et les donn\u00e9es. Un o...<\/div><\/div><\/a><\/div> <div class=\"build-block\"><a class=\"block-link\" href=\"https:\/\/makestuffmove.com\/fr\/build\/lesson-inch-worm-arduino\/\"><h4 class=\"build-title\">Arduino | Ver de pouce<\/h4><div class=\"build-info\"><div class=\"build-main-image\"><img decoding=\"async\" src=\"https:\/\/makestuffmove.com\/wp-content\/uploads\/2021\/04\/inch-worm_step_final.png\"><\/div><div class=\"entry-content\">Les chenilles sont si simples dans leur mouvement que c&#039;est un d\u00e9fi amusant de construire et d&#039;animer leur ...<\/div><\/div><\/a><\/div> <div class=\"build-block\"><a class=\"block-link\" href=\"https:\/\/makestuffmove.com\/fr\/build\/lesson-flinger-drummer-arduino\/\"><h4 class=\"build-title\">Arduino | Batteur \u00e0 main<\/h4><div class=\"build-info\"><div class=\"build-main-image\"><img decoding=\"async\" src=\"https:\/\/makestuffmove.com\/wp-content\/uploads\/2021\/03\/flinger-drummer_step_12.png\"><\/div><div class=\"entry-content\">Cette version s&#039;av\u00e8re utile de deux mani\u00e8res; jeter des trucs et tambouriner sur des trucs. Le co global...<\/div><\/div><\/a><\/div><\/div>","protected":false},"excerpt":{"rendered":"<p>Nos kits de cours sont le kit de d\u00e9marrage id\u00e9al pour tous ceux qui souhaitent acqu\u00e9rir des outils et construire avec la robotique. Les bo\u00eetes \u00e0 outils rouges sont livr\u00e9es avec tout le n\u00e9cessaire pour construire plusieurs projets (\u00e9num\u00e9r\u00e9s ci-dessous) et peuvent \u00eatre utilis\u00e9es pour faire bouger vos propres affaires\u00a0!<\/p>\n<p>REMARQUE - *Banque d&#039;alimentation USB non incluse* - Le kit est aliment\u00e9 via USB, ce qui fonctionne tr\u00e8s bien avec notre <a href=\"https:\/\/makestuffmove.com\/fr\/produit\/wooden-usb-power-bank-2200mah\/\" target=\"_blank\" rel=\"noopener\">Banque d&#039;alimentation USB en bois<\/a> ou toute alimentation\/banque d&#039;alimentation USB (les appareils \u00e9lectroniques, les ordinateurs, etc. avec port USB ne doivent pas \u00eatre utilis\u00e9s)<\/p>\n<p><strong>Notre prochain lot de kits sera pr\u00eat \u00e0 \u00eatre exp\u00e9di\u00e9 fin octobre.\u00a0<\/strong><\/p>","protected":false},"featured_media":6201,"template":"","meta":[],"product_brand":[],"product_cat":[20],"product_tag":[],"class_list":{"0":"post-5321","1":"product","2":"type-product","3":"status-publish","4":"has-post-thumbnail","6":"product_cat-kits","8":"first","9":"instock","10":"taxable","11":"shipping-taxable","12":"purchasable","13":"product-type-simple"},"acf":[],"yoast_head":"<!-- This site is optimized with the Yoast SEO Premium plugin v26.7 (Yoast SEO v27.3) - https:\/\/yoast.com\/product\/yoast-seo-premium-wordpress\/ -->\n<title>Start-up Kit - Make Stuff Move<\/title>\n<meta name=\"robots\" content=\"index, follow, max-snippet:-1, max-image-preview:large, max-video-preview:-1\" \/>\n<link rel=\"canonical\" href=\"https:\/\/makestuffmove.com\/fr\/produit\/start-up-kit\/\" \/>\n<meta property=\"og:locale\" content=\"fr_CA\" \/>\n<meta property=\"og:type\" content=\"article\" \/>\n<meta property=\"og:title\" content=\"Start-up Kit\" \/>\n<meta property=\"og:description\" content=\"Our lesson kits are the ideal starter kit for anyone who wants to pick up some tools and build with robotics.\u00a0 The red toolboxes come packed with everything needed to build multiple projects (listed below) and can be used to make your own stuff move!  NOTE - *USB Power Bank not included* - The kit is powered via USB which works great with our Wood USB Power Bank or any USB power supply\/power bank (electronics, computers etc with USB port should not be used)  Our next batch of kits will be ready to ship at the end of October\u00a0\" \/>\n<meta property=\"og:url\" content=\"https:\/\/makestuffmove.com\/fr\/produit\/start-up-kit\/\" \/>\n<meta property=\"og:site_name\" content=\"Make Stuff Move\" \/>\n<meta property=\"article:publisher\" content=\"http:\/\/facebook.com\/makestuffmove\" \/>\n<meta property=\"article:modified_time\" content=\"2026-01-06T18:24:06+00:00\" \/>\n<meta property=\"og:image\" content=\"https:\/\/makestuffmove.com\/wp-content\/uploads\/2021\/11\/msm_startup-kit_02-1024x1024.png\" \/>\n\t<meta property=\"og:image:width\" content=\"1024\" \/>\n\t<meta property=\"og:image:height\" content=\"1024\" \/>\n\t<meta property=\"og:image:type\" content=\"image\/png\" \/>\n<meta name=\"twitter:card\" content=\"summary_large_image\" \/>\n<meta name=\"twitter:label1\" content=\"Price\" \/>\n\t<meta name=\"twitter:data1\" content=\"$100.00 CAD\" \/>\n\t<meta name=\"twitter:label2\" content=\"Availability\" \/>\n\t<meta name=\"twitter:data2\" content=\"In stock\" \/>\n<script type=\"application\/ld+json\" class=\"yoast-schema-graph\">{\"@context\":\"https:\\\/\\\/schema.org\",\"@graph\":[{\"@type\":\"WebPage\",\"@id\":\"https:\\\/\\\/makestuffmove.com\\\/product\\\/start-up-kit\\\/\",\"url\":\"https:\\\/\\\/makestuffmove.com\\\/product\\\/start-up-kit\\\/\",\"name\":\"Start-up Kit - Make Stuff Move\",\"isPartOf\":{\"@id\":\"https:\\\/\\\/makestuffmove.com\\\/#website\"},\"primaryImageOfPage\":{\"@id\":\"https:\\\/\\\/makestuffmove.com\\\/product\\\/start-up-kit\\\/#primaryimage\"},\"image\":{\"@id\":\"https:\\\/\\\/makestuffmove.com\\\/product\\\/start-up-kit\\\/#primaryimage\"},\"thumbnailUrl\":\"https:\\\/\\\/makestuffmove.com\\\/wp-content\\\/uploads\\\/2021\\\/11\\\/msm_startup-kit_02.png\",\"datePublished\":\"2021-11-12T19:55:54+00:00\",\"dateModified\":\"2026-01-06T18:24:06+00:00\",\"breadcrumb\":{\"@id\":\"https:\\\/\\\/makestuffmove.com\\\/product\\\/start-up-kit\\\/#breadcrumb\"},\"inLanguage\":\"fr-CA\",\"potentialAction\":[{\"@type\":\"ReadAction\",\"target\":[\"https:\\\/\\\/makestuffmove.com\\\/product\\\/start-up-kit\\\/\"]}]},{\"@type\":\"ImageObject\",\"inLanguage\":\"fr-CA\",\"@id\":\"https:\\\/\\\/makestuffmove.com\\\/product\\\/start-up-kit\\\/#primaryimage\",\"url\":\"https:\\\/\\\/makestuffmove.com\\\/wp-content\\\/uploads\\\/2021\\\/11\\\/msm_startup-kit_02.png\",\"contentUrl\":\"https:\\\/\\\/makestuffmove.com\\\/wp-content\\\/uploads\\\/2021\\\/11\\\/msm_startup-kit_02.png\",\"width\":2761,\"height\":2761},{\"@type\":\"BreadcrumbList\",\"@id\":\"https:\\\/\\\/makestuffmove.com\\\/product\\\/start-up-kit\\\/#breadcrumb\",\"itemListElement\":[{\"@type\":\"ListItem\",\"position\":1,\"name\":\"Home\",\"item\":\"https:\\\/\\\/makestuffmove.com\\\/\"},{\"@type\":\"ListItem\",\"position\":2,\"name\":\"Shop\",\"item\":\"https:\\\/\\\/makestuffmove.com\\\/shop\\\/\"},{\"@type\":\"ListItem\",\"position\":3,\"name\":\"Start-up Kit\"}]},{\"@type\":\"WebSite\",\"@id\":\"https:\\\/\\\/makestuffmove.com\\\/#website\",\"url\":\"https:\\\/\\\/makestuffmove.com\\\/\",\"name\":\"Make Stuff Move\",\"description\":\"Let&#039;s Teach Tools!\",\"publisher\":{\"@id\":\"https:\\\/\\\/makestuffmove.com\\\/#organization\"},\"potentialAction\":[{\"@type\":\"SearchAction\",\"target\":{\"@type\":\"EntryPoint\",\"urlTemplate\":\"https:\\\/\\\/makestuffmove.com\\\/?s={search_term_string}\"},\"query-input\":{\"@type\":\"PropertyValueSpecification\",\"valueRequired\":true,\"valueName\":\"search_term_string\"}}],\"inLanguage\":\"fr-CA\"},{\"@type\":\"Organization\",\"@id\":\"https:\\\/\\\/makestuffmove.com\\\/#organization\",\"name\":\"Make Stuff Move\",\"url\":\"https:\\\/\\\/makestuffmove.com\\\/\",\"logo\":{\"@type\":\"ImageObject\",\"inLanguage\":\"fr-CA\",\"@id\":\"https:\\\/\\\/makestuffmove.com\\\/#\\\/schema\\\/logo\\\/image\\\/\",\"url\":\"\",\"contentUrl\":\"\",\"caption\":\"Make Stuff Move\"},\"image\":{\"@id\":\"https:\\\/\\\/makestuffmove.com\\\/#\\\/schema\\\/logo\\\/image\\\/\"},\"sameAs\":[\"http:\\\/\\\/facebook.com\\\/makestuffmove\",\"http:\\\/\\\/instagram.com\\\/makestuffmoveinc\",\"https:\\\/\\\/www.youtube.com\\\/channel\\\/UC3QPj9vHLuaJhO5ROM6hKow\"]}]}<\/script>\n<!-- \/ Yoast SEO Premium plugin. -->","yoast_head_json":{"title":"Start-up Kit - Make Stuff Move","robots":{"index":"index","follow":"follow","max-snippet":"max-snippet:-1","max-image-preview":"max-image-preview:large","max-video-preview":"max-video-preview:-1"},"canonical":"https:\/\/makestuffmove.com\/fr\/produit\/start-up-kit\/","og_locale":"fr_CA","og_type":"article","og_title":"Start-up Kit","og_description":"Our lesson kits are the ideal starter kit for anyone who wants to pick up some tools and build with robotics.\u00a0 The red toolboxes come packed with everything needed to build multiple projects (listed below) and can be used to make your own stuff move!  NOTE - *USB Power Bank not included* - The kit is powered via USB which works great with our Wood USB Power Bank or any USB power supply\/power bank (electronics, computers etc with USB port should not be used)  Our next batch of kits will be ready to ship at the end of October\u00a0","og_url":"https:\/\/makestuffmove.com\/fr\/produit\/start-up-kit\/","og_site_name":"Make Stuff Move","article_publisher":"http:\/\/facebook.com\/makestuffmove","article_modified_time":"2026-01-06T18:24:06+00:00","og_image":[{"width":1024,"height":1024,"url":"https:\/\/makestuffmove.com\/wp-content\/uploads\/2021\/11\/msm_startup-kit_02-1024x1024.png","type":"image\/png"}],"twitter_card":"summary_large_image","twitter_misc":{"Price":"$100.00 CAD","Availability":"In stock"},"schema":{"@context":"https:\/\/schema.org","@graph":[{"@type":"WebPage","@id":"https:\/\/makestuffmove.com\/product\/start-up-kit\/","url":"https:\/\/makestuffmove.com\/product\/start-up-kit\/","name":"Start-up Kit - Make Stuff Move","isPartOf":{"@id":"https:\/\/makestuffmove.com\/#website"},"primaryImageOfPage":{"@id":"https:\/\/makestuffmove.com\/product\/start-up-kit\/#primaryimage"},"image":{"@id":"https:\/\/makestuffmove.com\/product\/start-up-kit\/#primaryimage"},"thumbnailUrl":"https:\/\/makestuffmove.com\/wp-content\/uploads\/2021\/11\/msm_startup-kit_02.png","datePublished":"2021-11-12T19:55:54+00:00","dateModified":"2026-01-06T18:24:06+00:00","breadcrumb":{"@id":"https:\/\/makestuffmove.com\/product\/start-up-kit\/#breadcrumb"},"inLanguage":"fr-CA","potentialAction":[{"@type":"ReadAction","target":["https:\/\/makestuffmove.com\/product\/start-up-kit\/"]}]},{"@type":"ImageObject","inLanguage":"fr-CA","@id":"https:\/\/makestuffmove.com\/product\/start-up-kit\/#primaryimage","url":"https:\/\/makestuffmove.com\/wp-content\/uploads\/2021\/11\/msm_startup-kit_02.png","contentUrl":"https:\/\/makestuffmove.com\/wp-content\/uploads\/2021\/11\/msm_startup-kit_02.png","width":2761,"height":2761},{"@type":"BreadcrumbList","@id":"https:\/\/makestuffmove.com\/product\/start-up-kit\/#breadcrumb","itemListElement":[{"@type":"ListItem","position":1,"name":"Home","item":"https:\/\/makestuffmove.com\/"},{"@type":"ListItem","position":2,"name":"Shop","item":"https:\/\/makestuffmove.com\/shop\/"},{"@type":"ListItem","position":3,"name":"Start-up Kit"}]},{"@type":"WebSite","@id":"https:\/\/makestuffmove.com\/#website","url":"https:\/\/makestuffmove.com\/","name":"Faire bouger les choses","description":"Enseignons les outils\u00a0!","publisher":{"@id":"https:\/\/makestuffmove.com\/#organization"},"potentialAction":[{"@type":"SearchAction","target":{"@type":"EntryPoint","urlTemplate":"https:\/\/makestuffmove.com\/?s={search_term_string}"},"query-input":{"@type":"PropertyValueSpecification","valueRequired":true,"valueName":"search_term_string"}}],"inLanguage":"fr-CA"},{"@type":"Organization","@id":"https:\/\/makestuffmove.com\/#organization","name":"Faire bouger les choses","url":"https:\/\/makestuffmove.com\/","logo":{"@type":"ImageObject","inLanguage":"fr-CA","@id":"https:\/\/makestuffmove.com\/#\/schema\/logo\/image\/","url":"","contentUrl":"","caption":"Make Stuff Move"},"image":{"@id":"https:\/\/makestuffmove.com\/#\/schema\/logo\/image\/"},"sameAs":["http:\/\/facebook.com\/makestuffmove","http:\/\/instagram.com\/makestuffmoveinc","https:\/\/www.youtube.com\/channel\/UC3QPj9vHLuaJhO5ROM6hKow"]}]}},"jetpack_sharing_enabled":true,"_links":{"self":[{"href":"https:\/\/makestuffmove.com\/fr\/wp-json\/wp\/v2\/product\/5321","targetHints":{"allow":["GET"]}}],"collection":[{"href":"https:\/\/makestuffmove.com\/fr\/wp-json\/wp\/v2\/product"}],"about":[{"href":"https:\/\/makestuffmove.com\/fr\/wp-json\/wp\/v2\/types\/product"}],"wp:featuredmedia":[{"embeddable":true,"href":"https:\/\/makestuffmove.com\/fr\/wp-json\/wp\/v2\/media\/6201"}],"wp:attachment":[{"href":"https:\/\/makestuffmove.com\/fr\/wp-json\/wp\/v2\/media?parent=5321"}],"wp:term":[{"taxonomy":"product_brand","embeddable":true,"href":"https:\/\/makestuffmove.com\/fr\/wp-json\/wp\/v2\/product_brand?post=5321"},{"taxonomy":"product_cat","embeddable":true,"href":"https:\/\/makestuffmove.com\/fr\/wp-json\/wp\/v2\/product_cat?post=5321"},{"taxonomy":"product_tag","embeddable":true,"href":"https:\/\/makestuffmove.com\/fr\/wp-json\/wp\/v2\/product_tag?post=5321"}],"curies":[{"name":"wp","href":"https:\/\/api.w.org\/{rel}","templated":true}]}}