{"id":24592,"date":"2026-04-06T23:37:14","date_gmt":"2026-04-07T03:37:14","guid":{"rendered":"https:\/\/makestuffmove.com\/?post_type=product&#038;p=24592"},"modified":"2026-04-07T00:09:59","modified_gmt":"2026-04-07T04:09:59","slug":"tiny-trades-truck-build-a-dream","status":"publish","type":"product","link":"https:\/\/makestuffmove.com\/fr\/produit\/tiny-trades-truck-build-a-dream\/","title":{"rendered":"Camionnette Tiny Trades | Construisez votre r\u00eave"},"content":{"rendered":"","protected":false},"excerpt":{"rendered":"<h3 style=\"color: #652b67;\"><strong>$3 provenant de l&#039;achat de chaque camion soutient le programme \u00ab Construisez un r\u00eave ! \u00bb<\/strong><\/h3>\n<p>D\u00e9couvrez le Mini Camion des M\u00e9tiers, le premier mod\u00e8le de la flotte Make Stuff Move. Ce projet est con\u00e7u pour les enfants de 4 ans et plus et propose une activit\u00e9 ludique pour construire leur propre camion de m\u00e9tiers. Ils repartent m\u00eame avec un vrai tournevis\u00a0!<\/p>\n<p>Pour en savoir plus sur Build-A-Dream, veuillez consulter le site web. <a href=\"https:\/\/www.webuildadream.com\/\">https:\/\/www.webuildadream.com\/<\/a><\/p>\n<p><em>*Veuillez noter que ces camions personnalis\u00e9s sont fabriqu\u00e9s sur commande et peuvent n\u00e9cessiter environ une semaine de production.\u00a0<\/em><\/p>","protected":false},"featured_media":24597,"template":"","meta":[],"product_brand":[],"product_cat":[20],"product_tag":[],"class_list":{"0":"post-24592","1":"product","2":"type-product","3":"status-publish","4":"has-post-thumbnail","6":"product_cat-kits","8":"first","9":"instock","10":"taxable","11":"shipping-taxable","12":"purchasable","13":"product-type-variable"},"acf":[],"yoast_head":"<!-- This site is optimized with the Yoast SEO Premium plugin v26.7 (Yoast SEO v27.3) - https:\/\/yoast.com\/product\/yoast-seo-premium-wordpress\/ -->\n<title>Tiny Trades Truck | Build-A-Dream - Make Stuff Move<\/title>\n<meta name=\"robots\" content=\"index, follow, max-snippet:-1, max-image-preview:large, max-video-preview:-1\" \/>\n<link rel=\"canonical\" href=\"https:\/\/makestuffmove.com\/fr\/produit\/tiny-trades-truck-build-a-dream\/\" \/>\n<meta property=\"og:locale\" content=\"fr_CA\" \/>\n<meta property=\"og:type\" content=\"article\" \/>\n<meta property=\"og:title\" content=\"Tiny Trades Truck | Build-A-Dream\" \/>\n<meta property=\"og:description\" content=\"$3 from the purchase of each truck supports Build a Dream! Meet the Tiny Trades Truck, the first addition to the Make Stuff Move Fleet.\u00a0 This project is designed for kids aged 4+ as a fun activity to build their own Skilled Trades Truck.\u00a0 They even get their own real screwdriver to keep!  To learn more about Build-A-Dream please visit https:\/\/www.webuildadream.com\/  *Please note - These custom trucks are made to order and may require approximately 1 week for production.\u00a0\" \/>\n<meta property=\"og:url\" content=\"https:\/\/makestuffmove.com\/fr\/produit\/tiny-trades-truck-build-a-dream\/\" \/>\n<meta property=\"og:site_name\" content=\"Make Stuff Move\" \/>\n<meta property=\"article:publisher\" content=\"http:\/\/facebook.com\/makestuffmove\" \/>\n<meta property=\"article:modified_time\" content=\"2026-04-07T04:09:59+00:00\" \/>\n<meta property=\"og:image\" content=\"https:\/\/makestuffmove.com\/wp-content\/uploads\/2026\/04\/1000009628-scaled.jpg\" \/>\n\t<meta property=\"og:image:width\" content=\"2560\" \/>\n\t<meta property=\"og:image:height\" content=\"2560\" \/>\n\t<meta property=\"og:image:type\" content=\"image\/jpeg\" \/>\n<meta name=\"twitter:card\" content=\"summary_large_image\" \/>\n<meta name=\"twitter:label1\" content=\"Availability\" \/>\n\t<meta name=\"twitter:data1\" content=\"In stock\" \/>\n<script type=\"application\/ld+json\" class=\"yoast-schema-graph\">{\"@context\":\"https:\\\/\\\/schema.org\",\"@graph\":[{\"@type\":\"WebPage\",\"@id\":\"https:\\\/\\\/makestuffmove.com\\\/product\\\/tiny-trades-truck-build-a-dream\\\/\",\"url\":\"https:\\\/\\\/makestuffmove.com\\\/product\\\/tiny-trades-truck-build-a-dream\\\/\",\"name\":\"Tiny Trades Truck | Build-A-Dream - Make Stuff Move\",\"isPartOf\":{\"@id\":\"https:\\\/\\\/makestuffmove.com\\\/#website\"},\"primaryImageOfPage\":{\"@id\":\"https:\\\/\\\/makestuffmove.com\\\/product\\\/tiny-trades-truck-build-a-dream\\\/#primaryimage\"},\"image\":{\"@id\":\"https:\\\/\\\/makestuffmove.com\\\/product\\\/tiny-trades-truck-build-a-dream\\\/#primaryimage\"},\"thumbnailUrl\":\"https:\\\/\\\/makestuffmove.com\\\/wp-content\\\/uploads\\\/2026\\\/04\\\/1000009628-scaled.jpg\",\"datePublished\":\"2026-04-07T03:37:14+00:00\",\"dateModified\":\"2026-04-07T04:09:59+00:00\",\"breadcrumb\":{\"@id\":\"https:\\\/\\\/makestuffmove.com\\\/product\\\/tiny-trades-truck-build-a-dream\\\/#breadcrumb\"},\"inLanguage\":\"fr-CA\",\"potentialAction\":[{\"@type\":\"ReadAction\",\"target\":[\"https:\\\/\\\/makestuffmove.com\\\/product\\\/tiny-trades-truck-build-a-dream\\\/\"]}]},{\"@type\":\"ImageObject\",\"inLanguage\":\"fr-CA\",\"@id\":\"https:\\\/\\\/makestuffmove.com\\\/product\\\/tiny-trades-truck-build-a-dream\\\/#primaryimage\",\"url\":\"https:\\\/\\\/makestuffmove.com\\\/wp-content\\\/uploads\\\/2026\\\/04\\\/1000009628-scaled.jpg\",\"contentUrl\":\"https:\\\/\\\/makestuffmove.com\\\/wp-content\\\/uploads\\\/2026\\\/04\\\/1000009628-scaled.jpg\",\"width\":2560,\"height\":2560},{\"@type\":\"BreadcrumbList\",\"@id\":\"https:\\\/\\\/makestuffmove.com\\\/product\\\/tiny-trades-truck-build-a-dream\\\/#breadcrumb\",\"itemListElement\":[{\"@type\":\"ListItem\",\"position\":1,\"name\":\"Home\",\"item\":\"https:\\\/\\\/makestuffmove.com\\\/\"},{\"@type\":\"ListItem\",\"position\":2,\"name\":\"Shop\",\"item\":\"https:\\\/\\\/makestuffmove.com\\\/shop\\\/\"},{\"@type\":\"ListItem\",\"position\":3,\"name\":\"Tiny Trades Truck | Build-A-Dream\"}]},{\"@type\":\"WebSite\",\"@id\":\"https:\\\/\\\/makestuffmove.com\\\/#website\",\"url\":\"https:\\\/\\\/makestuffmove.com\\\/\",\"name\":\"Make Stuff Move\",\"description\":\"Let&#039;s Teach Tools!\",\"publisher\":{\"@id\":\"https:\\\/\\\/makestuffmove.com\\\/#organization\"},\"potentialAction\":[{\"@type\":\"SearchAction\",\"target\":{\"@type\":\"EntryPoint\",\"urlTemplate\":\"https:\\\/\\\/makestuffmove.com\\\/?s={search_term_string}\"},\"query-input\":{\"@type\":\"PropertyValueSpecification\",\"valueRequired\":true,\"valueName\":\"search_term_string\"}}],\"inLanguage\":\"fr-CA\"},{\"@type\":\"Organization\",\"@id\":\"https:\\\/\\\/makestuffmove.com\\\/#organization\",\"name\":\"Make Stuff Move\",\"url\":\"https:\\\/\\\/makestuffmove.com\\\/\",\"logo\":{\"@type\":\"ImageObject\",\"inLanguage\":\"fr-CA\",\"@id\":\"https:\\\/\\\/makestuffmove.com\\\/#\\\/schema\\\/logo\\\/image\\\/\",\"url\":\"\",\"contentUrl\":\"\",\"caption\":\"Make Stuff Move\"},\"image\":{\"@id\":\"https:\\\/\\\/makestuffmove.com\\\/#\\\/schema\\\/logo\\\/image\\\/\"},\"sameAs\":[\"http:\\\/\\\/facebook.com\\\/makestuffmove\",\"http:\\\/\\\/instagram.com\\\/makestuffmoveinc\",\"https:\\\/\\\/www.youtube.com\\\/channel\\\/UC3QPj9vHLuaJhO5ROM6hKow\"]}]}<\/script>\n<meta property=\"og:availability\" content=\"instock\" \/>\n<meta property=\"product:availability\" content=\"instock\" \/>\n<meta property=\"product:condition\" content=\"new\" \/>\n<!-- \/ Yoast SEO Premium plugin. -->","yoast_head_json":{"title":"Tiny Trades Truck | Build-A-Dream - Make Stuff Move","robots":{"index":"index","follow":"follow","max-snippet":"max-snippet:-1","max-image-preview":"max-image-preview:large","max-video-preview":"max-video-preview:-1"},"canonical":"https:\/\/makestuffmove.com\/fr\/produit\/tiny-trades-truck-build-a-dream\/","og_locale":"fr_CA","og_type":"article","og_title":"Tiny Trades Truck | Build-A-Dream","og_description":"$3 from the purchase of each truck supports Build a Dream! Meet the Tiny Trades Truck, the first addition to the Make Stuff Move Fleet.\u00a0 This project is designed for kids aged 4+ as a fun activity to build their own Skilled Trades Truck.\u00a0 They even get their own real screwdriver to keep!  To learn more about Build-A-Dream please visit https:\/\/www.webuildadream.com\/  *Please note - These custom trucks are made to order and may require approximately 1 week for production.\u00a0","og_url":"https:\/\/makestuffmove.com\/fr\/produit\/tiny-trades-truck-build-a-dream\/","og_site_name":"Make Stuff Move","article_publisher":"http:\/\/facebook.com\/makestuffmove","article_modified_time":"2026-04-07T04:09:59+00:00","og_image":[{"width":2560,"height":2560,"url":"https:\/\/makestuffmove.com\/wp-content\/uploads\/2026\/04\/1000009628-scaled.jpg","type":"image\/jpeg"}],"twitter_card":"summary_large_image","twitter_misc":{"Availability":"In stock"},"schema":{"@context":"https:\/\/schema.org","@graph":[{"@type":"WebPage","@id":"https:\/\/makestuffmove.com\/product\/tiny-trades-truck-build-a-dream\/","url":"https:\/\/makestuffmove.com\/product\/tiny-trades-truck-build-a-dream\/","name":"Tiny Trades Truck | Build-A-Dream - Make Stuff Move","isPartOf":{"@id":"https:\/\/makestuffmove.com\/#website"},"primaryImageOfPage":{"@id":"https:\/\/makestuffmove.com\/product\/tiny-trades-truck-build-a-dream\/#primaryimage"},"image":{"@id":"https:\/\/makestuffmove.com\/product\/tiny-trades-truck-build-a-dream\/#primaryimage"},"thumbnailUrl":"https:\/\/makestuffmove.com\/wp-content\/uploads\/2026\/04\/1000009628-scaled.jpg","datePublished":"2026-04-07T03:37:14+00:00","dateModified":"2026-04-07T04:09:59+00:00","breadcrumb":{"@id":"https:\/\/makestuffmove.com\/product\/tiny-trades-truck-build-a-dream\/#breadcrumb"},"inLanguage":"fr-CA","potentialAction":[{"@type":"ReadAction","target":["https:\/\/makestuffmove.com\/product\/tiny-trades-truck-build-a-dream\/"]}]},{"@type":"ImageObject","inLanguage":"fr-CA","@id":"https:\/\/makestuffmove.com\/product\/tiny-trades-truck-build-a-dream\/#primaryimage","url":"https:\/\/makestuffmove.com\/wp-content\/uploads\/2026\/04\/1000009628-scaled.jpg","contentUrl":"https:\/\/makestuffmove.com\/wp-content\/uploads\/2026\/04\/1000009628-scaled.jpg","width":2560,"height":2560},{"@type":"BreadcrumbList","@id":"https:\/\/makestuffmove.com\/product\/tiny-trades-truck-build-a-dream\/#breadcrumb","itemListElement":[{"@type":"ListItem","position":1,"name":"Home","item":"https:\/\/makestuffmove.com\/"},{"@type":"ListItem","position":2,"name":"Shop","item":"https:\/\/makestuffmove.com\/shop\/"},{"@type":"ListItem","position":3,"name":"Tiny Trades Truck | Build-A-Dream"}]},{"@type":"WebSite","@id":"https:\/\/makestuffmove.com\/#website","url":"https:\/\/makestuffmove.com\/","name":"Faire bouger les choses","description":"Enseignons les outils\u00a0!","publisher":{"@id":"https:\/\/makestuffmove.com\/#organization"},"potentialAction":[{"@type":"SearchAction","target":{"@type":"EntryPoint","urlTemplate":"https:\/\/makestuffmove.com\/?s={search_term_string}"},"query-input":{"@type":"PropertyValueSpecification","valueRequired":true,"valueName":"search_term_string"}}],"inLanguage":"fr-CA"},{"@type":"Organization","@id":"https:\/\/makestuffmove.com\/#organization","name":"Faire bouger les choses","url":"https:\/\/makestuffmove.com\/","logo":{"@type":"ImageObject","inLanguage":"fr-CA","@id":"https:\/\/makestuffmove.com\/#\/schema\/logo\/image\/","url":"","contentUrl":"","caption":"Make Stuff Move"},"image":{"@id":"https:\/\/makestuffmove.com\/#\/schema\/logo\/image\/"},"sameAs":["http:\/\/facebook.com\/makestuffmove","http:\/\/instagram.com\/makestuffmoveinc","https:\/\/www.youtube.com\/channel\/UC3QPj9vHLuaJhO5ROM6hKow"]}]},"og_availability":"instock","product_availability":"instock","product_condition":"new"},"jetpack_sharing_enabled":true,"_links":{"self":[{"href":"https:\/\/makestuffmove.com\/fr\/wp-json\/wp\/v2\/product\/24592","targetHints":{"allow":["GET"]}}],"collection":[{"href":"https:\/\/makestuffmove.com\/fr\/wp-json\/wp\/v2\/product"}],"about":[{"href":"https:\/\/makestuffmove.com\/fr\/wp-json\/wp\/v2\/types\/product"}],"wp:featuredmedia":[{"embeddable":true,"href":"https:\/\/makestuffmove.com\/fr\/wp-json\/wp\/v2\/media\/24597"}],"wp:attachment":[{"href":"https:\/\/makestuffmove.com\/fr\/wp-json\/wp\/v2\/media?parent=24592"}],"wp:term":[{"taxonomy":"product_brand","embeddable":true,"href":"https:\/\/makestuffmove.com\/fr\/wp-json\/wp\/v2\/product_brand?post=24592"},{"taxonomy":"product_cat","embeddable":true,"href":"https:\/\/makestuffmove.com\/fr\/wp-json\/wp\/v2\/product_cat?post=24592"},{"taxonomy":"product_tag","embeddable":true,"href":"https:\/\/makestuffmove.com\/fr\/wp-json\/wp\/v2\/product_tag?post=24592"}],"curies":[{"name":"wp","href":"https:\/\/api.w.org\/{rel}","templated":true}]}}