{"id":6713,"date":"2024-08-20T23:18:57","date_gmt":"2024-08-21T03:18:57","guid":{"rendered":"https:\/\/makestuffmove.com\/?page_id=6713"},"modified":"2024-09-27T12:23:44","modified_gmt":"2024-09-27T16:23:44","slug":"mobile-maker-space-15-2","status":"publish","type":"page","link":"https:\/\/makestuffmove.com\/fr\/mobile-maker-space-15-2\/","title":{"rendered":"Espace de cr\u00e9ation mobile | Micro:Bit"},"content":{"rendered":"<div class=\"wp-block-group has-background\" style=\"background-color:#e40000\"><div class=\"wp-block-group__inner-container is-layout-flow wp-block-group-is-layout-flow\">\n<div class=\"wp-block-columns is-layout-flex wp-container-core-columns-is-layout-9d6595d7 wp-block-columns-is-layout-flex\">\n<div class=\"wp-block-column is-layout-flow wp-block-column-is-layout-flow\" style=\"flex-basis:100%\">\n<div class=\"wp-block-group\"><div class=\"wp-block-group__inner-container is-layout-flow wp-block-group-is-layout-flow\">\n<div style=\"height:50px\" aria-hidden=\"true\" class=\"wp-block-spacer\"><\/div>\n\n\n\n<h2 class=\"wp-block-heading has-text-align-center has-white-color has-text-color\" id=\"h-welcome-to-our-maker-space\">Bienvenue dans notre Espace Cr\u00e9ateur !<\/h2>\n\n\n\n<p class=\"has-text-align-center has-white-color has-text-color\"> Notre Mobile Maker Space est le point de d\u00e9part id\u00e9al pour les enseignants et les \u00e9tudiants qui souhaitent acqu\u00e9rir des outils et construire avec la robotique. Le bac est livr\u00e9 avec 15 kits de d\u00e9marrage comprenant tout le n\u00e9cessaire pour construire plusieurs projets (\u00e9num\u00e9r\u00e9s ci-dessous) et bien s\u00fbr, peut \u00eatre utilis\u00e9 pour faire bouger vos propres affaires\u00a0! Nous vous recommandons de regarder les vid\u00e9os de d\u00e9marrage ci-dessous pour couvrir certaines des bases avant de commencer les le\u00e7ons. <\/p>\n\n\n\n<figure class=\"wp-block-video\"><video height=\"1080\" style=\"aspect-ratio: 1920 \/ 1080;\" width=\"1920\" controls src=\"https:\/\/makestuffmove.com\/wp-content\/uploads\/2023\/03\/welome-to-our-makerspace_01.mp4\"><\/video><\/figure>\n<\/div><\/div>\n<\/div>\n<\/div>\n<\/div><\/div>\n\n\n\n<div style=\"height:100px\" aria-hidden=\"true\" class=\"wp-block-spacer\"><\/div>\n\n\n\n<h2 class=\"wp-block-heading\" id=\"h-start-up\">Commencez<\/h2>\n\n\n\n<div class=\"wp-block-columns is-layout-flex wp-container-core-columns-is-layout-9d6595d7 wp-block-columns-is-layout-flex\">\n<div class=\"wp-block-column is-layout-flow wp-block-column-is-layout-flow\"><div class=\"build-block\"><a class=\"block-link\" href=\"https:\/\/makestuffmove.com\/fr\/build\/start-up-adjusting-servo-socks\/\"><h4 class=\"build-title\">D\u00e9marrage | Ajustement des chaussettes servo<\/h4><div class=\"build-info\"><div class=\"build-main-image\"><img decoding=\"async\" src=\"https:\/\/makestuffmove.com\/wp-content\/uploads\/2023\/03\/adjust-servo-socks_01.jpg\"><\/div><div class=\"entry-content\">Comment ajuster la position de d\u00e9but et de fin d&#039;un servomoteur \u00e0 l&#039;int\u00e9rieur d&#039;une chaussette servo.<\/div><\/div><\/a><\/div>\n<\/div>\n\n\n\n<div class=\"wp-block-column is-layout-flow wp-block-column-is-layout-flow\"><div class=\"build-block\"><a class=\"block-link\" href=\"https:\/\/makestuffmove.com\/fr\/build\/start-up-fastening-techniques\/\"><h4 class=\"build-title\">D\u00e9marrage | Techniques de fixation<\/h4><div class=\"build-info\"><div class=\"build-main-image\"><img decoding=\"async\" src=\"https:\/\/makestuffmove.com\/wp-content\/uploads\/2023\/03\/fastening-techniques_01.jpg\"><\/div><div class=\"entry-content\">Un examen rapide de quelques techniques de fixation g\u00e9n\u00e9rales<\/div><\/div><\/a><\/div>\n<\/div>\n\n\n\n<div class=\"wp-block-column is-layout-flow wp-block-column-is-layout-flow\"><\/div>\n\n\n\n<div class=\"wp-block-column is-layout-flow wp-block-column-is-layout-flow\"><\/div>\n<\/div>\n\n\n\n<h2 class=\"wp-block-heading\" id=\"h-the-lessons\">Les cours<\/h2>\n\n\n\n<div class=\"wp-block-columns is-layout-flex wp-container-core-columns-is-layout-9d6595d7 wp-block-columns-is-layout-flex\">\n<div class=\"wp-block-column is-layout-flow wp-block-column-is-layout-flow\"><div class=\"build-block\"><a class=\"block-link\" href=\"https:\/\/makestuffmove.com\/fr\/build\/lesson-analog-meter-microbit\/\"><h4 class=\"build-title\">Micro:bit | Compteur analogique<\/h4><div class=\"build-info\"><div class=\"build-main-image\"><img decoding=\"async\" src=\"https:\/\/makestuffmove.com\/wp-content\/uploads\/2021\/01\/meter_01_final.png\"><\/div><div class=\"entry-content\">Les compteurs analogiques sont tout autour de nous !. Ils sont utilis\u00e9s pour repr\u00e9senter visuellement les mesures et les donn\u00e9es. Un o...<\/div><\/div><\/a><\/div>\n<\/div>\n\n\n\n<div class=\"wp-block-column is-layout-flow wp-block-column-is-layout-flow\"><div class=\"build-block\"><a class=\"block-link\" href=\"https:\/\/makestuffmove.com\/fr\/build\/lesson-inch-worm-microbit\/\"><h4 class=\"build-title\">Micro:bit | Ver de pouce<\/h4><div class=\"build-info\"><div class=\"build-main-image\"><img decoding=\"async\" src=\"https:\/\/makestuffmove.com\/wp-content\/uploads\/2021\/04\/inch-worm_step_final.png\"><\/div><div class=\"entry-content\">Les chenilles sont si simples dans leur mouvement que c&#039;est un d\u00e9fi amusant de construire et d&#039;animer leur ...<\/div><\/div><\/a><\/div>\n<\/div>\n\n\n\n<div class=\"wp-block-column is-layout-flow wp-block-column-is-layout-flow\"><div class=\"build-block\"><a class=\"block-link\" href=\"https:\/\/makestuffmove.com\/fr\/build\/lesson-flinger-drummer-microbit\/\"><h4 class=\"build-title\">Micro:bit | Batteur-Flinger<\/h4><div class=\"build-info\"><div class=\"build-main-image\"><img decoding=\"async\" src=\"https:\/\/makestuffmove.com\/wp-content\/uploads\/2021\/03\/flinger-drummer_step_12.png\"><\/div><div class=\"entry-content\">Cette version s&#039;av\u00e8re utile de deux mani\u00e8res; jeter des trucs et tambouriner sur des trucs. Le co global...<\/div><\/div><\/a><\/div>\n<\/div>\n\n\n\n<div class=\"wp-block-column is-layout-flow wp-block-column-is-layout-flow\"><\/div>\n<\/div>\n\n\n\n<div style=\"height:100px\" aria-hidden=\"true\" class=\"wp-block-spacer\"><\/div>\n\n\n\n<div class=\"wp-block-columns is-layout-flex wp-container-core-columns-is-layout-9d6595d7 wp-block-columns-is-layout-flex\">\n<div class=\"wp-block-column is-layout-flow wp-block-column-is-layout-flow\">\n<h2 class=\"wp-block-heading\" id=\"h-no-computer-at-first\">PAS D&#039;ORDINATEUR<br>\u2026 D&#039;ABORD<\/h2>\n\n\n\n<figure class=\"wp-block-image size-large is-resized\"><img decoding=\"async\" width=\"1024\" height=\"1024\" src=\"https:\/\/makestuffmove.com\/wp-content\/uploads\/2024\/09\/microbit_breakout-2-1024x1024.jpg\" alt=\"\" class=\"wp-image-6742\" style=\"width:198px;height:auto\" srcset=\"https:\/\/makestuffmove.com\/wp-content\/uploads\/2024\/09\/microbit_breakout-2-1024x1024.jpg 1024w, https:\/\/makestuffmove.com\/wp-content\/uploads\/2024\/09\/microbit_breakout-2-500x500.jpg 500w, https:\/\/makestuffmove.com\/wp-content\/uploads\/2024\/09\/microbit_breakout-2-150x150.jpg 150w, https:\/\/makestuffmove.com\/wp-content\/uploads\/2024\/09\/microbit_breakout-2-768x768.jpg 768w, https:\/\/makestuffmove.com\/wp-content\/uploads\/2024\/09\/microbit_breakout-2-1536x1536.jpg 1536w, https:\/\/makestuffmove.com\/wp-content\/uploads\/2024\/09\/microbit_breakout-2-12x12.jpg 12w, https:\/\/makestuffmove.com\/wp-content\/uploads\/2024\/09\/microbit_breakout-2-800x800.jpg 800w, https:\/\/makestuffmove.com\/wp-content\/uploads\/2024\/09\/microbit_breakout-2-100x100.jpg 100w, https:\/\/makestuffmove.com\/wp-content\/uploads\/2024\/09\/microbit_breakout-2.jpg 2048w\" sizes=\"(max-width: 1024px) 100vw, 1024px\" \/><\/figure>\n\n\n\n<p>Nous proposons un code compatible avec votre Micro:bit et notre carte Animate Breakout, permettant une exp\u00e9rience sans ordinateur (tutoriel ci-dessous). Ceci permet \u00e9galement aux \u00e9l\u00e8ves et aux enseignants de travailler dans diff\u00e9rentes salles de classe sans avoir besoin d&#039;un ordinateur.<\/p>\n\n\n\n<div class=\"wp-block-buttons is-layout-flex wp-block-buttons-is-layout-flex\">\n<div class=\"wp-block-button\"><a class=\"wp-block-button__link wp-element-button\" href=\"https:\/\/makestuffmove.com\/fr\/build\/microbit-animate-breakout-code\/\" target=\"_blank\" rel=\"noreferrer noopener\">Code d&#039;Animate Breakout<\/a><\/div>\n<\/div>\n\n\n\n<p>La carte d&#039;extension comprend 3 potentiom\u00e8tres, des connexions simplifi\u00e9es et un pixel RVB. Pr\u00e9programm\u00e9e, elle permet d&#039;enregistrer les mouvements de vos servomoteurs et de les reproduire en boucle pour animer vos cr\u00e9ations. Elle permet \u00e9galement de connecter des capteurs (son, lumi\u00e8re, impulsions, etc.) pour animer des objets.&nbsp;<\/p>\n<\/div>\n\n\n\n<div class=\"wp-block-column is-layout-flow wp-block-column-is-layout-flow\">\n<h2 class=\"wp-block-heading\" id=\"h-when-you-are-ready-to-code\">QUAND VOUS \u00caTES PR\u00caT \u00c0 CODE<\/h2>\n\n\n\n<p>Notre carte d&#039;extension Micro:Bit est compatible avec les versions 1.5 et 2.0 de Micro:Bit. Il vous suffit de brancher votre carte Micro:Bit \u00e0 l&#039;aide du connecteur lat\u00e9ral pour commencer.<\/p>\n\n\n\n<p>Pour commencer \u00e0 coder, rendez-vous sur <\/p>\n\n\n\n<div class=\"wp-block-buttons is-layout-flex wp-block-buttons-is-layout-flex\">\n<div class=\"wp-block-button\"><a class=\"wp-block-button__link wp-element-button\" href=\"https:\/\/makecode.microbit.org\/\" target=\"_blank\" rel=\"noreferrer noopener\">Visitez Micro:bit Makecode<\/a><\/div>\n<\/div>\n\n\n\n<p><\/p>\n<\/div>\n<\/div>\n\n\n\n<h2 class=\"wp-block-heading\" id=\"h-code-tutorials\">Tutoriels de programmation<\/h2>\n\n\n\n<div class=\"wp-block-columns is-layout-flex wp-container-core-columns-is-layout-9d6595d7 wp-block-columns-is-layout-flex\">\n<div class=\"wp-block-column is-layout-flow wp-block-column-is-layout-flow\"><div class=\"build-block\"><a class=\"block-link\" href=\"https:\/\/makestuffmove.com\/fr\/build\/microbit-animate-breakout-code\/\"><h4 class=\"build-title\">Micro:bit | Animation du code Breakout<\/h4><div class=\"build-info\"><div class=\"build-main-image\"><img decoding=\"async\" src=\"https:\/\/makestuffmove.com\/wp-content\/uploads\/2024\/08\/microbit_breakout-2-1.jpg\"><\/div><div class=\"entry-content\"><\/div><\/div><\/a><\/div>\n<\/div>\n\n\n\n<div class=\"wp-block-column is-layout-flow wp-block-column-is-layout-flow\"><div class=\"build-block\"><a class=\"block-link\" href=\"https:\/\/makestuffmove.com\/fr\/build\/microbit-servo-knob\/\"><h4 class=\"build-title\">Micro:bit | Bouton de servo<\/h4><div class=\"build-info\"><div class=\"build-main-image\"><img decoding=\"async\" src=\"https:\/\/makestuffmove.com\/wp-content\/uploads\/2024\/04\/Screenshot-2024-04-30-223734-1.png\"><\/div><div class=\"entry-content\">Un exemple d&#039;utilisation d&#039;une entr\u00e9e analogique pour d\u00e9placer un servo<\/div><\/div><\/a><\/div>\n<\/div>\n\n\n\n<div class=\"wp-block-column is-layout-flow wp-block-column-is-layout-flow\"><div class=\"build-block\"><a class=\"block-link\" href=\"https:\/\/makestuffmove.com\/fr\/build\/microbit-pixel-blink\/\"><h4 class=\"build-title\">Micro:bit | Pixel Blink<\/h4><div class=\"build-info\"><div class=\"build-main-image\"><img decoding=\"async\" src=\"https:\/\/makestuffmove.com\/wp-content\/uploads\/2024\/04\/Screenshot-2024-04-30-223712.png\"><\/div><div class=\"entry-content\">Un exemple de la fa\u00e7on de faire clignoter une LED WS2812 (NeoPixel) de diff\u00e9rentes couleurs.<\/div><\/div><\/a><\/div>\n<\/div>\n\n\n\n<div class=\"wp-block-column is-layout-flow wp-block-column-is-layout-flow\"><\/div>\n<\/div>","protected":false},"excerpt":{"rendered":"<p>Welcome to our Maker Space! Our Mobile Maker Space is the ideal kickstart for teachers and students who wants to pick up some tools and build with robotics.&nbsp; The bin comes packed with 15 start-up kits including everything needed to build multiple projects (listed below) and of course, can be used to make your own [&hellip;]<\/p>\n","protected":false},"author":2,"featured_media":0,"parent":0,"menu_order":0,"comment_status":"closed","ping_status":"closed","template":"","meta":{"footnotes":""},"class_list":["post-6713","page","type-page","status-publish","hentry"],"acf":[],"yoast_head":"<!-- This site is optimized with the Yoast SEO Premium plugin v26.7 (Yoast SEO v27.3) - https:\/\/yoast.com\/product\/yoast-seo-premium-wordpress\/ -->\n<title>Mobile Maker Space | Micro:Bit - Make Stuff Move<\/title>\n<meta name=\"robots\" content=\"index, follow, max-snippet:-1, max-image-preview:large, max-video-preview:-1\" \/>\n<link rel=\"canonical\" href=\"https:\/\/makestuffmove.com\/fr\/mobile-maker-space-15-2\/\" \/>\n<meta property=\"og:locale\" content=\"fr_CA\" \/>\n<meta property=\"og:type\" content=\"article\" \/>\n<meta property=\"og:title\" content=\"Mobile Maker Space | Micro:Bit\" \/>\n<meta property=\"og:description\" content=\"Welcome to our Maker Space! Our Mobile Maker Space is the ideal kickstart for teachers and students who wants to pick up some tools and build with\" \/>\n<meta property=\"og:url\" content=\"https:\/\/makestuffmove.com\/fr\/mobile-maker-space-15-2\/\" \/>\n<meta property=\"og:site_name\" content=\"Make Stuff Move\" \/>\n<meta property=\"article:publisher\" content=\"http:\/\/facebook.com\/makestuffmove\" \/>\n<meta property=\"article:modified_time\" content=\"2024-09-27T16:23:44+00:00\" \/>\n<meta property=\"og:image\" content=\"https:\/\/makestuffmove.com\/wp-content\/uploads\/2024\/09\/microbit_breakout-2-1024x1024.jpg\" \/>\n<meta name=\"twitter:card\" content=\"summary_large_image\" \/>\n<meta name=\"twitter:label1\" content=\"Estimation du temps de lecture\" \/>\n\t<meta name=\"twitter:data1\" content=\"2 minutes\" \/>\n<script type=\"application\/ld+json\" class=\"yoast-schema-graph\">{\"@context\":\"https:\\\/\\\/schema.org\",\"@graph\":[{\"@type\":\"WebPage\",\"@id\":\"https:\\\/\\\/makestuffmove.com\\\/mobile-maker-space-15-2\\\/\",\"url\":\"https:\\\/\\\/makestuffmove.com\\\/mobile-maker-space-15-2\\\/\",\"name\":\"Mobile Maker Space | Micro:Bit - Make Stuff Move\",\"isPartOf\":{\"@id\":\"https:\\\/\\\/makestuffmove.com\\\/#website\"},\"primaryImageOfPage\":{\"@id\":\"https:\\\/\\\/makestuffmove.com\\\/mobile-maker-space-15-2\\\/#primaryimage\"},\"image\":{\"@id\":\"https:\\\/\\\/makestuffmove.com\\\/mobile-maker-space-15-2\\\/#primaryimage\"},\"thumbnailUrl\":\"https:\\\/\\\/makestuffmove.com\\\/wp-content\\\/uploads\\\/2024\\\/09\\\/microbit_breakout-2-1024x1024.jpg\",\"datePublished\":\"2024-08-21T03:18:57+00:00\",\"dateModified\":\"2024-09-27T16:23:44+00:00\",\"breadcrumb\":{\"@id\":\"https:\\\/\\\/makestuffmove.com\\\/mobile-maker-space-15-2\\\/#breadcrumb\"},\"inLanguage\":\"fr-CA\",\"potentialAction\":[{\"@type\":\"ReadAction\",\"target\":[\"https:\\\/\\\/makestuffmove.com\\\/mobile-maker-space-15-2\\\/\"]}]},{\"@type\":\"ImageObject\",\"inLanguage\":\"fr-CA\",\"@id\":\"https:\\\/\\\/makestuffmove.com\\\/mobile-maker-space-15-2\\\/#primaryimage\",\"url\":\"https:\\\/\\\/makestuffmove.com\\\/wp-content\\\/uploads\\\/2024\\\/09\\\/microbit_breakout-2-1024x1024.jpg\",\"contentUrl\":\"https:\\\/\\\/makestuffmove.com\\\/wp-content\\\/uploads\\\/2024\\\/09\\\/microbit_breakout-2-1024x1024.jpg\"},{\"@type\":\"BreadcrumbList\",\"@id\":\"https:\\\/\\\/makestuffmove.com\\\/mobile-maker-space-15-2\\\/#breadcrumb\",\"itemListElement\":[{\"@type\":\"ListItem\",\"position\":1,\"name\":\"Home\",\"item\":\"https:\\\/\\\/makestuffmove.com\\\/\"},{\"@type\":\"ListItem\",\"position\":2,\"name\":\"Mobile Maker Space | Micro:Bit\"}]},{\"@type\":\"WebSite\",\"@id\":\"https:\\\/\\\/makestuffmove.com\\\/#website\",\"url\":\"https:\\\/\\\/makestuffmove.com\\\/\",\"name\":\"Make Stuff Move\",\"description\":\"Let&#039;s Teach Tools!\",\"publisher\":{\"@id\":\"https:\\\/\\\/makestuffmove.com\\\/#organization\"},\"potentialAction\":[{\"@type\":\"SearchAction\",\"target\":{\"@type\":\"EntryPoint\",\"urlTemplate\":\"https:\\\/\\\/makestuffmove.com\\\/?s={search_term_string}\"},\"query-input\":{\"@type\":\"PropertyValueSpecification\",\"valueRequired\":true,\"valueName\":\"search_term_string\"}}],\"inLanguage\":\"fr-CA\"},{\"@type\":\"Organization\",\"@id\":\"https:\\\/\\\/makestuffmove.com\\\/#organization\",\"name\":\"Make Stuff Move\",\"url\":\"https:\\\/\\\/makestuffmove.com\\\/\",\"logo\":{\"@type\":\"ImageObject\",\"inLanguage\":\"fr-CA\",\"@id\":\"https:\\\/\\\/makestuffmove.com\\\/#\\\/schema\\\/logo\\\/image\\\/\",\"url\":\"\",\"contentUrl\":\"\",\"caption\":\"Make Stuff Move\"},\"image\":{\"@id\":\"https:\\\/\\\/makestuffmove.com\\\/#\\\/schema\\\/logo\\\/image\\\/\"},\"sameAs\":[\"http:\\\/\\\/facebook.com\\\/makestuffmove\",\"http:\\\/\\\/instagram.com\\\/makestuffmoveinc\",\"https:\\\/\\\/www.youtube.com\\\/channel\\\/UC3QPj9vHLuaJhO5ROM6hKow\"]}]}<\/script>\n<!-- \/ Yoast SEO Premium plugin. -->","yoast_head_json":{"title":"Mobile Maker Space | Micro:Bit - Make Stuff Move","robots":{"index":"index","follow":"follow","max-snippet":"max-snippet:-1","max-image-preview":"max-image-preview:large","max-video-preview":"max-video-preview:-1"},"canonical":"https:\/\/makestuffmove.com\/fr\/mobile-maker-space-15-2\/","og_locale":"fr_CA","og_type":"article","og_title":"Mobile Maker Space | Micro:Bit","og_description":"Welcome to our Maker Space! Our Mobile Maker Space is the ideal kickstart for teachers and students who wants to pick up some tools and build with","og_url":"https:\/\/makestuffmove.com\/fr\/mobile-maker-space-15-2\/","og_site_name":"Make Stuff Move","article_publisher":"http:\/\/facebook.com\/makestuffmove","article_modified_time":"2024-09-27T16:23:44+00:00","og_image":[{"url":"https:\/\/makestuffmove.com\/wp-content\/uploads\/2024\/09\/microbit_breakout-2-1024x1024.jpg","type":"","width":"","height":""}],"twitter_card":"summary_large_image","twitter_misc":{"Estimation du temps de lecture":"2 minutes"},"schema":{"@context":"https:\/\/schema.org","@graph":[{"@type":"WebPage","@id":"https:\/\/makestuffmove.com\/mobile-maker-space-15-2\/","url":"https:\/\/makestuffmove.com\/mobile-maker-space-15-2\/","name":"Mobile Maker Space | Micro:Bit - Make Stuff Move","isPartOf":{"@id":"https:\/\/makestuffmove.com\/#website"},"primaryImageOfPage":{"@id":"https:\/\/makestuffmove.com\/mobile-maker-space-15-2\/#primaryimage"},"image":{"@id":"https:\/\/makestuffmove.com\/mobile-maker-space-15-2\/#primaryimage"},"thumbnailUrl":"https:\/\/makestuffmove.com\/wp-content\/uploads\/2024\/09\/microbit_breakout-2-1024x1024.jpg","datePublished":"2024-08-21T03:18:57+00:00","dateModified":"2024-09-27T16:23:44+00:00","breadcrumb":{"@id":"https:\/\/makestuffmove.com\/mobile-maker-space-15-2\/#breadcrumb"},"inLanguage":"fr-CA","potentialAction":[{"@type":"ReadAction","target":["https:\/\/makestuffmove.com\/mobile-maker-space-15-2\/"]}]},{"@type":"ImageObject","inLanguage":"fr-CA","@id":"https:\/\/makestuffmove.com\/mobile-maker-space-15-2\/#primaryimage","url":"https:\/\/makestuffmove.com\/wp-content\/uploads\/2024\/09\/microbit_breakout-2-1024x1024.jpg","contentUrl":"https:\/\/makestuffmove.com\/wp-content\/uploads\/2024\/09\/microbit_breakout-2-1024x1024.jpg"},{"@type":"BreadcrumbList","@id":"https:\/\/makestuffmove.com\/mobile-maker-space-15-2\/#breadcrumb","itemListElement":[{"@type":"ListItem","position":1,"name":"Home","item":"https:\/\/makestuffmove.com\/"},{"@type":"ListItem","position":2,"name":"Mobile Maker Space | Micro:Bit"}]},{"@type":"WebSite","@id":"https:\/\/makestuffmove.com\/#website","url":"https:\/\/makestuffmove.com\/","name":"Faire bouger les choses","description":"Enseignons les outils\u00a0!","publisher":{"@id":"https:\/\/makestuffmove.com\/#organization"},"potentialAction":[{"@type":"SearchAction","target":{"@type":"EntryPoint","urlTemplate":"https:\/\/makestuffmove.com\/?s={search_term_string}"},"query-input":{"@type":"PropertyValueSpecification","valueRequired":true,"valueName":"search_term_string"}}],"inLanguage":"fr-CA"},{"@type":"Organization","@id":"https:\/\/makestuffmove.com\/#organization","name":"Faire bouger les choses","url":"https:\/\/makestuffmove.com\/","logo":{"@type":"ImageObject","inLanguage":"fr-CA","@id":"https:\/\/makestuffmove.com\/#\/schema\/logo\/image\/","url":"","contentUrl":"","caption":"Make Stuff Move"},"image":{"@id":"https:\/\/makestuffmove.com\/#\/schema\/logo\/image\/"},"sameAs":["http:\/\/facebook.com\/makestuffmove","http:\/\/instagram.com\/makestuffmoveinc","https:\/\/www.youtube.com\/channel\/UC3QPj9vHLuaJhO5ROM6hKow"]}]}},"jetpack_sharing_enabled":true,"_links":{"self":[{"href":"https:\/\/makestuffmove.com\/fr\/wp-json\/wp\/v2\/pages\/6713","targetHints":{"allow":["GET"]}}],"collection":[{"href":"https:\/\/makestuffmove.com\/fr\/wp-json\/wp\/v2\/pages"}],"about":[{"href":"https:\/\/makestuffmove.com\/fr\/wp-json\/wp\/v2\/types\/page"}],"author":[{"embeddable":true,"href":"https:\/\/makestuffmove.com\/fr\/wp-json\/wp\/v2\/users\/2"}],"replies":[{"embeddable":true,"href":"https:\/\/makestuffmove.com\/fr\/wp-json\/wp\/v2\/comments?post=6713"}],"version-history":[{"count":12,"href":"https:\/\/makestuffmove.com\/fr\/wp-json\/wp\/v2\/pages\/6713\/revisions"}],"predecessor-version":[{"id":6789,"href":"https:\/\/makestuffmove.com\/fr\/wp-json\/wp\/v2\/pages\/6713\/revisions\/6789"}],"wp:attachment":[{"href":"https:\/\/makestuffmove.com\/fr\/wp-json\/wp\/v2\/media?parent=6713"}],"curies":[{"name":"wp","href":"https:\/\/api.w.org\/{rel}","templated":true}]}}