{"id":6229,"date":"2023-10-12T10:48:27","date_gmt":"2023-10-12T14:48:27","guid":{"rendered":"https:\/\/makestuffmove.com\/?page_id=6229"},"modified":"2023-10-22T17:15:29","modified_gmt":"2023-10-22T21:15:29","slug":"edusupport","status":"publish","type":"page","link":"https:\/\/makestuffmove.com\/fr\/edusupport\/","title":{"rendered":"EduSupport avec Make Stuff Move"},"content":{"rendered":"<div class=\"wp-block-group\"><div class=\"wp-block-group__inner-container is-layout-constrained wp-block-group-is-layout-constrained\">\n<div class=\"wp-block-columns is-layout-flex wp-container-core-columns-is-layout-9d6595d7 wp-block-columns-is-layout-flex\">\n<div class=\"wp-block-column is-layout-flow wp-block-column-is-layout-flow\">\n<p>Vous souhaitez contribuer \u00e0 transmettre des comp\u00e9tences pratiques \u00e0 la prochaine g\u00e9n\u00e9ration de travailleurs qualifi\u00e9s\u00a0? Chez Make Stuff Move, nous avons \u00e0 c\u0153ur d\u2019offrir aux enseignants la possibilit\u00e9 d\u2019int\u00e9grer des comp\u00e9tences pratiques en classe gr\u00e2ce \u00e0 nos kits et nos le\u00e7ons. Nous sommes impatients de collaborer avec les entreprises et les organisations qui souhaitent soutenir les enseignants afin qu\u2019ils puissent proposer ces opportunit\u00e9s aux \u00e9l\u00e8ves en toute confiance.<\/p>\n\n\n\n<p>Nous sommes fiers de notre transparence\u00a0: nous ne sommes ni une \u0153uvre de charit\u00e9 ni une association \u00e0 but non lucratif. Nous sommes une entreprise guid\u00e9e par une mission. Notre collaboration permettra non seulement d\u2019enrichir le paysage \u00e9ducatif, mais aussi de faire d\u00e9couvrir aux \u00e9tudiants les opportunit\u00e9s offertes par votre domaine.<\/p>\n<\/div>\n\n\n\n<div class=\"wp-block-column is-layout-flow wp-block-column-is-layout-flow\">\n<figure class=\"wp-block-image size-large is-resized\"><img decoding=\"async\" width=\"1024\" height=\"1007\" src=\"https:\/\/makestuffmove.com\/wp-content\/uploads\/2023\/10\/msm_sponsorship_02-1024x1007.jpg\" alt=\"\" class=\"wp-image-6262\" style=\"aspect-ratio:1.0168818272095332;width:522px;height:auto\" srcset=\"https:\/\/makestuffmove.com\/wp-content\/uploads\/2023\/10\/msm_sponsorship_02-1024x1007.jpg 1024w, https:\/\/makestuffmove.com\/wp-content\/uploads\/2023\/10\/msm_sponsorship_02-500x492.jpg 500w, https:\/\/makestuffmove.com\/wp-content\/uploads\/2023\/10\/msm_sponsorship_02-768x755.jpg 768w, https:\/\/makestuffmove.com\/wp-content\/uploads\/2023\/10\/msm_sponsorship_02-1536x1510.jpg 1536w, https:\/\/makestuffmove.com\/wp-content\/uploads\/2023\/10\/msm_sponsorship_02-2048x2014.jpg 2048w, https:\/\/makestuffmove.com\/wp-content\/uploads\/2023\/10\/msm_sponsorship_02-12x12.jpg 12w, https:\/\/makestuffmove.com\/wp-content\/uploads\/2023\/10\/msm_sponsorship_02-800x787.jpg 800w\" sizes=\"(max-width: 1024px) 100vw, 1024px\" \/><\/figure>\n<\/div>\n<\/div>\n\n\n\n<h2 class=\"wp-block-heading\">Options de soutien<\/h2>\n\n\n\n<ul class=\"wp-block-list\">\n<li><strong>Kits \u201c espace de cr\u00e9ation mobile \u201d pour la classe\u00a0:<\/strong> Offrant une exp\u00e9rience d&#039;apprentissage compl\u00e8te pour des classes enti\u00e8res, ces kits sont \u00e9quip\u00e9s de tout le n\u00e9cessaire pour explorer de multiples le\u00e7ons \u00e0 l&#039;aide d&#039;outils, de mat\u00e9riaux, de mat\u00e9riel et d&#039;\u00e9lectronique courants.<\/li>\n\n\n\n<li><strong>Kits de d\u00e9marrage individuels\u00a0:<\/strong> Parfaits comme cadeaux promotionnels lors d&#039;\u00e9v\u00e9nements, ces kits d&#039;initiation sont un excellent moyen de susciter l&#039;int\u00e9r\u00eat pour les domaines des sciences, de la technologie, de l&#039;ing\u00e9nierie et des math\u00e9matiques (STEM) et les m\u00e9tiers sp\u00e9cialis\u00e9s.<\/li>\n<\/ul>\n\n\n\n<h2 class=\"wp-block-heading\">Comment nous mettons en valeur votre entreprise<\/h2>\n\n\n\n<ul class=\"wp-block-list\">\n<li><strong>Visibilit\u00e9<\/strong>: Faites figurer votre logo sur l&#039;emballage de notre kit.<\/li>\n\n\n\n<li><strong>\u00c9ducation et sensibilisation<\/strong>: Incluez dans nos kits des documents, tels que des brochures ou des fiches d&#039;information, afin de sensibiliser les \u00e9tudiants \u00e0 votre secteur d&#039;activit\u00e9.<\/li>\n\n\n\n<li><strong>Impact direct<\/strong>Choisissez la destination de vos kits achet\u00e9s, afin de garantir que votre contribution soit utilis\u00e9e comme pr\u00e9vu.<\/li>\n<\/ul>\n\n\n\n<h2 class=\"wp-block-heading\">Personnalisation<\/h2>\n\n\n\n<p>Vous souhaitez cr\u00e9er une exp\u00e9rience ou un kit unique\u00a0? Parlons de la conception d\u2019un kit comprenant des le\u00e7ons inspir\u00e9es de votre secteur d\u2019activit\u00e9, permettant aux \u00e9tudiants d\u2019acqu\u00e9rir une exp\u00e9rience pratique et de nourrir leurs ambitions.<\/p>\n\n\n\n<p>Contribuez \u00e0 fa\u00e7onner l&#039;avenir de l&#039;apprentissage par la pratique\u00a0! En nous soutenant et en devenant partenaire, vous investissez dans la prochaine g\u00e9n\u00e9ration et donnez de la visibilit\u00e9 \u00e0 votre secteur. Travaillons ensemble pour inspirer les \u00e9l\u00e8ves et les enseignants. <\/p>\n\n\n\n<p><a href=\"https:\/\/makestuffmove.com\/fr\/contact-us\/\">Contactez-nous<\/a> aujourd&#039;hui pour commencer.<\/p>\n\n\n\n<div style=\"height:150px\" aria-hidden=\"true\" class=\"wp-block-spacer\"><\/div>\n<\/div><\/div>","protected":false},"excerpt":{"rendered":"<p>Are you looking to play a part in inspiring hands-on skills for the next generation of skilled workers? At Make Stuff Move, we&#8217;re passionate about creating opportunities for educators to bring practical skills into classrooms through our kits and lessons. We&#8217;re eager to collaborate with businesses and organizations that aim to support our educators so [&hellip;]<\/p>\n","protected":false},"author":2,"featured_media":0,"parent":0,"menu_order":0,"comment_status":"closed","ping_status":"closed","template":"","meta":{"footnotes":""},"class_list":["post-6229","page","type-page","status-publish","hentry"],"acf":[],"yoast_head":"<!-- This site is optimized with the Yoast SEO Premium plugin v26.7 (Yoast SEO v27.3) - https:\/\/yoast.com\/product\/yoast-seo-premium-wordpress\/ -->\n<title>EduSupport with Make Stuff Move - Make Stuff Move<\/title>\n<meta name=\"robots\" content=\"index, follow, max-snippet:-1, max-image-preview:large, max-video-preview:-1\" \/>\n<link rel=\"canonical\" href=\"https:\/\/makestuffmove.com\/fr\/edusupport\/\" \/>\n<meta property=\"og:locale\" content=\"fr_CA\" \/>\n<meta property=\"og:type\" content=\"article\" \/>\n<meta property=\"og:title\" content=\"EduSupport with Make Stuff Move\" \/>\n<meta property=\"og:description\" content=\"Are you looking to play a part in inspiring hands-on skills for the next generation of skilled workers? At Make Stuff Move, we&#039;re passionate about\" \/>\n<meta property=\"og:url\" content=\"https:\/\/makestuffmove.com\/fr\/edusupport\/\" \/>\n<meta property=\"og:site_name\" content=\"Make Stuff Move\" \/>\n<meta property=\"article:publisher\" content=\"http:\/\/facebook.com\/makestuffmove\" \/>\n<meta property=\"article:modified_time\" content=\"2023-10-22T21:15:29+00:00\" \/>\n<meta property=\"og:image\" content=\"https:\/\/makestuffmove.com\/wp-content\/uploads\/2023\/10\/msm_sponsorship_02-1024x1007.jpg\" \/>\n<meta name=\"twitter:card\" content=\"summary_large_image\" \/>\n<meta name=\"twitter:label1\" content=\"Estimation du temps de lecture\" \/>\n\t<meta name=\"twitter:data1\" content=\"2 minutes\" \/>\n<script type=\"application\/ld+json\" class=\"yoast-schema-graph\">{\"@context\":\"https:\\\/\\\/schema.org\",\"@graph\":[{\"@type\":\"WebPage\",\"@id\":\"https:\\\/\\\/makestuffmove.com\\\/edusupport\\\/\",\"url\":\"https:\\\/\\\/makestuffmove.com\\\/edusupport\\\/\",\"name\":\"EduSupport with Make Stuff Move - Make Stuff Move\",\"isPartOf\":{\"@id\":\"https:\\\/\\\/makestuffmove.com\\\/#website\"},\"primaryImageOfPage\":{\"@id\":\"https:\\\/\\\/makestuffmove.com\\\/edusupport\\\/#primaryimage\"},\"image\":{\"@id\":\"https:\\\/\\\/makestuffmove.com\\\/edusupport\\\/#primaryimage\"},\"thumbnailUrl\":\"https:\\\/\\\/makestuffmove.com\\\/wp-content\\\/uploads\\\/2023\\\/10\\\/msm_sponsorship_02-1024x1007.jpg\",\"datePublished\":\"2023-10-12T14:48:27+00:00\",\"dateModified\":\"2023-10-22T21:15:29+00:00\",\"breadcrumb\":{\"@id\":\"https:\\\/\\\/makestuffmove.com\\\/edusupport\\\/#breadcrumb\"},\"inLanguage\":\"fr-CA\",\"potentialAction\":[{\"@type\":\"ReadAction\",\"target\":[\"https:\\\/\\\/makestuffmove.com\\\/edusupport\\\/\"]}]},{\"@type\":\"ImageObject\",\"inLanguage\":\"fr-CA\",\"@id\":\"https:\\\/\\\/makestuffmove.com\\\/edusupport\\\/#primaryimage\",\"url\":\"https:\\\/\\\/makestuffmove.com\\\/wp-content\\\/uploads\\\/2023\\\/10\\\/msm_sponsorship_02-1024x1007.jpg\",\"contentUrl\":\"https:\\\/\\\/makestuffmove.com\\\/wp-content\\\/uploads\\\/2023\\\/10\\\/msm_sponsorship_02-1024x1007.jpg\"},{\"@type\":\"BreadcrumbList\",\"@id\":\"https:\\\/\\\/makestuffmove.com\\\/edusupport\\\/#breadcrumb\",\"itemListElement\":[{\"@type\":\"ListItem\",\"position\":1,\"name\":\"Home\",\"item\":\"https:\\\/\\\/makestuffmove.com\\\/\"},{\"@type\":\"ListItem\",\"position\":2,\"name\":\"EduSupport with Make Stuff Move\"}]},{\"@type\":\"WebSite\",\"@id\":\"https:\\\/\\\/makestuffmove.com\\\/#website\",\"url\":\"https:\\\/\\\/makestuffmove.com\\\/\",\"name\":\"Make Stuff Move\",\"description\":\"Let&#039;s Teach Tools!\",\"publisher\":{\"@id\":\"https:\\\/\\\/makestuffmove.com\\\/#organization\"},\"potentialAction\":[{\"@type\":\"SearchAction\",\"target\":{\"@type\":\"EntryPoint\",\"urlTemplate\":\"https:\\\/\\\/makestuffmove.com\\\/?s={search_term_string}\"},\"query-input\":{\"@type\":\"PropertyValueSpecification\",\"valueRequired\":true,\"valueName\":\"search_term_string\"}}],\"inLanguage\":\"fr-CA\"},{\"@type\":\"Organization\",\"@id\":\"https:\\\/\\\/makestuffmove.com\\\/#organization\",\"name\":\"Make Stuff Move\",\"url\":\"https:\\\/\\\/makestuffmove.com\\\/\",\"logo\":{\"@type\":\"ImageObject\",\"inLanguage\":\"fr-CA\",\"@id\":\"https:\\\/\\\/makestuffmove.com\\\/#\\\/schema\\\/logo\\\/image\\\/\",\"url\":\"\",\"contentUrl\":\"\",\"caption\":\"Make Stuff Move\"},\"image\":{\"@id\":\"https:\\\/\\\/makestuffmove.com\\\/#\\\/schema\\\/logo\\\/image\\\/\"},\"sameAs\":[\"http:\\\/\\\/facebook.com\\\/makestuffmove\",\"http:\\\/\\\/instagram.com\\\/makestuffmoveinc\",\"https:\\\/\\\/www.youtube.com\\\/channel\\\/UC3QPj9vHLuaJhO5ROM6hKow\"]}]}<\/script>\n<!-- \/ Yoast SEO Premium plugin. -->","yoast_head_json":{"title":"EduSupport with Make Stuff Move - Make Stuff Move","robots":{"index":"index","follow":"follow","max-snippet":"max-snippet:-1","max-image-preview":"max-image-preview:large","max-video-preview":"max-video-preview:-1"},"canonical":"https:\/\/makestuffmove.com\/fr\/edusupport\/","og_locale":"fr_CA","og_type":"article","og_title":"EduSupport with Make Stuff Move","og_description":"Are you looking to play a part in inspiring hands-on skills for the next generation of skilled workers? At Make Stuff Move, we're passionate about","og_url":"https:\/\/makestuffmove.com\/fr\/edusupport\/","og_site_name":"Make Stuff Move","article_publisher":"http:\/\/facebook.com\/makestuffmove","article_modified_time":"2023-10-22T21:15:29+00:00","og_image":[{"url":"https:\/\/makestuffmove.com\/wp-content\/uploads\/2023\/10\/msm_sponsorship_02-1024x1007.jpg","type":"","width":"","height":""}],"twitter_card":"summary_large_image","twitter_misc":{"Estimation du temps de lecture":"2 minutes"},"schema":{"@context":"https:\/\/schema.org","@graph":[{"@type":"WebPage","@id":"https:\/\/makestuffmove.com\/edusupport\/","url":"https:\/\/makestuffmove.com\/edusupport\/","name":"EduSupport with Make Stuff Move - Make Stuff Move","isPartOf":{"@id":"https:\/\/makestuffmove.com\/#website"},"primaryImageOfPage":{"@id":"https:\/\/makestuffmove.com\/edusupport\/#primaryimage"},"image":{"@id":"https:\/\/makestuffmove.com\/edusupport\/#primaryimage"},"thumbnailUrl":"https:\/\/makestuffmove.com\/wp-content\/uploads\/2023\/10\/msm_sponsorship_02-1024x1007.jpg","datePublished":"2023-10-12T14:48:27+00:00","dateModified":"2023-10-22T21:15:29+00:00","breadcrumb":{"@id":"https:\/\/makestuffmove.com\/edusupport\/#breadcrumb"},"inLanguage":"fr-CA","potentialAction":[{"@type":"ReadAction","target":["https:\/\/makestuffmove.com\/edusupport\/"]}]},{"@type":"ImageObject","inLanguage":"fr-CA","@id":"https:\/\/makestuffmove.com\/edusupport\/#primaryimage","url":"https:\/\/makestuffmove.com\/wp-content\/uploads\/2023\/10\/msm_sponsorship_02-1024x1007.jpg","contentUrl":"https:\/\/makestuffmove.com\/wp-content\/uploads\/2023\/10\/msm_sponsorship_02-1024x1007.jpg"},{"@type":"BreadcrumbList","@id":"https:\/\/makestuffmove.com\/edusupport\/#breadcrumb","itemListElement":[{"@type":"ListItem","position":1,"name":"Home","item":"https:\/\/makestuffmove.com\/"},{"@type":"ListItem","position":2,"name":"EduSupport with Make Stuff Move"}]},{"@type":"WebSite","@id":"https:\/\/makestuffmove.com\/#website","url":"https:\/\/makestuffmove.com\/","name":"Faire bouger les choses","description":"Enseignons les outils\u00a0!","publisher":{"@id":"https:\/\/makestuffmove.com\/#organization"},"potentialAction":[{"@type":"SearchAction","target":{"@type":"EntryPoint","urlTemplate":"https:\/\/makestuffmove.com\/?s={search_term_string}"},"query-input":{"@type":"PropertyValueSpecification","valueRequired":true,"valueName":"search_term_string"}}],"inLanguage":"fr-CA"},{"@type":"Organization","@id":"https:\/\/makestuffmove.com\/#organization","name":"Faire bouger les choses","url":"https:\/\/makestuffmove.com\/","logo":{"@type":"ImageObject","inLanguage":"fr-CA","@id":"https:\/\/makestuffmove.com\/#\/schema\/logo\/image\/","url":"","contentUrl":"","caption":"Make Stuff Move"},"image":{"@id":"https:\/\/makestuffmove.com\/#\/schema\/logo\/image\/"},"sameAs":["http:\/\/facebook.com\/makestuffmove","http:\/\/instagram.com\/makestuffmoveinc","https:\/\/www.youtube.com\/channel\/UC3QPj9vHLuaJhO5ROM6hKow"]}]}},"jetpack_sharing_enabled":true,"_links":{"self":[{"href":"https:\/\/makestuffmove.com\/fr\/wp-json\/wp\/v2\/pages\/6229","targetHints":{"allow":["GET"]}}],"collection":[{"href":"https:\/\/makestuffmove.com\/fr\/wp-json\/wp\/v2\/pages"}],"about":[{"href":"https:\/\/makestuffmove.com\/fr\/wp-json\/wp\/v2\/types\/page"}],"author":[{"embeddable":true,"href":"https:\/\/makestuffmove.com\/fr\/wp-json\/wp\/v2\/users\/2"}],"replies":[{"embeddable":true,"href":"https:\/\/makestuffmove.com\/fr\/wp-json\/wp\/v2\/comments?post=6229"}],"version-history":[{"count":9,"href":"https:\/\/makestuffmove.com\/fr\/wp-json\/wp\/v2\/pages\/6229\/revisions"}],"predecessor-version":[{"id":6266,"href":"https:\/\/makestuffmove.com\/fr\/wp-json\/wp\/v2\/pages\/6229\/revisions\/6266"}],"wp:attachment":[{"href":"https:\/\/makestuffmove.com\/fr\/wp-json\/wp\/v2\/media?parent=6229"}],"curies":[{"name":"wp","href":"https:\/\/api.w.org\/{rel}","templated":true}]}}