{"id":6166,"date":"2023-06-20T16:21:09","date_gmt":"2023-06-20T20:21:09","guid":{"rendered":"https:\/\/makestuffmove.com\/?page_id=6166"},"modified":"2023-06-20T16:28:11","modified_gmt":"2023-06-20T20:28:11","slug":"start-up-kit-1","status":"publish","type":"page","link":"https:\/\/makestuffmove.com\/fr\/start-up-kit-1\/","title":{"rendered":"Kit de d\u00e9marrage"},"content":{"rendered":"<div class=\"wp-block-group has-background\" style=\"background-color:#e40000\"><div class=\"wp-block-group__inner-container is-layout-flow wp-block-group-is-layout-flow\">\n<div class=\"wp-block-columns is-layout-flex wp-container-core-columns-is-layout-9d6595d7 wp-block-columns-is-layout-flex\">\n<div class=\"wp-block-column is-layout-flow wp-block-column-is-layout-flow\" style=\"flex-basis:100%\">\n<div class=\"wp-block-group\"><div class=\"wp-block-group__inner-container is-layout-flow wp-block-group-is-layout-flow\">\n<div style=\"height:50px\" aria-hidden=\"true\" class=\"wp-block-spacer\"><\/div>\n\n\n\n<h2 class=\"wp-block-heading has-text-align-center has-white-color has-text-color\">Bienvenue dans notre Espace Cr\u00e9ateur !<\/h2>\n\n\n\n<p class=\"has-text-align-center has-white-color has-text-color\"> Notre kit de d\u00e9marrage est id\u00e9al pour tous ceux qui souhaitent s&#039;initier \u00e0 la robotique. Il contient tout le n\u00e9cessaire pour r\u00e9aliser plusieurs projets (list\u00e9s ci-dessous) et, bien s\u00fbr, pour donner vie \u00e0 vos propres cr\u00e9ations\u00a0! Nous vous recommandons de visionner les tutoriels vid\u00e9o ci-dessous pour vous familiariser avec les bases avant de commencer les le\u00e7ons. <\/p>\n\n\n\n<figure class=\"wp-block-video\"><video height=\"1080\" style=\"aspect-ratio: 1920 \/ 1080;\" width=\"1920\" controls src=\"https:\/\/makestuffmove.com\/wp-content\/uploads\/2023\/03\/welome-to-our-makerspace_01.mp4\"><\/video><\/figure>\n<\/div><\/div>\n<\/div>\n<\/div>\n<\/div><\/div>\n\n\n\n<div style=\"height:100px\" aria-hidden=\"true\" class=\"wp-block-spacer\"><\/div>\n\n\n\n<h2 class=\"wp-block-heading\">Commencez<\/h2>\n\n\n\n<div class=\"wp-block-columns is-layout-flex wp-container-core-columns-is-layout-9d6595d7 wp-block-columns-is-layout-flex\">\n<div class=\"wp-block-column is-layout-flow wp-block-column-is-layout-flow\"><div class=\"build-block\"><a class=\"block-link\" href=\"https:\/\/makestuffmove.com\/fr\/build\/start-up-sock-io-animate-shield\/\"><h4 class=\"build-title\">D\u00e9marrage | CHAUSSETTE IO + Bouclier anim\u00e9<\/h4><div class=\"build-info\"><div class=\"build-main-image\"><img decoding=\"async\" src=\"https:\/\/makestuffmove.com\/wp-content\/uploads\/2023\/03\/control-board-quickstart.jpg\"><\/div><div class=\"entry-content\">Comment utiliser les fonctionnalit\u00e9s de notre combo SOCK IO + Animate shield.  <\/div><\/div><\/a><\/div>\n<\/div>\n\n\n\n<div class=\"wp-block-column is-layout-flow wp-block-column-is-layout-flow\"><div class=\"build-block\"><a class=\"block-link\" href=\"https:\/\/makestuffmove.com\/fr\/build\/start-up-adjusting-servo-socks\/\"><h4 class=\"build-title\">D\u00e9marrage | Ajustement des chaussettes servo<\/h4><div class=\"build-info\"><div class=\"build-main-image\"><img decoding=\"async\" src=\"https:\/\/makestuffmove.com\/wp-content\/uploads\/2023\/03\/adjust-servo-socks_01.jpg\"><\/div><div class=\"entry-content\">Comment ajuster la position de d\u00e9but et de fin d&#039;un servomoteur \u00e0 l&#039;int\u00e9rieur d&#039;une chaussette servo.<\/div><\/div><\/a><\/div>\n<\/div>\n\n\n\n<div class=\"wp-block-column is-layout-flow wp-block-column-is-layout-flow\"><div class=\"build-block\"><a class=\"block-link\" href=\"https:\/\/makestuffmove.com\/fr\/build\/start-up-fastening-techniques\/\"><h4 class=\"build-title\">D\u00e9marrage | Techniques de fixation<\/h4><div class=\"build-info\"><div class=\"build-main-image\"><img decoding=\"async\" src=\"https:\/\/makestuffmove.com\/wp-content\/uploads\/2023\/03\/fastening-techniques_01.jpg\"><\/div><div class=\"entry-content\">Un examen rapide de quelques techniques de fixation g\u00e9n\u00e9rales<\/div><\/div><\/a><\/div>\n<\/div>\n\n\n\n<div class=\"wp-block-column is-layout-flow wp-block-column-is-layout-flow\"><div class=\"build-block\"><a class=\"block-link\" href=\"https:\/\/makestuffmove.com\/fr\/build\/lesson-quickstart\/\"><h4 class=\"build-title\">Chaussette IO + diagramme de bouclier anim\u00e9<\/h4><div class=\"build-info\"><div class=\"build-main-image\"><img decoding=\"async\" src=\"https:\/\/makestuffmove.com\/wp-content\/uploads\/2021\/03\/quickstart-brochure_thumb.png\"><\/div><div class=\"entry-content\">Le diagramme suivant fera avancer les choses rapidement<\/div><\/div><\/a><\/div>\n<\/div>\n<\/div>\n\n\n\n<h2 class=\"wp-block-heading\">Les cours<\/h2>\n\n\n\n<div class=\"wp-block-columns is-layout-flex wp-container-core-columns-is-layout-9d6595d7 wp-block-columns-is-layout-flex\">\n<div class=\"wp-block-column is-layout-flow wp-block-column-is-layout-flow\"><div class=\"build-block\"><a class=\"block-link\" href=\"https:\/\/makestuffmove.com\/fr\/build\/lesson-analog-meter-arduino\/\"><h4 class=\"build-title\">Arduino | Compteur analogique<\/h4><div class=\"build-info\"><div class=\"build-main-image\"><img decoding=\"async\" src=\"https:\/\/makestuffmove.com\/wp-content\/uploads\/2021\/01\/meter_01_final.png\"><\/div><div class=\"entry-content\">Les compteurs analogiques sont tout autour de nous !. Ils sont utilis\u00e9s pour repr\u00e9senter visuellement les mesures et les donn\u00e9es. Un o...<\/div><\/div><\/a><\/div>\n<\/div>\n\n\n\n<div class=\"wp-block-column is-layout-flow wp-block-column-is-layout-flow\"><div class=\"build-block\"><a class=\"block-link\" href=\"https:\/\/makestuffmove.com\/fr\/build\/lesson-inch-worm-arduino\/\"><h4 class=\"build-title\">Arduino | Ver de pouce<\/h4><div class=\"build-info\"><div class=\"build-main-image\"><img decoding=\"async\" src=\"https:\/\/makestuffmove.com\/wp-content\/uploads\/2021\/04\/inch-worm_step_final.png\"><\/div><div class=\"entry-content\">Les chenilles sont si simples dans leur mouvement que c&#039;est un d\u00e9fi amusant de construire et d&#039;animer leur ...<\/div><\/div><\/a><\/div>\n<\/div>\n\n\n\n<div class=\"wp-block-column is-layout-flow wp-block-column-is-layout-flow\"><div class=\"build-block\"><a class=\"block-link\" href=\"https:\/\/makestuffmove.com\/fr\/build\/lesson-flinger-drummer-arduino\/\"><h4 class=\"build-title\">Arduino | Batteur \u00e0 main<\/h4><div class=\"build-info\"><div class=\"build-main-image\"><img decoding=\"async\" src=\"https:\/\/makestuffmove.com\/wp-content\/uploads\/2021\/03\/flinger-drummer_step_12.png\"><\/div><div class=\"entry-content\">Cette version s&#039;av\u00e8re utile de deux mani\u00e8res; jeter des trucs et tambouriner sur des trucs. Le co global...<\/div><\/div><\/a><\/div>\n<\/div>\n\n\n\n<div class=\"wp-block-column is-layout-flow wp-block-column-is-layout-flow\"><\/div>\n<\/div>\n\n\n\n<div style=\"height:100px\" aria-hidden=\"true\" class=\"wp-block-spacer\"><\/div>\n\n\n\n<div class=\"wp-block-columns is-layout-flex wp-container-core-columns-is-layout-9d6595d7 wp-block-columns-is-layout-flex\">\n<div class=\"wp-block-column is-layout-flow wp-block-column-is-layout-flow\">\n<h2 class=\"wp-block-heading\">Contenu du kit<\/h2>\n\n\n\n<ul class=\"wp-block-list\">\n<li>Carte Sock IO (compatible Arduino UNO R3)<\/li>\n\n\n\n<li>Bouclier anim\u00e9<\/li>\n\n\n\n<li>Capteur de son r\u00e9glable<\/li>\n\n\n\n<li>C\u00e2ble USB vers CC 5,5 \u00d7 2,1 mm<\/li>\n\n\n\n<li>C\u00e2ble USB-C<\/li>\n\n\n\n<li>C\u00e2bles d&#039;extension servo<\/li>\n\n\n\n<li>C\u00e2ble de raccordement du capteur<\/li>\n\n\n\n<li>Batterie externe USB 15x (en option)<\/li>\n\n\n\n<li>Chaussette servo avec servo positionnable de 3,8 kg\/cm<\/li>\n\n\n\n<li>Tournevis multibits<\/li>\n\n\n\n<li>Guides de d\u00e9marrage rapide<\/li>\n\n\n\n<li>Construire des pi\u00e8ces pour des projets<\/li>\n\n\n\n<li>B\u00e2tons de bois (x5)<\/li>\n\n\n\n<li>Socles en bois\n\n\n<ul class=\"wp-block-list\">\n<li>Mat\u00e9riel Cas<\/li>\n<\/ul>\n<\/li>\n\n\n\n<li>Philips #0 bits<\/li>\n\n\n\n<li>15 x Bit carr\u00e9 #1<\/li>\n\n\n\n<li>Cl\u00e9 5\/16\u2033<\/li>\n\n\n\n<li>Crayon<\/li>\n\n\n\n<li>Dirigeants<\/li>\n\n\n\n<li>Petites pi\u00e8ces de construction pour les projets<\/li>\n\n\n\n<li>Vis \u00e0 bois, vis m\u00e9caniques, \u00e9crous et fixations<\/li>\n<\/ul>\n<\/div>\n\n\n\n<div class=\"wp-block-column is-layout-flow wp-block-column-is-layout-flow\">\n<h2 class=\"wp-block-heading\">PAS D&#039;ORDINATEUR<br>\u2026 D&#039;ABORD<\/h2>\n\n\n\n<figure class=\"wp-block-image size-large\"><img decoding=\"async\" width=\"1024\" height=\"683\" src=\"https:\/\/makestuffmove.com\/wp-content\/uploads\/2022\/04\/IMG_0657-1024x683.jpg\" alt=\"\" class=\"wp-image-5472\" srcset=\"https:\/\/makestuffmove.com\/wp-content\/uploads\/2022\/04\/IMG_0657-1024x683.jpg 1024w, https:\/\/makestuffmove.com\/wp-content\/uploads\/2022\/04\/IMG_0657-500x333.jpg 500w, https:\/\/makestuffmove.com\/wp-content\/uploads\/2022\/04\/IMG_0657-768x512.jpg 768w, https:\/\/makestuffmove.com\/wp-content\/uploads\/2022\/04\/IMG_0657-1536x1024.jpg 1536w, https:\/\/makestuffmove.com\/wp-content\/uploads\/2022\/04\/IMG_0657-2048x1365.jpg 2048w, https:\/\/makestuffmove.com\/wp-content\/uploads\/2022\/04\/IMG_0657-800x533.jpg 800w\" sizes=\"(max-width: 1024px) 100vw, 1024px\" \/><\/figure>\n\n\n\n<p>Nos kits et projets commencent par <strong>aucun codage requis<\/strong>. Cela permet de privil\u00e9gier l&#039;apprentissage pratique au d\u00e9part. Cela vous permet \u00e9galement de travailler o\u00f9 vous le souhaitez, sans avoir besoin d&#039;un ordinateur.<\/p>\n\n\n\n<p>La carte de contr\u00f4le comprend 3 potentiom\u00e8tres, 2 boutons, des connexions simplifi\u00e9es et un pixel RVB. Pr\u00e9programm\u00e9e, elle permet d&#039;enregistrer les mouvements de vos servomoteurs et de les reproduire en boucle pour animer vos cr\u00e9ations. Elle permet \u00e9galement de connecter des capteurs (son, lumi\u00e8re, impulsions, etc.) pour animer des objets.&nbsp; <\/p>\n\n\n\n<h2 class=\"wp-block-heading\">QUAND VOUS \u00caTES PR\u00caT \u00c0 CODE<\/h2>\n\n\n\n<p>Notre contr\u00f4leur est une carte et un bouclier compatibles Arduino UNO, donc, une fois qu&#039;il est temps de creuser dans le codage, nous sommes l\u00e0 pour vous aider\u00a0!<\/p>\n\n\n\n<p>Nous avons r\u00e9cemment publi\u00e9 un \u00e9diteur de blocs pour faciliter le codage Arduino. Visitez le lien ci-dessous pour l&#039;essayer<\/p>\n\n\n\n<figure class=\"wp-block-image size-large\"><img decoding=\"async\" width=\"1024\" height=\"611\" src=\"https:\/\/makestuffmove.com\/wp-content\/uploads\/2023\/03\/makestuffmove-blocklyduino_01-1024x611.png\" alt=\"\" class=\"wp-image-5930\" srcset=\"https:\/\/makestuffmove.com\/wp-content\/uploads\/2023\/03\/makestuffmove-blocklyduino_01-1024x611.png 1024w, https:\/\/makestuffmove.com\/wp-content\/uploads\/2023\/03\/makestuffmove-blocklyduino_01-500x298.png 500w, https:\/\/makestuffmove.com\/wp-content\/uploads\/2023\/03\/makestuffmove-blocklyduino_01-768x458.png 768w, https:\/\/makestuffmove.com\/wp-content\/uploads\/2023\/03\/makestuffmove-blocklyduino_01-800x478.png 800w, https:\/\/makestuffmove.com\/wp-content\/uploads\/2023\/03\/makestuffmove-blocklyduino_01.png 1310w\" sizes=\"(max-width: 1024px) 100vw, 1024px\" \/><\/figure>\n\n\n\n<div class=\"wp-block-buttons is-layout-flex wp-block-buttons-is-layout-flex\">\n<div class=\"wp-block-button\"><a class=\"wp-block-button__link wp-element-button\" href=\"https:\/\/makestuffmove.com\/apps\/blocks\/\" target=\"_blank\" rel=\"noreferrer noopener\">Essayez l&#039;\u00e9diteur de blocs<\/a><\/div>\n<\/div>\n\n\n\n<p><\/p>\n<\/div>\n<\/div>","protected":false},"excerpt":{"rendered":"<p>Welcome to our Maker Space! Our Start-up kit is the ideal kickstart for anyone who wants to pick up some tools and build with robotics.&nbsp; The kit includes everything needed to build multiple projects (listed below) and of course, can be used to make your own stuff move! We recommend watching the start-up videos below [&hellip;]<\/p>\n","protected":false},"author":2,"featured_media":0,"parent":0,"menu_order":0,"comment_status":"closed","ping_status":"closed","template":"","meta":{"footnotes":""},"class_list":["post-6166","page","type-page","status-publish","hentry"],"acf":[],"yoast_head":"<!-- This site is optimized with the Yoast SEO Premium plugin v26.7 (Yoast SEO v27.3) - https:\/\/yoast.com\/product\/yoast-seo-premium-wordpress\/ -->\n<title>Start-up Kit - Make Stuff Move<\/title>\n<meta name=\"robots\" content=\"index, follow, max-snippet:-1, max-image-preview:large, max-video-preview:-1\" \/>\n<link rel=\"canonical\" href=\"https:\/\/makestuffmove.com\/fr\/start-up-kit-1\/\" \/>\n<meta property=\"og:locale\" content=\"fr_CA\" \/>\n<meta property=\"og:type\" content=\"article\" \/>\n<meta property=\"og:title\" content=\"Start-up Kit\" \/>\n<meta property=\"og:description\" content=\"Welcome to our Maker Space! Our Start-up kit is the ideal kickstart for anyone who wants to pick up some tools and build with robotics.&nbsp; The kit\" \/>\n<meta property=\"og:url\" content=\"https:\/\/makestuffmove.com\/fr\/start-up-kit-1\/\" \/>\n<meta property=\"og:site_name\" content=\"Make Stuff Move\" \/>\n<meta property=\"article:publisher\" content=\"http:\/\/facebook.com\/makestuffmove\" \/>\n<meta property=\"article:modified_time\" content=\"2023-06-20T20:28:11+00:00\" \/>\n<meta property=\"og:image\" content=\"https:\/\/makestuffmove.com\/wp-content\/uploads\/2022\/04\/IMG_0657-1024x683.jpg\" \/>\n<meta name=\"twitter:card\" content=\"summary_large_image\" \/>\n<meta name=\"twitter:label1\" content=\"Estimation du temps de lecture\" \/>\n\t<meta name=\"twitter:data1\" content=\"2 minutes\" \/>\n<script type=\"application\/ld+json\" class=\"yoast-schema-graph\">{\"@context\":\"https:\\\/\\\/schema.org\",\"@graph\":[{\"@type\":\"WebPage\",\"@id\":\"https:\\\/\\\/makestuffmove.com\\\/start-up-kit-1\\\/\",\"url\":\"https:\\\/\\\/makestuffmove.com\\\/start-up-kit-1\\\/\",\"name\":\"Start-up Kit - Make Stuff Move\",\"isPartOf\":{\"@id\":\"https:\\\/\\\/makestuffmove.com\\\/#website\"},\"primaryImageOfPage\":{\"@id\":\"https:\\\/\\\/makestuffmove.com\\\/start-up-kit-1\\\/#primaryimage\"},\"image\":{\"@id\":\"https:\\\/\\\/makestuffmove.com\\\/start-up-kit-1\\\/#primaryimage\"},\"thumbnailUrl\":\"https:\\\/\\\/makestuffmove.com\\\/wp-content\\\/uploads\\\/2022\\\/04\\\/IMG_0657-1024x683.jpg\",\"datePublished\":\"2023-06-20T20:21:09+00:00\",\"dateModified\":\"2023-06-20T20:28:11+00:00\",\"breadcrumb\":{\"@id\":\"https:\\\/\\\/makestuffmove.com\\\/start-up-kit-1\\\/#breadcrumb\"},\"inLanguage\":\"fr-CA\",\"potentialAction\":[{\"@type\":\"ReadAction\",\"target\":[\"https:\\\/\\\/makestuffmove.com\\\/start-up-kit-1\\\/\"]}]},{\"@type\":\"ImageObject\",\"inLanguage\":\"fr-CA\",\"@id\":\"https:\\\/\\\/makestuffmove.com\\\/start-up-kit-1\\\/#primaryimage\",\"url\":\"https:\\\/\\\/makestuffmove.com\\\/wp-content\\\/uploads\\\/2022\\\/04\\\/IMG_0657-1024x683.jpg\",\"contentUrl\":\"https:\\\/\\\/makestuffmove.com\\\/wp-content\\\/uploads\\\/2022\\\/04\\\/IMG_0657-1024x683.jpg\"},{\"@type\":\"BreadcrumbList\",\"@id\":\"https:\\\/\\\/makestuffmove.com\\\/start-up-kit-1\\\/#breadcrumb\",\"itemListElement\":[{\"@type\":\"ListItem\",\"position\":1,\"name\":\"Home\",\"item\":\"https:\\\/\\\/makestuffmove.com\\\/\"},{\"@type\":\"ListItem\",\"position\":2,\"name\":\"Start-up Kit\"}]},{\"@type\":\"WebSite\",\"@id\":\"https:\\\/\\\/makestuffmove.com\\\/#website\",\"url\":\"https:\\\/\\\/makestuffmove.com\\\/\",\"name\":\"Make Stuff Move\",\"description\":\"Let&#039;s Teach Tools!\",\"publisher\":{\"@id\":\"https:\\\/\\\/makestuffmove.com\\\/#organization\"},\"potentialAction\":[{\"@type\":\"SearchAction\",\"target\":{\"@type\":\"EntryPoint\",\"urlTemplate\":\"https:\\\/\\\/makestuffmove.com\\\/?s={search_term_string}\"},\"query-input\":{\"@type\":\"PropertyValueSpecification\",\"valueRequired\":true,\"valueName\":\"search_term_string\"}}],\"inLanguage\":\"fr-CA\"},{\"@type\":\"Organization\",\"@id\":\"https:\\\/\\\/makestuffmove.com\\\/#organization\",\"name\":\"Make Stuff Move\",\"url\":\"https:\\\/\\\/makestuffmove.com\\\/\",\"logo\":{\"@type\":\"ImageObject\",\"inLanguage\":\"fr-CA\",\"@id\":\"https:\\\/\\\/makestuffmove.com\\\/#\\\/schema\\\/logo\\\/image\\\/\",\"url\":\"\",\"contentUrl\":\"\",\"caption\":\"Make Stuff Move\"},\"image\":{\"@id\":\"https:\\\/\\\/makestuffmove.com\\\/#\\\/schema\\\/logo\\\/image\\\/\"},\"sameAs\":[\"http:\\\/\\\/facebook.com\\\/makestuffmove\",\"http:\\\/\\\/instagram.com\\\/makestuffmoveinc\",\"https:\\\/\\\/www.youtube.com\\\/channel\\\/UC3QPj9vHLuaJhO5ROM6hKow\"]}]}<\/script>\n<!-- \/ Yoast SEO Premium plugin. -->","yoast_head_json":{"title":"Start-up Kit - Make Stuff Move","robots":{"index":"index","follow":"follow","max-snippet":"max-snippet:-1","max-image-preview":"max-image-preview:large","max-video-preview":"max-video-preview:-1"},"canonical":"https:\/\/makestuffmove.com\/fr\/start-up-kit-1\/","og_locale":"fr_CA","og_type":"article","og_title":"Start-up Kit","og_description":"Welcome to our Maker Space! Our Start-up kit is the ideal kickstart for anyone who wants to pick up some tools and build with robotics.&nbsp; The kit","og_url":"https:\/\/makestuffmove.com\/fr\/start-up-kit-1\/","og_site_name":"Make Stuff Move","article_publisher":"http:\/\/facebook.com\/makestuffmove","article_modified_time":"2023-06-20T20:28:11+00:00","og_image":[{"url":"https:\/\/makestuffmove.com\/wp-content\/uploads\/2022\/04\/IMG_0657-1024x683.jpg","type":"","width":"","height":""}],"twitter_card":"summary_large_image","twitter_misc":{"Estimation du temps de lecture":"2 minutes"},"schema":{"@context":"https:\/\/schema.org","@graph":[{"@type":"WebPage","@id":"https:\/\/makestuffmove.com\/start-up-kit-1\/","url":"https:\/\/makestuffmove.com\/start-up-kit-1\/","name":"Start-up Kit - Make Stuff Move","isPartOf":{"@id":"https:\/\/makestuffmove.com\/#website"},"primaryImageOfPage":{"@id":"https:\/\/makestuffmove.com\/start-up-kit-1\/#primaryimage"},"image":{"@id":"https:\/\/makestuffmove.com\/start-up-kit-1\/#primaryimage"},"thumbnailUrl":"https:\/\/makestuffmove.com\/wp-content\/uploads\/2022\/04\/IMG_0657-1024x683.jpg","datePublished":"2023-06-20T20:21:09+00:00","dateModified":"2023-06-20T20:28:11+00:00","breadcrumb":{"@id":"https:\/\/makestuffmove.com\/start-up-kit-1\/#breadcrumb"},"inLanguage":"fr-CA","potentialAction":[{"@type":"ReadAction","target":["https:\/\/makestuffmove.com\/start-up-kit-1\/"]}]},{"@type":"ImageObject","inLanguage":"fr-CA","@id":"https:\/\/makestuffmove.com\/start-up-kit-1\/#primaryimage","url":"https:\/\/makestuffmove.com\/wp-content\/uploads\/2022\/04\/IMG_0657-1024x683.jpg","contentUrl":"https:\/\/makestuffmove.com\/wp-content\/uploads\/2022\/04\/IMG_0657-1024x683.jpg"},{"@type":"BreadcrumbList","@id":"https:\/\/makestuffmove.com\/start-up-kit-1\/#breadcrumb","itemListElement":[{"@type":"ListItem","position":1,"name":"Home","item":"https:\/\/makestuffmove.com\/"},{"@type":"ListItem","position":2,"name":"Start-up Kit"}]},{"@type":"WebSite","@id":"https:\/\/makestuffmove.com\/#website","url":"https:\/\/makestuffmove.com\/","name":"Faire bouger les choses","description":"Enseignons les outils\u00a0!","publisher":{"@id":"https:\/\/makestuffmove.com\/#organization"},"potentialAction":[{"@type":"SearchAction","target":{"@type":"EntryPoint","urlTemplate":"https:\/\/makestuffmove.com\/?s={search_term_string}"},"query-input":{"@type":"PropertyValueSpecification","valueRequired":true,"valueName":"search_term_string"}}],"inLanguage":"fr-CA"},{"@type":"Organization","@id":"https:\/\/makestuffmove.com\/#organization","name":"Faire bouger les choses","url":"https:\/\/makestuffmove.com\/","logo":{"@type":"ImageObject","inLanguage":"fr-CA","@id":"https:\/\/makestuffmove.com\/#\/schema\/logo\/image\/","url":"","contentUrl":"","caption":"Make Stuff Move"},"image":{"@id":"https:\/\/makestuffmove.com\/#\/schema\/logo\/image\/"},"sameAs":["http:\/\/facebook.com\/makestuffmove","http:\/\/instagram.com\/makestuffmoveinc","https:\/\/www.youtube.com\/channel\/UC3QPj9vHLuaJhO5ROM6hKow"]}]}},"jetpack_sharing_enabled":true,"_links":{"self":[{"href":"https:\/\/makestuffmove.com\/fr\/wp-json\/wp\/v2\/pages\/6166","targetHints":{"allow":["GET"]}}],"collection":[{"href":"https:\/\/makestuffmove.com\/fr\/wp-json\/wp\/v2\/pages"}],"about":[{"href":"https:\/\/makestuffmove.com\/fr\/wp-json\/wp\/v2\/types\/page"}],"author":[{"embeddable":true,"href":"https:\/\/makestuffmove.com\/fr\/wp-json\/wp\/v2\/users\/2"}],"replies":[{"embeddable":true,"href":"https:\/\/makestuffmove.com\/fr\/wp-json\/wp\/v2\/comments?post=6166"}],"version-history":[{"count":6,"href":"https:\/\/makestuffmove.com\/fr\/wp-json\/wp\/v2\/pages\/6166\/revisions"}],"predecessor-version":[{"id":6173,"href":"https:\/\/makestuffmove.com\/fr\/wp-json\/wp\/v2\/pages\/6166\/revisions\/6173"}],"wp:attachment":[{"href":"https:\/\/makestuffmove.com\/fr\/wp-json\/wp\/v2\/media?parent=6166"}],"curies":[{"name":"wp","href":"https:\/\/api.w.org\/{rel}","templated":true}]}}