{"id":5682,"date":"2022-06-14T23:48:28","date_gmt":"2022-06-15T03:48:28","guid":{"rendered":"https:\/\/makestuffmove.com\/?page_id=5682"},"modified":"2024-09-15T23:15:08","modified_gmt":"2024-09-16T03:15:08","slug":"mobile-maker-space-15-1","status":"publish","type":"page","link":"https:\/\/makestuffmove.com\/fr\/mobile-maker-space-15-1\/","title":{"rendered":"Espace de cr\u00e9ation mobile | Arduino"},"content":{"rendered":"<div class=\"wp-block-group has-background\" style=\"background-color:#e40000\"><div class=\"wp-block-group__inner-container is-layout-flow wp-block-group-is-layout-flow\">\n<div class=\"wp-block-columns is-layout-flex wp-container-core-columns-is-layout-9d6595d7 wp-block-columns-is-layout-flex\">\n<div class=\"wp-block-column is-layout-flow wp-block-column-is-layout-flow\" style=\"flex-basis:100%\">\n<div class=\"wp-block-group\"><div class=\"wp-block-group__inner-container is-layout-flow wp-block-group-is-layout-flow\">\n<div style=\"height:50px\" aria-hidden=\"true\" class=\"wp-block-spacer\"><\/div>\n\n\n\n<h2 class=\"wp-block-heading has-text-align-center has-white-color has-text-color\" id=\"h-welcome-to-our-maker-space\">Bienvenue dans notre Espace Cr\u00e9ateur !<\/h2>\n\n\n\n<p class=\"has-text-align-center has-white-color has-text-color\"> Notre Mobile Maker Space est le point de d\u00e9part id\u00e9al pour les enseignants et les \u00e9tudiants qui souhaitent acqu\u00e9rir des outils et construire avec la robotique. Le bac est livr\u00e9 avec 15 kits de d\u00e9marrage comprenant tout le n\u00e9cessaire pour construire plusieurs projets (\u00e9num\u00e9r\u00e9s ci-dessous) et bien s\u00fbr, peut \u00eatre utilis\u00e9 pour faire bouger vos propres affaires\u00a0! Nous vous recommandons de regarder les vid\u00e9os de d\u00e9marrage ci-dessous pour couvrir certaines des bases avant de commencer les le\u00e7ons. <\/p>\n\n\n\n<figure class=\"wp-block-video\"><video height=\"1080\" style=\"aspect-ratio: 1920 \/ 1080;\" width=\"1920\" controls src=\"https:\/\/makestuffmove.com\/wp-content\/uploads\/2023\/03\/welome-to-our-makerspace_01.mp4\"><\/video><\/figure>\n<\/div><\/div>\n<\/div>\n<\/div>\n<\/div><\/div>\n\n\n\n<div style=\"height:100px\" aria-hidden=\"true\" class=\"wp-block-spacer\"><\/div>\n\n\n\n<h2 class=\"wp-block-heading\" id=\"h-start-up\">Commencez<\/h2>\n\n\n\n<div class=\"wp-block-columns is-layout-flex wp-container-core-columns-is-layout-9d6595d7 wp-block-columns-is-layout-flex\">\n<div class=\"wp-block-column is-layout-flow wp-block-column-is-layout-flow\"><div class=\"build-block\"><a class=\"block-link\" href=\"https:\/\/makestuffmove.com\/fr\/build\/start-up-sock-io-animate-shield\/\"><h4 class=\"build-title\">D\u00e9marrage | CHAUSSETTE IO + Bouclier anim\u00e9<\/h4><div class=\"build-info\"><div class=\"build-main-image\"><img decoding=\"async\" src=\"https:\/\/makestuffmove.com\/wp-content\/uploads\/2023\/03\/control-board-quickstart.jpg\"><\/div><div class=\"entry-content\">Comment utiliser les fonctionnalit\u00e9s de notre combo SOCK IO + Animate shield.  <\/div><\/div><\/a><\/div>\n<\/div>\n\n\n\n<div class=\"wp-block-column is-layout-flow wp-block-column-is-layout-flow\"><div class=\"build-block\"><a class=\"block-link\" href=\"https:\/\/makestuffmove.com\/fr\/build\/start-up-adjusting-servo-socks\/\"><h4 class=\"build-title\">D\u00e9marrage | Ajustement des chaussettes servo<\/h4><div class=\"build-info\"><div class=\"build-main-image\"><img decoding=\"async\" src=\"https:\/\/makestuffmove.com\/wp-content\/uploads\/2023\/03\/adjust-servo-socks_01.jpg\"><\/div><div class=\"entry-content\">Comment ajuster la position de d\u00e9but et de fin d&#039;un servomoteur \u00e0 l&#039;int\u00e9rieur d&#039;une chaussette servo.<\/div><\/div><\/a><\/div>\n<\/div>\n\n\n\n<div class=\"wp-block-column is-layout-flow wp-block-column-is-layout-flow\"><div class=\"build-block\"><a class=\"block-link\" href=\"https:\/\/makestuffmove.com\/fr\/build\/start-up-fastening-techniques\/\"><h4 class=\"build-title\">D\u00e9marrage | Techniques de fixation<\/h4><div class=\"build-info\"><div class=\"build-main-image\"><img decoding=\"async\" src=\"https:\/\/makestuffmove.com\/wp-content\/uploads\/2023\/03\/fastening-techniques_01.jpg\"><\/div><div class=\"entry-content\">Un examen rapide de quelques techniques de fixation g\u00e9n\u00e9rales<\/div><\/div><\/a><\/div>\n<\/div>\n\n\n\n<div class=\"wp-block-column is-layout-flow wp-block-column-is-layout-flow\"><div class=\"build-block\"><a class=\"block-link\" href=\"https:\/\/makestuffmove.com\/fr\/build\/lesson-quickstart\/\"><h4 class=\"build-title\">Chaussette IO + diagramme de bouclier anim\u00e9<\/h4><div class=\"build-info\"><div class=\"build-main-image\"><img decoding=\"async\" src=\"https:\/\/makestuffmove.com\/wp-content\/uploads\/2021\/03\/quickstart-brochure_thumb.png\"><\/div><div class=\"entry-content\">Le diagramme suivant fera avancer les choses rapidement<\/div><\/div><\/a><\/div>\n<\/div>\n<\/div>\n\n\n\n<h2 class=\"wp-block-heading\" id=\"h-the-lessons\">Les cours<\/h2>\n\n\n\n<div class=\"wp-block-columns is-layout-flex wp-container-core-columns-is-layout-9d6595d7 wp-block-columns-is-layout-flex\">\n<div class=\"wp-block-column is-layout-flow wp-block-column-is-layout-flow\"><div class=\"build-block\"><a class=\"block-link\" href=\"https:\/\/makestuffmove.com\/fr\/build\/lesson-analog-meter-arduino\/\"><h4 class=\"build-title\">Arduino | Compteur analogique<\/h4><div class=\"build-info\"><div class=\"build-main-image\"><img decoding=\"async\" src=\"https:\/\/makestuffmove.com\/wp-content\/uploads\/2021\/01\/meter_01_final.png\"><\/div><div class=\"entry-content\">Les compteurs analogiques sont tout autour de nous !. Ils sont utilis\u00e9s pour repr\u00e9senter visuellement les mesures et les donn\u00e9es. Un o...<\/div><\/div><\/a><\/div>\n<\/div>\n\n\n\n<div class=\"wp-block-column is-layout-flow wp-block-column-is-layout-flow\"><div class=\"build-block\"><a class=\"block-link\" href=\"https:\/\/makestuffmove.com\/fr\/build\/lesson-inch-worm-arduino\/\"><h4 class=\"build-title\">Arduino | Ver de pouce<\/h4><div class=\"build-info\"><div class=\"build-main-image\"><img decoding=\"async\" src=\"https:\/\/makestuffmove.com\/wp-content\/uploads\/2021\/04\/inch-worm_step_final.png\"><\/div><div class=\"entry-content\">Les chenilles sont si simples dans leur mouvement que c&#039;est un d\u00e9fi amusant de construire et d&#039;animer leur ...<\/div><\/div><\/a><\/div>\n<\/div>\n\n\n\n<div class=\"wp-block-column is-layout-flow wp-block-column-is-layout-flow\"><div class=\"build-block\"><a class=\"block-link\" href=\"https:\/\/makestuffmove.com\/fr\/build\/lesson-flinger-drummer-arduino\/\"><h4 class=\"build-title\">Arduino | Batteur \u00e0 main<\/h4><div class=\"build-info\"><div class=\"build-main-image\"><img decoding=\"async\" src=\"https:\/\/makestuffmove.com\/wp-content\/uploads\/2021\/03\/flinger-drummer_step_12.png\"><\/div><div class=\"entry-content\">Cette version s&#039;av\u00e8re utile de deux mani\u00e8res; jeter des trucs et tambouriner sur des trucs. Le co global...<\/div><\/div><\/a><\/div>\n<\/div>\n\n\n\n<div class=\"wp-block-column is-layout-flow wp-block-column-is-layout-flow\"><\/div>\n<\/div>\n\n\n\n<div style=\"height:100px\" aria-hidden=\"true\" class=\"wp-block-spacer\"><\/div>\n\n\n\n<div class=\"wp-block-columns is-layout-flex wp-container-core-columns-is-layout-9d6595d7 wp-block-columns-is-layout-flex\">\n<div class=\"wp-block-column is-layout-flow wp-block-column-is-layout-flow\">\n<h2 class=\"wp-block-heading\" id=\"h-no-computer-at-first\">PAS D&#039;ORDINATEUR<br>\u2026 D&#039;ABORD<\/h2>\n\n\n\n<figure class=\"wp-block-image size-large\"><img decoding=\"async\" width=\"1024\" height=\"683\" src=\"https:\/\/makestuffmove.com\/wp-content\/uploads\/2022\/04\/IMG_0657-1024x683.jpg\" alt=\"\" class=\"wp-image-5472\" srcset=\"https:\/\/makestuffmove.com\/wp-content\/uploads\/2022\/04\/IMG_0657-1024x683.jpg 1024w, https:\/\/makestuffmove.com\/wp-content\/uploads\/2022\/04\/IMG_0657-500x333.jpg 500w, https:\/\/makestuffmove.com\/wp-content\/uploads\/2022\/04\/IMG_0657-768x512.jpg 768w, https:\/\/makestuffmove.com\/wp-content\/uploads\/2022\/04\/IMG_0657-1536x1024.jpg 1536w, https:\/\/makestuffmove.com\/wp-content\/uploads\/2022\/04\/IMG_0657-2048x1365.jpg 2048w, https:\/\/makestuffmove.com\/wp-content\/uploads\/2022\/04\/IMG_0657-800x533.jpg 800w\" sizes=\"(max-width: 1024px) 100vw, 1024px\" \/><\/figure>\n\n\n\n<p>Nos kits et projets bas\u00e9s sur Arduino commencent par <strong>aucun codage requis<\/strong>. Cela permet de se concentrer davantage sur les comp\u00e9tences pratiques. Cela permet \u00e9galement aux \u00e9tudiants et aux enseignants de travailler dans une vari\u00e9t\u00e9 de salles de classe sans avoir besoin d&#039;un ordinateur.<\/p>\n\n\n\n<p>La carte de contr\u00f4le comprend 3 potentiom\u00e8tres, 2 boutons, des connexions simplifi\u00e9es et un pixel RVB. Pr\u00e9programm\u00e9e, elle permet d&#039;enregistrer les mouvements de vos servomoteurs et de les reproduire en boucle pour animer vos cr\u00e9ations. Elle permet \u00e9galement de connecter des capteurs (son, lumi\u00e8re, impulsions, etc.) pour animer des objets.&nbsp; <\/p>\n<\/div>\n\n\n\n<div class=\"wp-block-column is-layout-flow wp-block-column-is-layout-flow\">\n<h2 class=\"wp-block-heading\" id=\"h-when-you-are-ready-to-code\">QUAND VOUS \u00caTES PR\u00caT \u00c0 CODE<\/h2>\n\n\n\n<p>Notre contr\u00f4leur est une carte et un bouclier compatibles Arduino UNO, donc, une fois qu&#039;il est temps de creuser dans le codage, nous sommes l\u00e0 pour vous aider\u00a0!<\/p>\n\n\n\n<p>Nous mettons \u00e0 votre disposition un \u00e9diteur de blocs pour simplifier la programmation Arduino. Cliquez sur le lien ci-dessous pour l&#039;essayer.<\/p>\n\n\n\n<figure class=\"wp-block-image size-large\"><img decoding=\"async\" width=\"1024\" height=\"611\" src=\"https:\/\/makestuffmove.com\/wp-content\/uploads\/2023\/03\/makestuffmove-blocklyduino_01-1024x611.png\" alt=\"\" class=\"wp-image-5930\" srcset=\"https:\/\/makestuffmove.com\/wp-content\/uploads\/2023\/03\/makestuffmove-blocklyduino_01-1024x611.png 1024w, https:\/\/makestuffmove.com\/wp-content\/uploads\/2023\/03\/makestuffmove-blocklyduino_01-500x298.png 500w, https:\/\/makestuffmove.com\/wp-content\/uploads\/2023\/03\/makestuffmove-blocklyduino_01-768x458.png 768w, https:\/\/makestuffmove.com\/wp-content\/uploads\/2023\/03\/makestuffmove-blocklyduino_01-800x478.png 800w, https:\/\/makestuffmove.com\/wp-content\/uploads\/2023\/03\/makestuffmove-blocklyduino_01.png 1310w\" sizes=\"(max-width: 1024px) 100vw, 1024px\" \/><\/figure>\n\n\n\n<div class=\"wp-block-buttons is-layout-flex wp-block-buttons-is-layout-flex\">\n<div class=\"wp-block-button\"><a class=\"wp-block-button__link wp-element-button\" href=\"https:\/\/makestuffmove.com\/apps\/blocks\/\" target=\"_blank\" rel=\"noreferrer noopener\">Essayez l&#039;\u00e9diteur de blocs<\/a><\/div>\n<\/div>\n\n\n\n<h2 class=\"wp-block-heading\" id=\"h-reset-your-board\">R\u00e9initialisez votre tableau de bord<\/h2>\n\n\n\n<p>Si vous souhaitez r\u00e9initialiser votre carte au code Animate Shield, vous pouvez consulter le tutoriel ci-dessous pour copier et coller le code ou utiliser notre outil pratique de mise \u00e0 jour du code.<\/p>\n\n\n<div class=\"build-block\"><a class=\"block-link\" href=\"https:\/\/makestuffmove.com\/fr\/build\/arduino-animate-shield-code\/\"><h4 class=\"build-title\">Code de Shield d&#039;Arduino | Animation<\/h4><div class=\"build-info\"><div class=\"build-main-image\"><img decoding=\"async\" src=\"https:\/\/makestuffmove.com\/wp-content\/uploads\/2022\/04\/IMG_0657-scaled.jpg\"><\/div><div class=\"entry-content\">Le code suivant est ce que nous incluons pr\u00e9charg\u00e9 sur notre carte Animate shield\/Arduino. Si vous d\u00e9cidez...<\/div><\/div><\/a><\/div>\n<\/div>\n<\/div>","protected":false},"excerpt":{"rendered":"<p>Welcome to our Maker Space! Our Mobile Maker Space is the ideal kickstart for teachers and students who wants to pick up some tools and build with robotics.&nbsp; The bin comes packed with 15 start-up kits including everything needed to build multiple projects (listed below) and of course, can be used to make your own [&hellip;]<\/p>\n","protected":false},"author":2,"featured_media":0,"parent":0,"menu_order":0,"comment_status":"closed","ping_status":"closed","template":"","meta":{"footnotes":""},"class_list":["post-5682","page","type-page","status-publish","hentry"],"acf":[],"yoast_head":"<!-- This site is optimized with the Yoast SEO Premium plugin v26.7 (Yoast SEO v27.3) - https:\/\/yoast.com\/product\/yoast-seo-premium-wordpress\/ -->\n<title>Mobile Maker Space | Arduino - Make Stuff Move<\/title>\n<meta name=\"robots\" content=\"index, follow, max-snippet:-1, max-image-preview:large, max-video-preview:-1\" \/>\n<link rel=\"canonical\" href=\"https:\/\/makestuffmove.com\/fr\/mobile-maker-space-15-1\/\" \/>\n<meta property=\"og:locale\" content=\"fr_CA\" \/>\n<meta property=\"og:type\" content=\"article\" \/>\n<meta property=\"og:title\" content=\"Mobile Maker Space | Arduino\" \/>\n<meta property=\"og:description\" content=\"Welcome to our Maker Space! Our Mobile Maker Space is the ideal kickstart for teachers and students who wants to pick up some tools and build with\" \/>\n<meta property=\"og:url\" content=\"https:\/\/makestuffmove.com\/fr\/mobile-maker-space-15-1\/\" \/>\n<meta property=\"og:site_name\" content=\"Make Stuff Move\" \/>\n<meta property=\"article:publisher\" content=\"http:\/\/facebook.com\/makestuffmove\" \/>\n<meta property=\"article:modified_time\" content=\"2024-09-16T03:15:08+00:00\" \/>\n<meta property=\"og:image\" content=\"https:\/\/makestuffmove.com\/wp-content\/uploads\/2022\/04\/IMG_0657-1024x683.jpg\" \/>\n<meta name=\"twitter:card\" content=\"summary_large_image\" \/>\n<meta name=\"twitter:label1\" content=\"Estimation du temps de lecture\" \/>\n\t<meta name=\"twitter:data1\" content=\"2 minutes\" \/>\n<script type=\"application\/ld+json\" class=\"yoast-schema-graph\">{\"@context\":\"https:\\\/\\\/schema.org\",\"@graph\":[{\"@type\":\"WebPage\",\"@id\":\"https:\\\/\\\/makestuffmove.com\\\/mobile-maker-space-15-1\\\/\",\"url\":\"https:\\\/\\\/makestuffmove.com\\\/mobile-maker-space-15-1\\\/\",\"name\":\"Mobile Maker Space | Arduino - Make Stuff Move\",\"isPartOf\":{\"@id\":\"https:\\\/\\\/makestuffmove.com\\\/#website\"},\"primaryImageOfPage\":{\"@id\":\"https:\\\/\\\/makestuffmove.com\\\/mobile-maker-space-15-1\\\/#primaryimage\"},\"image\":{\"@id\":\"https:\\\/\\\/makestuffmove.com\\\/mobile-maker-space-15-1\\\/#primaryimage\"},\"thumbnailUrl\":\"https:\\\/\\\/makestuffmove.com\\\/wp-content\\\/uploads\\\/2022\\\/04\\\/IMG_0657-1024x683.jpg\",\"datePublished\":\"2022-06-15T03:48:28+00:00\",\"dateModified\":\"2024-09-16T03:15:08+00:00\",\"breadcrumb\":{\"@id\":\"https:\\\/\\\/makestuffmove.com\\\/mobile-maker-space-15-1\\\/#breadcrumb\"},\"inLanguage\":\"fr-CA\",\"potentialAction\":[{\"@type\":\"ReadAction\",\"target\":[\"https:\\\/\\\/makestuffmove.com\\\/mobile-maker-space-15-1\\\/\"]}]},{\"@type\":\"ImageObject\",\"inLanguage\":\"fr-CA\",\"@id\":\"https:\\\/\\\/makestuffmove.com\\\/mobile-maker-space-15-1\\\/#primaryimage\",\"url\":\"https:\\\/\\\/makestuffmove.com\\\/wp-content\\\/uploads\\\/2022\\\/04\\\/IMG_0657-1024x683.jpg\",\"contentUrl\":\"https:\\\/\\\/makestuffmove.com\\\/wp-content\\\/uploads\\\/2022\\\/04\\\/IMG_0657-1024x683.jpg\"},{\"@type\":\"BreadcrumbList\",\"@id\":\"https:\\\/\\\/makestuffmove.com\\\/mobile-maker-space-15-1\\\/#breadcrumb\",\"itemListElement\":[{\"@type\":\"ListItem\",\"position\":1,\"name\":\"Home\",\"item\":\"https:\\\/\\\/makestuffmove.com\\\/\"},{\"@type\":\"ListItem\",\"position\":2,\"name\":\"Mobile Maker Space | Arduino\"}]},{\"@type\":\"WebSite\",\"@id\":\"https:\\\/\\\/makestuffmove.com\\\/#website\",\"url\":\"https:\\\/\\\/makestuffmove.com\\\/\",\"name\":\"Make Stuff Move\",\"description\":\"Let&#039;s Teach Tools!\",\"publisher\":{\"@id\":\"https:\\\/\\\/makestuffmove.com\\\/#organization\"},\"potentialAction\":[{\"@type\":\"SearchAction\",\"target\":{\"@type\":\"EntryPoint\",\"urlTemplate\":\"https:\\\/\\\/makestuffmove.com\\\/?s={search_term_string}\"},\"query-input\":{\"@type\":\"PropertyValueSpecification\",\"valueRequired\":true,\"valueName\":\"search_term_string\"}}],\"inLanguage\":\"fr-CA\"},{\"@type\":\"Organization\",\"@id\":\"https:\\\/\\\/makestuffmove.com\\\/#organization\",\"name\":\"Make Stuff Move\",\"url\":\"https:\\\/\\\/makestuffmove.com\\\/\",\"logo\":{\"@type\":\"ImageObject\",\"inLanguage\":\"fr-CA\",\"@id\":\"https:\\\/\\\/makestuffmove.com\\\/#\\\/schema\\\/logo\\\/image\\\/\",\"url\":\"\",\"contentUrl\":\"\",\"caption\":\"Make Stuff Move\"},\"image\":{\"@id\":\"https:\\\/\\\/makestuffmove.com\\\/#\\\/schema\\\/logo\\\/image\\\/\"},\"sameAs\":[\"http:\\\/\\\/facebook.com\\\/makestuffmove\",\"http:\\\/\\\/instagram.com\\\/makestuffmoveinc\",\"https:\\\/\\\/www.youtube.com\\\/channel\\\/UC3QPj9vHLuaJhO5ROM6hKow\"]}]}<\/script>\n<!-- \/ Yoast SEO Premium plugin. -->","yoast_head_json":{"title":"Mobile Maker Space | Arduino - Make Stuff Move","robots":{"index":"index","follow":"follow","max-snippet":"max-snippet:-1","max-image-preview":"max-image-preview:large","max-video-preview":"max-video-preview:-1"},"canonical":"https:\/\/makestuffmove.com\/fr\/mobile-maker-space-15-1\/","og_locale":"fr_CA","og_type":"article","og_title":"Mobile Maker Space | Arduino","og_description":"Welcome to our Maker Space! Our Mobile Maker Space is the ideal kickstart for teachers and students who wants to pick up some tools and build with","og_url":"https:\/\/makestuffmove.com\/fr\/mobile-maker-space-15-1\/","og_site_name":"Make Stuff Move","article_publisher":"http:\/\/facebook.com\/makestuffmove","article_modified_time":"2024-09-16T03:15:08+00:00","og_image":[{"url":"https:\/\/makestuffmove.com\/wp-content\/uploads\/2022\/04\/IMG_0657-1024x683.jpg","type":"","width":"","height":""}],"twitter_card":"summary_large_image","twitter_misc":{"Estimation du temps de lecture":"2 minutes"},"schema":{"@context":"https:\/\/schema.org","@graph":[{"@type":"WebPage","@id":"https:\/\/makestuffmove.com\/mobile-maker-space-15-1\/","url":"https:\/\/makestuffmove.com\/mobile-maker-space-15-1\/","name":"Mobile Maker Space | Arduino - Make Stuff Move","isPartOf":{"@id":"https:\/\/makestuffmove.com\/#website"},"primaryImageOfPage":{"@id":"https:\/\/makestuffmove.com\/mobile-maker-space-15-1\/#primaryimage"},"image":{"@id":"https:\/\/makestuffmove.com\/mobile-maker-space-15-1\/#primaryimage"},"thumbnailUrl":"https:\/\/makestuffmove.com\/wp-content\/uploads\/2022\/04\/IMG_0657-1024x683.jpg","datePublished":"2022-06-15T03:48:28+00:00","dateModified":"2024-09-16T03:15:08+00:00","breadcrumb":{"@id":"https:\/\/makestuffmove.com\/mobile-maker-space-15-1\/#breadcrumb"},"inLanguage":"fr-CA","potentialAction":[{"@type":"ReadAction","target":["https:\/\/makestuffmove.com\/mobile-maker-space-15-1\/"]}]},{"@type":"ImageObject","inLanguage":"fr-CA","@id":"https:\/\/makestuffmove.com\/mobile-maker-space-15-1\/#primaryimage","url":"https:\/\/makestuffmove.com\/wp-content\/uploads\/2022\/04\/IMG_0657-1024x683.jpg","contentUrl":"https:\/\/makestuffmove.com\/wp-content\/uploads\/2022\/04\/IMG_0657-1024x683.jpg"},{"@type":"BreadcrumbList","@id":"https:\/\/makestuffmove.com\/mobile-maker-space-15-1\/#breadcrumb","itemListElement":[{"@type":"ListItem","position":1,"name":"Home","item":"https:\/\/makestuffmove.com\/"},{"@type":"ListItem","position":2,"name":"Mobile Maker Space | Arduino"}]},{"@type":"WebSite","@id":"https:\/\/makestuffmove.com\/#website","url":"https:\/\/makestuffmove.com\/","name":"Faire bouger les choses","description":"Enseignons les outils\u00a0!","publisher":{"@id":"https:\/\/makestuffmove.com\/#organization"},"potentialAction":[{"@type":"SearchAction","target":{"@type":"EntryPoint","urlTemplate":"https:\/\/makestuffmove.com\/?s={search_term_string}"},"query-input":{"@type":"PropertyValueSpecification","valueRequired":true,"valueName":"search_term_string"}}],"inLanguage":"fr-CA"},{"@type":"Organization","@id":"https:\/\/makestuffmove.com\/#organization","name":"Faire bouger les choses","url":"https:\/\/makestuffmove.com\/","logo":{"@type":"ImageObject","inLanguage":"fr-CA","@id":"https:\/\/makestuffmove.com\/#\/schema\/logo\/image\/","url":"","contentUrl":"","caption":"Make Stuff Move"},"image":{"@id":"https:\/\/makestuffmove.com\/#\/schema\/logo\/image\/"},"sameAs":["http:\/\/facebook.com\/makestuffmove","http:\/\/instagram.com\/makestuffmoveinc","https:\/\/www.youtube.com\/channel\/UC3QPj9vHLuaJhO5ROM6hKow"]}]}},"jetpack_sharing_enabled":true,"_links":{"self":[{"href":"https:\/\/makestuffmove.com\/fr\/wp-json\/wp\/v2\/pages\/5682","targetHints":{"allow":["GET"]}}],"collection":[{"href":"https:\/\/makestuffmove.com\/fr\/wp-json\/wp\/v2\/pages"}],"about":[{"href":"https:\/\/makestuffmove.com\/fr\/wp-json\/wp\/v2\/types\/page"}],"author":[{"embeddable":true,"href":"https:\/\/makestuffmove.com\/fr\/wp-json\/wp\/v2\/users\/2"}],"replies":[{"embeddable":true,"href":"https:\/\/makestuffmove.com\/fr\/wp-json\/wp\/v2\/comments?post=5682"}],"version-history":[{"count":19,"href":"https:\/\/makestuffmove.com\/fr\/wp-json\/wp\/v2\/pages\/5682\/revisions"}],"predecessor-version":[{"id":6740,"href":"https:\/\/makestuffmove.com\/fr\/wp-json\/wp\/v2\/pages\/5682\/revisions\/6740"}],"wp:attachment":[{"href":"https:\/\/makestuffmove.com\/fr\/wp-json\/wp\/v2\/media?parent=5682"}],"curies":[{"name":"wp","href":"https:\/\/api.w.org\/{rel}","templated":true}]}}