{"id":5311,"date":"2025-07-16T11:02:17","date_gmt":"2025-07-16T15:02:17","guid":{"rendered":"https:\/\/makestuffmove.com\/?page_id=5311"},"modified":"2025-07-16T11:03:37","modified_gmt":"2025-07-16T15:03:37","slug":"shipping_and_returns","status":"publish","type":"page","link":"https:\/\/makestuffmove.com\/fr\/shipping_and_returns\/","title":{"rendered":"Politique d&#039;exp\u00e9dition et de retour"},"content":{"rendered":"<p>Exp\u00e9dition<\/p>\n\n\n\n<p>Commandes sup\u00e9rieures \u00e0 <strong>$150 CAD<\/strong> sont admissibles \u00e0 <strong>livraison standard gratuite<\/strong> au Canada.<\/p>\n\n\n\n<h2 class=\"wp-block-heading\" id=\"h-return-policy\">Politique de retour<\/h2>\n\n\n\n<ul class=\"wp-block-list\">\n<li><strong>D\u00e9lai de retour\u00a0:<\/strong> Les demandes de retour doivent \u00eatre effectu\u00e9es dans un d\u00e9lai de <strong>15 jours apr\u00e8s r\u00e9ception de l&#039;article<\/strong>.<\/li>\n\n\n\n<li><strong>Admissibilit\u00e9:<\/strong> Les articles retourn\u00e9s doivent \u00eatre inutilis\u00e9s et dans leur \u00e9tat et emballage d&#039;origine.<\/li>\n\n\n\n<li><strong>Responsabilit\u00e9 du client\u00a0:<\/strong>\n<ul class=\"wp-block-list\">\n<li>Si l&#039;article a \u00e9t\u00e9 exp\u00e9di\u00e9 correctement et n&#039;est pas d\u00e9fectueux, les frais de retour sont \u00e0 la charge du client.<\/li>\n\n\n\n<li>Les frais d&#039;exp\u00e9dition et de manutention d&#039;origine sont <strong>non remboursable<\/strong>.<\/li>\n\n\n\n<li>Les envois de retour doivent \u00eatre <strong>pr\u00e9pay\u00e9 et assur\u00e9<\/strong> par le client.<\/li>\n\n\n\n<li>Le client est responsable de toute perte ou dommage survenant lors du retour du colis.<\/li>\n\n\n\n<li>Nous ne garantissons pas la r\u00e9ception des articles retourn\u00e9s.<br><\/li>\n<\/ul>\n<\/li>\n\n\n\n<li><strong>Traitement des remboursements\u00a0:<\/strong>\n<ul class=\"wp-block-list\">\n<li>Une fois l&#039;article retourn\u00e9 re\u00e7u et inspect\u00e9, nous vous en informerons par courriel.<\/li>\n\n\n\n<li>Si votre demande est approuv\u00e9e, un remboursement du prix du produit (hors frais de livraison) sera effectu\u00e9 selon votre mode de paiement initial.<\/li>\n\n\n\n<li>Le traitement des remboursements peut prendre quelques jours ouvrables.<\/li>\n<\/ul>\n<\/li>\n<\/ul>\n\n\n\n<h2 class=\"wp-block-heading\" id=\"h-reseller-purchases\">Achats des revendeurs<\/h2>\n\n\n\n<p>Les articles achet\u00e9s aupr\u00e8s d&#039;un revendeur doivent \u00eatre retourn\u00e9s et rembours\u00e9s. <strong>directement aupr\u00e8s du revendeur<\/strong>. Des remboursements seront effectu\u00e9s pour les <strong>prix d&#039;achat initial<\/strong>, hors frais de port.<\/p>\n\n\n\n<h2 class=\"wp-block-heading\" id=\"h-damaged-or-defective-items\">Articles endommag\u00e9s ou d\u00e9fectueux<\/h2>\n\n\n\n<ul class=\"wp-block-list\">\n<li>Les articles endommag\u00e9s ou d\u00e9fectueux doivent \u00eatre signal\u00e9s dans un d\u00e9lai imparti. <strong>Livraison en 15 jours<\/strong>.<\/li>\n\n\n\n<li>Veuillez envoyer un courriel <strong>photos des d\u00e9g\u00e2ts<\/strong> \u00e0 support@makestuffmove.com.<\/li>\n\n\n\n<li>Si approuv\u00e9, <strong>Faire bouger les choses inc.<\/strong> fournira un <strong>\u00e9tiquette de retour pr\u00e9pay\u00e9e<\/strong>.<\/li>\n<\/ul>\n\n\n\n<h2 class=\"wp-block-heading\" id=\"h-return-address\">Adresse de retour<\/h2>\n\n\n\n<p><strong>Faire bouger les choses inc.<\/strong><strong><br><\/strong> 180 rue King.<br>Woodville, Ontario<br>Canada K0M 2T0<\/p>","protected":false},"excerpt":{"rendered":"<p>Shipping Orders over $150 CAD are eligible for free standard shipping within Canada. Return Policy Reseller Purchases Items purchased through a reseller must be returned and refunded directly through the reseller. Refunds will be issued for the original purchase price, excluding shipping fees. Damaged or Defective Items Return Address Make Stuff Move Inc. 180 King [&hellip;]<\/p>\n","protected":false},"author":1,"featured_media":0,"parent":0,"menu_order":0,"comment_status":"closed","ping_status":"closed","template":"","meta":{"footnotes":""},"class_list":["post-5311","page","type-page","status-publish","hentry"],"acf":[],"yoast_head":"<!-- This site is optimized with the Yoast SEO Premium plugin v26.7 (Yoast SEO v27.5) - https:\/\/yoast.com\/product\/yoast-seo-premium-wordpress\/ -->\n<title>Shipping and Returns Policy - Make Stuff Move<\/title>\n<meta name=\"robots\" content=\"index, follow, max-snippet:-1, max-image-preview:large, max-video-preview:-1\" \/>\n<link rel=\"canonical\" href=\"https:\/\/makestuffmove.com\/fr\/shipping_and_returns\/\" \/>\n<meta property=\"og:locale\" content=\"fr_CA\" \/>\n<meta property=\"og:type\" content=\"article\" \/>\n<meta property=\"og:title\" content=\"Shipping and Returns Policy\" \/>\n<meta property=\"og:description\" content=\"Shipping Orders over $150 CAD are eligible for free standard shipping within Canada. Return Policy Return Window: Return requests must be made within 15\" \/>\n<meta property=\"og:url\" content=\"https:\/\/makestuffmove.com\/fr\/shipping_and_returns\/\" \/>\n<meta property=\"og:site_name\" content=\"Make Stuff Move\" \/>\n<meta property=\"article:publisher\" content=\"http:\/\/facebook.com\/makestuffmove\" \/>\n<meta property=\"article:modified_time\" content=\"2025-07-16T15:03:37+00:00\" \/>\n<meta name=\"twitter:card\" content=\"summary_large_image\" \/>\n<meta name=\"twitter:label1\" content=\"Estimation du temps de lecture\" \/>\n\t<meta name=\"twitter:data1\" content=\"1 minute\" \/>\n<script type=\"application\/ld+json\" class=\"yoast-schema-graph\">{\"@context\":\"https:\\\/\\\/schema.org\",\"@graph\":[{\"@type\":\"WebPage\",\"@id\":\"https:\\\/\\\/makestuffmove.com\\\/shipping_and_returns\\\/\",\"url\":\"https:\\\/\\\/makestuffmove.com\\\/shipping_and_returns\\\/\",\"name\":\"Shipping and Returns Policy - Make Stuff Move\",\"isPartOf\":{\"@id\":\"https:\\\/\\\/makestuffmove.com\\\/#website\"},\"datePublished\":\"2025-07-16T15:02:17+00:00\",\"dateModified\":\"2025-07-16T15:03:37+00:00\",\"breadcrumb\":{\"@id\":\"https:\\\/\\\/makestuffmove.com\\\/shipping_and_returns\\\/#breadcrumb\"},\"inLanguage\":\"fr-CA\",\"potentialAction\":[{\"@type\":\"ReadAction\",\"target\":[\"https:\\\/\\\/makestuffmove.com\\\/shipping_and_returns\\\/\"]}]},{\"@type\":\"BreadcrumbList\",\"@id\":\"https:\\\/\\\/makestuffmove.com\\\/shipping_and_returns\\\/#breadcrumb\",\"itemListElement\":[{\"@type\":\"ListItem\",\"position\":1,\"name\":\"Home\",\"item\":\"https:\\\/\\\/makestuffmove.com\\\/\"},{\"@type\":\"ListItem\",\"position\":2,\"name\":\"Shipping and Returns Policy\"}]},{\"@type\":\"WebSite\",\"@id\":\"https:\\\/\\\/makestuffmove.com\\\/#website\",\"url\":\"https:\\\/\\\/makestuffmove.com\\\/\",\"name\":\"Make Stuff Move\",\"description\":\"Let&#039;s Teach Tools!\",\"publisher\":{\"@id\":\"https:\\\/\\\/makestuffmove.com\\\/#organization\"},\"potentialAction\":[{\"@type\":\"SearchAction\",\"target\":{\"@type\":\"EntryPoint\",\"urlTemplate\":\"https:\\\/\\\/makestuffmove.com\\\/?s={search_term_string}\"},\"query-input\":{\"@type\":\"PropertyValueSpecification\",\"valueRequired\":true,\"valueName\":\"search_term_string\"}}],\"inLanguage\":\"fr-CA\"},{\"@type\":\"Organization\",\"@id\":\"https:\\\/\\\/makestuffmove.com\\\/#organization\",\"name\":\"Make Stuff Move\",\"url\":\"https:\\\/\\\/makestuffmove.com\\\/\",\"logo\":{\"@type\":\"ImageObject\",\"inLanguage\":\"fr-CA\",\"@id\":\"https:\\\/\\\/makestuffmove.com\\\/#\\\/schema\\\/logo\\\/image\\\/\",\"url\":\"\",\"contentUrl\":\"\",\"caption\":\"Make Stuff Move\"},\"image\":{\"@id\":\"https:\\\/\\\/makestuffmove.com\\\/#\\\/schema\\\/logo\\\/image\\\/\"},\"sameAs\":[\"http:\\\/\\\/facebook.com\\\/makestuffmove\",\"http:\\\/\\\/instagram.com\\\/makestuffmoveinc\",\"https:\\\/\\\/www.youtube.com\\\/channel\\\/UC3QPj9vHLuaJhO5ROM6hKow\"]}]}<\/script>\n<!-- \/ Yoast SEO Premium plugin. -->","yoast_head_json":{"title":"Shipping and Returns Policy - Make Stuff Move","robots":{"index":"index","follow":"follow","max-snippet":"max-snippet:-1","max-image-preview":"max-image-preview:large","max-video-preview":"max-video-preview:-1"},"canonical":"https:\/\/makestuffmove.com\/fr\/shipping_and_returns\/","og_locale":"fr_CA","og_type":"article","og_title":"Shipping and Returns Policy","og_description":"Shipping Orders over $150 CAD are eligible for free standard shipping within Canada. Return Policy Return Window: Return requests must be made within 15","og_url":"https:\/\/makestuffmove.com\/fr\/shipping_and_returns\/","og_site_name":"Make Stuff Move","article_publisher":"http:\/\/facebook.com\/makestuffmove","article_modified_time":"2025-07-16T15:03:37+00:00","twitter_card":"summary_large_image","twitter_misc":{"Estimation du temps de lecture":"1 minute"},"schema":{"@context":"https:\/\/schema.org","@graph":[{"@type":"WebPage","@id":"https:\/\/makestuffmove.com\/shipping_and_returns\/","url":"https:\/\/makestuffmove.com\/shipping_and_returns\/","name":"Shipping and Returns Policy - Make Stuff Move","isPartOf":{"@id":"https:\/\/makestuffmove.com\/#website"},"datePublished":"2025-07-16T15:02:17+00:00","dateModified":"2025-07-16T15:03:37+00:00","breadcrumb":{"@id":"https:\/\/makestuffmove.com\/shipping_and_returns\/#breadcrumb"},"inLanguage":"fr-CA","potentialAction":[{"@type":"ReadAction","target":["https:\/\/makestuffmove.com\/shipping_and_returns\/"]}]},{"@type":"BreadcrumbList","@id":"https:\/\/makestuffmove.com\/shipping_and_returns\/#breadcrumb","itemListElement":[{"@type":"ListItem","position":1,"name":"Home","item":"https:\/\/makestuffmove.com\/"},{"@type":"ListItem","position":2,"name":"Shipping and Returns Policy"}]},{"@type":"WebSite","@id":"https:\/\/makestuffmove.com\/#website","url":"https:\/\/makestuffmove.com\/","name":"Faire bouger les choses","description":"Enseignons les outils\u00a0!","publisher":{"@id":"https:\/\/makestuffmove.com\/#organization"},"potentialAction":[{"@type":"SearchAction","target":{"@type":"EntryPoint","urlTemplate":"https:\/\/makestuffmove.com\/?s={search_term_string}"},"query-input":{"@type":"PropertyValueSpecification","valueRequired":true,"valueName":"search_term_string"}}],"inLanguage":"fr-CA"},{"@type":"Organization","@id":"https:\/\/makestuffmove.com\/#organization","name":"Faire bouger les choses","url":"https:\/\/makestuffmove.com\/","logo":{"@type":"ImageObject","inLanguage":"fr-CA","@id":"https:\/\/makestuffmove.com\/#\/schema\/logo\/image\/","url":"","contentUrl":"","caption":"Make Stuff Move"},"image":{"@id":"https:\/\/makestuffmove.com\/#\/schema\/logo\/image\/"},"sameAs":["http:\/\/facebook.com\/makestuffmove","http:\/\/instagram.com\/makestuffmoveinc","https:\/\/www.youtube.com\/channel\/UC3QPj9vHLuaJhO5ROM6hKow"]}]}},"jetpack_sharing_enabled":true,"_links":{"self":[{"href":"https:\/\/makestuffmove.com\/fr\/wp-json\/wp\/v2\/pages\/5311","targetHints":{"allow":["GET"]}}],"collection":[{"href":"https:\/\/makestuffmove.com\/fr\/wp-json\/wp\/v2\/pages"}],"about":[{"href":"https:\/\/makestuffmove.com\/fr\/wp-json\/wp\/v2\/types\/page"}],"author":[{"embeddable":true,"href":"https:\/\/makestuffmove.com\/fr\/wp-json\/wp\/v2\/users\/1"}],"replies":[{"embeddable":true,"href":"https:\/\/makestuffmove.com\/fr\/wp-json\/wp\/v2\/comments?post=5311"}],"version-history":[{"count":2,"href":"https:\/\/makestuffmove.com\/fr\/wp-json\/wp\/v2\/pages\/5311\/revisions"}],"predecessor-version":[{"id":24256,"href":"https:\/\/makestuffmove.com\/fr\/wp-json\/wp\/v2\/pages\/5311\/revisions\/24256"}],"wp:attachment":[{"href":"https:\/\/makestuffmove.com\/fr\/wp-json\/wp\/v2\/media?parent=5311"}],"curies":[{"name":"wp","href":"https:\/\/api.w.org\/{rel}","templated":true}]}}