{"id":250,"date":"2019-11-03T12:40:03","date_gmt":"2019-11-03T17:40:03","guid":{"rendered":"https:\/\/makestuffmove.com\/?page_id=250"},"modified":"2024-11-01T14:17:13","modified_gmt":"2024-11-01T18:17:13","slug":"press","status":"publish","type":"page","link":"https:\/\/makestuffmove.com\/fr\/press\/","title":{"rendered":"Presse"},"content":{"rendered":"<h3 class=\"wp-block-heading\" id=\"h-my-kawartha\">Mon Kawartha<\/h3>\n\n\n\n<p><a href=\"https:\/\/www.mykawartha.com\/news-story\/9673031-pairing-robotics-and-shop-class-dan-kitchen-introduces-servo-socks-for-kids-stem\/\">Associer la robotique et la classe d&#039;atelier\u00a0: Dan Kitchen pr\u00e9sente les chaussettes Servo pour les enfants STEM<\/a><\/p>\n\n\n\n<h3 class=\"wp-block-heading\" id=\"h-qa-magazine-uk\">QA Magazine Royaume-Uni<\/h3>\n\n\n\n<p><a href=\"https:\/\/www.qaeducation.co.uk\/ict\/servo-socks-computing\">Comment poursuivre votre cursus informatique<\/a><\/p>\n\n\n\n<h3 class=\"wp-block-heading\" id=\"h-the-lindsay-advocate\">L&#039;avocat de Lindsay<\/h3>\n\n\n\n<p><a href=\"https:\/\/lindsayadvocate.ca\/passion-projects-servo-socks\/\">Projets Passion\u00a0: Chaussettes Servo<\/a><\/p>\n\n\n\n<h3 class=\"wp-block-heading\" id=\"h-makezine-maker-faire\">Makezine \u2013 Maker Faire<\/h3>\n\n\n\n<p><a href=\"https:\/\/makezine.com\/2019\/05\/13\/experience-the-freshest-startups-at-maker-faire-bay-area\/\">D\u00e9couvrez les startups les plus fra\u00eeches dans la r\u00e9gion de Maker Faire Bay<\/a><\/p>\n\n\n\n<h3 class=\"wp-block-heading\" id=\"h-hackaday\">Hackaday<\/h3>\n\n\n\n<p><a href=\"https:\/\/hackaday.com\/2019\/11\/05\/servo-socks-is-a-brilliantly-simple-solution-for-quick-hacking\/\">SERVO SOCKS EST UNE SOLUTION BRILLANTEMENT SIMPLE POUR LE PIRATAGE RAPIDE<\/a><\/p>\n\n\n\n<h3 class=\"wp-block-heading\" id=\"h-maker-pro-q-amp-a-article\">Article de questions-r\u00e9ponses Maker.Pro<\/h3>\n\n\n\n<p><a href=\"https:\/\/maker.pro\/custom\/tutorial\/qa-with-servo-socks-creator-manufacturing-patents-and-funding\">Questions-r\u00e9ponses avec le cr\u00e9ateur de chaussettes Servo\u00a0: fabrication, brevets et financement<\/a><\/p>\n\n\n\n<div style=\"height:250px\" aria-hidden=\"true\" class=\"wp-block-spacer\"><\/div>","protected":false},"excerpt":{"rendered":"<p>My Kawartha Pairing robotics and shop class: Dan Kitchen introduces Servo Socks for kids STEM QA Magazine UK How to motor on with your computing curriculum The Lindsay Advocate Passion Projects: Servo Socks Makezine &#8211; Maker Faire Experience The Freshest Startups At Maker Faire Bay Area Hackaday SERVO SOCKS IS A BRILLIANTLY SIMPLE SOLUTION FOR [&hellip;]<\/p>\n","protected":false},"author":2,"featured_media":0,"parent":0,"menu_order":0,"comment_status":"closed","ping_status":"closed","template":"","meta":{"footnotes":""},"class_list":["post-250","page","type-page","status-publish","hentry"],"acf":[],"yoast_head":"<!-- This site is optimized with the Yoast SEO Premium plugin v26.7 (Yoast SEO v27.3) - https:\/\/yoast.com\/product\/yoast-seo-premium-wordpress\/ -->\n<title>Press - Make Stuff Move<\/title>\n<meta name=\"robots\" content=\"index, follow, max-snippet:-1, max-image-preview:large, max-video-preview:-1\" \/>\n<link rel=\"canonical\" href=\"https:\/\/makestuffmove.com\/fr\/press\/\" \/>\n<meta property=\"og:locale\" content=\"fr_CA\" \/>\n<meta property=\"og:type\" content=\"article\" \/>\n<meta property=\"og:title\" content=\"Press\" \/>\n<meta property=\"og:description\" content=\"My Kawartha Pairing robotics and shop class: Dan Kitchen introduces Servo Socks for kids STEM QA Magazine UK How to motor on with your computing\" \/>\n<meta property=\"og:url\" content=\"https:\/\/makestuffmove.com\/fr\/press\/\" \/>\n<meta property=\"og:site_name\" content=\"Make Stuff Move\" \/>\n<meta property=\"article:publisher\" content=\"http:\/\/facebook.com\/makestuffmove\" \/>\n<meta property=\"article:modified_time\" content=\"2024-11-01T18:17:13+00:00\" \/>\n<meta name=\"twitter:card\" content=\"summary_large_image\" \/>\n<meta name=\"twitter:label1\" content=\"Estimation du temps de lecture\" \/>\n\t<meta name=\"twitter:data1\" content=\"1 minute\" \/>\n<script type=\"application\/ld+json\" class=\"yoast-schema-graph\">{\"@context\":\"https:\\\/\\\/schema.org\",\"@graph\":[{\"@type\":\"WebPage\",\"@id\":\"https:\\\/\\\/makestuffmove.com\\\/press\\\/\",\"url\":\"https:\\\/\\\/makestuffmove.com\\\/press\\\/\",\"name\":\"Press - Make Stuff Move\",\"isPartOf\":{\"@id\":\"https:\\\/\\\/makestuffmove.com\\\/#website\"},\"datePublished\":\"2019-11-03T17:40:03+00:00\",\"dateModified\":\"2024-11-01T18:17:13+00:00\",\"breadcrumb\":{\"@id\":\"https:\\\/\\\/makestuffmove.com\\\/press\\\/#breadcrumb\"},\"inLanguage\":\"fr-CA\",\"potentialAction\":[{\"@type\":\"ReadAction\",\"target\":[\"https:\\\/\\\/makestuffmove.com\\\/press\\\/\"]}]},{\"@type\":\"BreadcrumbList\",\"@id\":\"https:\\\/\\\/makestuffmove.com\\\/press\\\/#breadcrumb\",\"itemListElement\":[{\"@type\":\"ListItem\",\"position\":1,\"name\":\"Home\",\"item\":\"https:\\\/\\\/makestuffmove.com\\\/\"},{\"@type\":\"ListItem\",\"position\":2,\"name\":\"Press\"}]},{\"@type\":\"WebSite\",\"@id\":\"https:\\\/\\\/makestuffmove.com\\\/#website\",\"url\":\"https:\\\/\\\/makestuffmove.com\\\/\",\"name\":\"Make Stuff Move\",\"description\":\"Let&#039;s Teach Tools!\",\"publisher\":{\"@id\":\"https:\\\/\\\/makestuffmove.com\\\/#organization\"},\"potentialAction\":[{\"@type\":\"SearchAction\",\"target\":{\"@type\":\"EntryPoint\",\"urlTemplate\":\"https:\\\/\\\/makestuffmove.com\\\/?s={search_term_string}\"},\"query-input\":{\"@type\":\"PropertyValueSpecification\",\"valueRequired\":true,\"valueName\":\"search_term_string\"}}],\"inLanguage\":\"fr-CA\"},{\"@type\":\"Organization\",\"@id\":\"https:\\\/\\\/makestuffmove.com\\\/#organization\",\"name\":\"Make Stuff Move\",\"url\":\"https:\\\/\\\/makestuffmove.com\\\/\",\"logo\":{\"@type\":\"ImageObject\",\"inLanguage\":\"fr-CA\",\"@id\":\"https:\\\/\\\/makestuffmove.com\\\/#\\\/schema\\\/logo\\\/image\\\/\",\"url\":\"\",\"contentUrl\":\"\",\"caption\":\"Make Stuff Move\"},\"image\":{\"@id\":\"https:\\\/\\\/makestuffmove.com\\\/#\\\/schema\\\/logo\\\/image\\\/\"},\"sameAs\":[\"http:\\\/\\\/facebook.com\\\/makestuffmove\",\"http:\\\/\\\/instagram.com\\\/makestuffmoveinc\",\"https:\\\/\\\/www.youtube.com\\\/channel\\\/UC3QPj9vHLuaJhO5ROM6hKow\"]}]}<\/script>\n<!-- \/ Yoast SEO Premium plugin. -->","yoast_head_json":{"title":"Press - Make Stuff Move","robots":{"index":"index","follow":"follow","max-snippet":"max-snippet:-1","max-image-preview":"max-image-preview:large","max-video-preview":"max-video-preview:-1"},"canonical":"https:\/\/makestuffmove.com\/fr\/press\/","og_locale":"fr_CA","og_type":"article","og_title":"Press","og_description":"My Kawartha Pairing robotics and shop class: Dan Kitchen introduces Servo Socks for kids STEM QA Magazine UK How to motor on with your computing","og_url":"https:\/\/makestuffmove.com\/fr\/press\/","og_site_name":"Make Stuff Move","article_publisher":"http:\/\/facebook.com\/makestuffmove","article_modified_time":"2024-11-01T18:17:13+00:00","twitter_card":"summary_large_image","twitter_misc":{"Estimation du temps de lecture":"1 minute"},"schema":{"@context":"https:\/\/schema.org","@graph":[{"@type":"WebPage","@id":"https:\/\/makestuffmove.com\/press\/","url":"https:\/\/makestuffmove.com\/press\/","name":"Press - Make Stuff Move","isPartOf":{"@id":"https:\/\/makestuffmove.com\/#website"},"datePublished":"2019-11-03T17:40:03+00:00","dateModified":"2024-11-01T18:17:13+00:00","breadcrumb":{"@id":"https:\/\/makestuffmove.com\/press\/#breadcrumb"},"inLanguage":"fr-CA","potentialAction":[{"@type":"ReadAction","target":["https:\/\/makestuffmove.com\/press\/"]}]},{"@type":"BreadcrumbList","@id":"https:\/\/makestuffmove.com\/press\/#breadcrumb","itemListElement":[{"@type":"ListItem","position":1,"name":"Home","item":"https:\/\/makestuffmove.com\/"},{"@type":"ListItem","position":2,"name":"Press"}]},{"@type":"WebSite","@id":"https:\/\/makestuffmove.com\/#website","url":"https:\/\/makestuffmove.com\/","name":"Faire bouger les choses","description":"Enseignons les outils\u00a0!","publisher":{"@id":"https:\/\/makestuffmove.com\/#organization"},"potentialAction":[{"@type":"SearchAction","target":{"@type":"EntryPoint","urlTemplate":"https:\/\/makestuffmove.com\/?s={search_term_string}"},"query-input":{"@type":"PropertyValueSpecification","valueRequired":true,"valueName":"search_term_string"}}],"inLanguage":"fr-CA"},{"@type":"Organization","@id":"https:\/\/makestuffmove.com\/#organization","name":"Faire bouger les choses","url":"https:\/\/makestuffmove.com\/","logo":{"@type":"ImageObject","inLanguage":"fr-CA","@id":"https:\/\/makestuffmove.com\/#\/schema\/logo\/image\/","url":"","contentUrl":"","caption":"Make Stuff Move"},"image":{"@id":"https:\/\/makestuffmove.com\/#\/schema\/logo\/image\/"},"sameAs":["http:\/\/facebook.com\/makestuffmove","http:\/\/instagram.com\/makestuffmoveinc","https:\/\/www.youtube.com\/channel\/UC3QPj9vHLuaJhO5ROM6hKow"]}]}},"jetpack_sharing_enabled":true,"_links":{"self":[{"href":"https:\/\/makestuffmove.com\/fr\/wp-json\/wp\/v2\/pages\/250","targetHints":{"allow":["GET"]}}],"collection":[{"href":"https:\/\/makestuffmove.com\/fr\/wp-json\/wp\/v2\/pages"}],"about":[{"href":"https:\/\/makestuffmove.com\/fr\/wp-json\/wp\/v2\/types\/page"}],"author":[{"embeddable":true,"href":"https:\/\/makestuffmove.com\/fr\/wp-json\/wp\/v2\/users\/2"}],"replies":[{"embeddable":true,"href":"https:\/\/makestuffmove.com\/fr\/wp-json\/wp\/v2\/comments?post=250"}],"version-history":[{"count":6,"href":"https:\/\/makestuffmove.com\/fr\/wp-json\/wp\/v2\/pages\/250\/revisions"}],"predecessor-version":[{"id":14132,"href":"https:\/\/makestuffmove.com\/fr\/wp-json\/wp\/v2\/pages\/250\/revisions\/14132"}],"wp:attachment":[{"href":"https:\/\/makestuffmove.com\/fr\/wp-json\/wp\/v2\/media?parent=250"}],"curies":[{"name":"wp","href":"https:\/\/api.w.org\/{rel}","templated":true}]}}