{"id":24271,"date":"2025-09-15T14:28:44","date_gmt":"2025-09-15T18:28:44","guid":{"rendered":"https:\/\/makestuffmove.com\/?page_id=24271"},"modified":"2025-09-17T09:37:03","modified_gmt":"2025-09-17T13:37:03","slug":"careers","status":"publish","type":"page","link":"https:\/\/makestuffmove.com\/fr\/careers\/","title":{"rendered":"Carri\u00e8res"},"content":{"rendered":"<div class=\"wp-block-group has-white-color has-black-background-color has-text-color has-background has-link-color wp-elements-ca0e96d574d561ae3bf44ba876e9f98e\"><div class=\"wp-block-group__inner-container is-layout-constrained wp-block-group-is-layout-constrained\">\n<p class=\"has-white-color has-text-color has-link-color wp-elements-dbb52f7e4b38fd7fca93b6cb7936db33\">Nous vivons une p\u00e9riode passionnante chez Make Stuff Move, car nous d\u00e9veloppons nos activit\u00e9s dans nos nouveaux locaux \u00e0 Woodville, en Ontario. Vous trouverez ci-dessous la liste des postes \u00e0 pourvoir.  <\/p>\n\n\n\n<p class=\"has-white-color has-text-color has-link-color wp-elements-46f8969582986096132b01fa6e45d020\">Nous conservons volontiers les CV pour de futures opportunit\u00e9s au sein de notre entreprise. N&#039;h\u00e9sitez donc pas \u00e0 nous contacter \u00e0 tout moment \u00e0 l&#039;adresse careers@makestuffmove.com.<\/p>\n<\/div><\/div>\n\n\n\n<div style=\"height:100px\" aria-hidden=\"true\" class=\"wp-block-spacer\"><\/div>\n\n\n\n<div class=\"wp-block-group\"><div class=\"wp-block-group__inner-container is-layout-constrained wp-block-group-is-layout-constrained\">\n<h2 class=\"wp-block-heading\" id=\"h-job-title-production-technician-shop-lead-experience-dependent-nbsp\"><strong>Titre d&#039;emploi:<\/strong> Technicien de production \/ Chef d&#039;atelier (selon l&#039;exp\u00e9rience)&nbsp;<\/h2>\n\n\n\n<p><strong>Rel\u00e8ve de :<\/strong> Diriger - Faire bouger les choses&nbsp;<\/p>\n\n\n\n<p><strong>Emplacement: <\/strong>Woodville (Kawartha Lakes), Ontario<\/p>\n\n\n\n<p><strong>Salaire:<\/strong> $22.00- $30.00 heure <strong><em>(Nous valorisons l&#039;exp\u00e9rience et les comp\u00e9tences et sommes ouverts \u00e0 la discussion de la r\u00e9mun\u00e9ration avec chaque candidat afin de nous assurer qu&#039;elle refl\u00e8te son parcours, son salaire ou son taux horaire.&nbsp;<\/em><\/strong><\/p>\n\n\n\n<p><strong>Date limite : <\/strong>29 septembre 2025\u00a0<\/p>\n\n\n\n<p><strong>Soumission du CV\u00a0:<\/strong> Veuillez envoyer votre CV par courriel \u00e0 careers@makestuffmove.com. Les candidatures seront accept\u00e9es jusqu&#039;\u00e0 la date limite. Les candidats retenus seront ensuite contact\u00e9s pour un entretien.<\/p>\n\n\n\n<p><strong>Portefeuille: <\/strong>Vous avez des photos, des vid\u00e9os ou des liens vers des projets dont vous \u00eates fiers\u00a0? N&#039;h\u00e9sitez pas \u00e0 nous les envoyer\u00a0! Nous adorons d\u00e9couvrir vos r\u00e9alisations, vos cr\u00e9ations et vos id\u00e9es.\u00a0<\/p>\n\n\n\n<p><strong>Qui sommes-nous ?<\/strong>:<\/p>\n\n\n\n<p>Make Stuff Move con\u00e7oit des kits d&#039;apprentissage STEM pratiques qui font le lien entre la th\u00e9orie et la pratique dans les m\u00e9tiers, l&#039;\u00e9lectronique et la fabrication de pointe. Notre mission est de cr\u00e9er des opportunit\u00e9s d&#039;apprentissage concret pour les \u00e9l\u00e8ves et les \u00e9tudiants, et nous commen\u00e7ons \u00e0 ouvrir nos portes \u00e0 la communaut\u00e9 locale pour des ateliers et des formations. Notre atelier est \u00e9quip\u00e9 d&#039;outils de pointe, notamment des lasers CNC, des imprimantes 3D et du mat\u00e9riel de fabrication, permettant \u00e0 notre \u00e9quipe de concevoir, de prototyper et de produire en interne.<\/p>\n\n\n\n<p><strong>Pourquoi nous rejoindre ?&nbsp;<\/strong><\/p>\n\n\n\n<ul class=\"wp-block-list\">\n<li>Travaillez au quotidien avec des outils \u00e0 la pointe de l&#039;industrie et des technologies de fabrication avanc\u00e9es.&nbsp;<\/li>\n\n\n\n<li>Un parcours de croissance clair vers un poste de direction \u00e0 la t\u00eate de l&#039;entreprise.<\/li>\n\n\n\n<li>L&#039;opportunit\u00e9 de contribuer \u00e0 la conception de meilleurs flux de travail \u00e0 mesure que nous nous d\u00e9veloppons.<\/li>\n\n\n\n<li>Un poste au sein d&#039;une entreprise \u00e0 vocation sociale qui cr\u00e9e des opportunit\u00e9s d&#039;apprentissage pratique pour les salles de classe et notre communaut\u00e9.<\/li>\n<\/ul>\n\n\n\n<p><strong>R\u00e9sum\u00e9 du poste\u00a0:&nbsp;<\/strong><\/p>\n\n\n\n<p>Nous recherchons un technicien de production ayant la possibilit\u00e9 d&#039;\u00e9voluer vers un poste de responsable d&#039;atelier. Si vous poss\u00e9dez d\u00e9j\u00e0 une exp\u00e9rience en gestion d&#039;\u00e9quipe, nous serions ravis de vous int\u00e9grer imm\u00e9diatement \u00e0 ce poste\u00a0!<\/p>\n\n\n\n<p>En tant que technicien(ne) de production\/responsable d&#039;atelier, votre r\u00f4le consistera \u00e0 produire les stocks et les composants \u00e0 l&#039;aide de nos lasers CNC, imprimantes 3D et autres outils d&#039;atelier, afin que notre \u00e9quipe de pr\u00e9paration et de logistique puisse r\u00e9pondre \u00e0 la demande. Vous travaillerez en \u00e9troite collaboration avec notre responsable des op\u00e9rations et notre fondateur pour anticiper les besoins futurs et piloter leur mise en \u0153uvre. Nous recherchons une personne autonome, capable de prendre des initiatives pour assurer la continuit\u00e9 de la production sans supervision constante. Notre atelier, \u00e0 taille humaine et performant, recherche une personne polyvalente, pr\u00eate \u00e0 s&#039;investir pleinement pour garantir la gestion de tous les aspects de la production et le bon fonctionnement de l&#039;atelier.<\/p>\n\n\n\n<p><strong>Responsabilit\u00e9s :<\/strong><\/p>\n\n\n\n<h3 class=\"wp-block-heading\" id=\"h-your-first-year-production-technician-focus\"><strong>Votre premi\u00e8re ann\u00e9e (sp\u00e9cialisation technicien de production)<\/strong><\/h3>\n\n\n\n<ul class=\"wp-block-list\">\n<li>Surveillez les stocks et produisez proactivement les composants pour assurer le bon d\u00e9roulement du conditionnement et de l&#039;ex\u00e9cution des commandes.<\/li>\n\n\n\n<li>Utilisez des d\u00e9coupeuses laser CNC, des imprimantes 3D, des outils de travail du bois et d&#039;autres \u00e9quipements d&#039;atelier \u00e0 la pointe de la technologie.<\/li>\n\n\n\n<li>Restez en contact avec le responsable des op\u00e9rations et le fondateur afin d&#039;aligner la production sur la demande \u00e0 venir.<\/li>\n\n\n\n<li>Organiser et pr\u00e9parer les mati\u00e8res premi\u00e8res pour des cycles de production efficaces.<\/li>\n\n\n\n<li>Apporter son soutien \u00e0 l&#039;\u00e9quipe lorsque des renforts sont n\u00e9cessaires.<\/li>\n\n\n\n<li>Veillez \u00e0 ce que l&#039;espace de travail soit s\u00fbr, organis\u00e9 et que les machines fonctionnent correctement.<\/li>\n\n\n\n<li>Autres t\u00e2ches qui vous seront confi\u00e9es par votre responsable.&nbsp;<\/li>\n<\/ul>\n\n\n\n<h3 class=\"wp-block-heading\" id=\"h-your-growth-path-shop-lead-focus\"><strong>Votre parcours de croissance (ax\u00e9 sur la g\u00e9n\u00e9ration de leads en magasin)<\/strong><\/h3>\n\n\n\n<p>Au fur et \u00e0 mesure de votre d\u00e9veloppement, vous allez\u00a0:<\/p>\n\n\n\n<ul class=\"wp-block-list\">\n<li>Veiller \u00e0 ce que la production reste sup\u00e9rieure \u00e0 la demande.<\/li>\n\n\n\n<li>Am\u00e9liorer l&#039;efficacit\u00e9, r\u00e9duire les temps d&#039;arr\u00eat et rationaliser les processus.<\/li>\n\n\n\n<li>Planifiez les priorit\u00e9s de production afin que les machines travaillent toujours sur les t\u00e2ches appropri\u00e9es.<\/li>\n\n\n\n<li>Aider \u00e0 l&#039;int\u00e9gration, \u00e0 la formation et \u00e0 la coordination des assistants ou du personnel saisonnier et des \u00e9tudiants<\/li>\n\n\n\n<li>Devenez la personne de r\u00e9f\u00e9rence pour la gestion de la boutique, permettant ainsi au fondateur de se concentrer sur la R&amp;D, les partenariats et les programmes communautaires.<\/li>\n<\/ul>\n\n\n\n<h3 class=\"wp-block-heading\" id=\"h-what-we-re-looking-for\"><strong>Ce que nous recherchons\u00a0:<\/strong><\/h3>\n\n\n\n<ul class=\"wp-block-list\">\n<li>Exp\u00e9rience pratique en fabrication, production ou production l\u00e9g\u00e8re.<\/li>\n\n\n\n<li>\u00c0 l&#039;aise avec les outils CNC\/d&#039;impression 3D\/d&#039;atelier (ou d\u00e9sireux d&#039;apprendre).<\/li>\n\n\n\n<li>Organis\u00e9(e), proactif(ve) et capable de travailler de mani\u00e8re autonome.<\/li>\n\n\n\n<li>Soucieux d&#039;efficacit\u00e9, nous cherchons constamment \u00e0 optimiser le fonctionnement des machines et \u00e0 maximiser la production.<\/li>\n\n\n\n<li>Pr\u00eat \u00e0 intervenir l\u00e0 o\u00f9 c&#039;est n\u00e9cessaire.<\/li>\n\n\n\n<li>Motiv\u00e9e \u00e0 \u00e9voluer vers un poste de responsable de magasin.&nbsp;<\/li>\n\n\n\n<li>Formation : NON REQUISE&nbsp;<\/li>\n<\/ul>\n\n\n\n<p><em>Chez Make Stuff Move Inc., nous sommes fiers d&#039;\u00eatre un employeur qui respecte l&#039;\u00e9galit\u00e9 des chances. Nous nous engageons \u00e0 rendre notre processus d&#039;embauche aussi accueillant et inclusif que possible. N&#039;h\u00e9sitez pas \u00e0 communiquer avec nous pour toute question ou demande d&#039;am\u00e9nagement.<\/em><\/p>\n\n\n\n<div style=\"height:252px\" aria-hidden=\"true\" class=\"wp-block-spacer\"><\/div>\n<\/div><\/div>","protected":false},"excerpt":{"rendered":"<p>We are experiencing an exciting time at Make Stuff Move as we scale out our operations in our new Woodville, ON location. Below is a listing of active opportunities. We are always happy to keep resumes on file for future opportuniites with us, so please feel free to connect anytime with us at careers@makestuffmove.com Job [&hellip;]<\/p>\n","protected":false},"author":2,"featured_media":0,"parent":0,"menu_order":0,"comment_status":"closed","ping_status":"closed","template":"","meta":{"footnotes":""},"class_list":["post-24271","page","type-page","status-publish","hentry"],"acf":[],"yoast_head":"<!-- This site is optimized with the Yoast SEO Premium plugin v26.7 (Yoast SEO v27.3) - https:\/\/yoast.com\/product\/yoast-seo-premium-wordpress\/ -->\n<title>Careers - Make Stuff Move<\/title>\n<meta name=\"robots\" content=\"index, follow, max-snippet:-1, max-image-preview:large, max-video-preview:-1\" \/>\n<link rel=\"canonical\" href=\"https:\/\/makestuffmove.com\/fr\/careers\/\" \/>\n<meta property=\"og:locale\" content=\"fr_CA\" \/>\n<meta property=\"og:type\" content=\"article\" \/>\n<meta property=\"og:title\" content=\"Careers\" \/>\n<meta property=\"og:description\" content=\"We are experiencing an exciting time at Make Stuff Move as we scale out our operations in our new Woodville, ON location. Below is a listing of active\" \/>\n<meta property=\"og:url\" content=\"https:\/\/makestuffmove.com\/fr\/careers\/\" \/>\n<meta property=\"og:site_name\" content=\"Make Stuff Move\" \/>\n<meta property=\"article:publisher\" content=\"http:\/\/facebook.com\/makestuffmove\" \/>\n<meta property=\"article:modified_time\" content=\"2025-09-17T13:37:03+00:00\" \/>\n<meta name=\"twitter:card\" content=\"summary_large_image\" \/>\n<meta name=\"twitter:label1\" content=\"Estimation du temps de lecture\" \/>\n\t<meta name=\"twitter:data1\" content=\"3 minutes\" \/>\n<script type=\"application\/ld+json\" class=\"yoast-schema-graph\">{\"@context\":\"https:\\\/\\\/schema.org\",\"@graph\":[{\"@type\":\"WebPage\",\"@id\":\"https:\\\/\\\/makestuffmove.com\\\/careers\\\/\",\"url\":\"https:\\\/\\\/makestuffmove.com\\\/careers\\\/\",\"name\":\"Careers - Make Stuff Move\",\"isPartOf\":{\"@id\":\"https:\\\/\\\/makestuffmove.com\\\/#website\"},\"datePublished\":\"2025-09-15T18:28:44+00:00\",\"dateModified\":\"2025-09-17T13:37:03+00:00\",\"breadcrumb\":{\"@id\":\"https:\\\/\\\/makestuffmove.com\\\/careers\\\/#breadcrumb\"},\"inLanguage\":\"fr-CA\",\"potentialAction\":[{\"@type\":\"ReadAction\",\"target\":[\"https:\\\/\\\/makestuffmove.com\\\/careers\\\/\"]}]},{\"@type\":\"BreadcrumbList\",\"@id\":\"https:\\\/\\\/makestuffmove.com\\\/careers\\\/#breadcrumb\",\"itemListElement\":[{\"@type\":\"ListItem\",\"position\":1,\"name\":\"Home\",\"item\":\"https:\\\/\\\/makestuffmove.com\\\/\"},{\"@type\":\"ListItem\",\"position\":2,\"name\":\"Careers\"}]},{\"@type\":\"WebSite\",\"@id\":\"https:\\\/\\\/makestuffmove.com\\\/#website\",\"url\":\"https:\\\/\\\/makestuffmove.com\\\/\",\"name\":\"Make Stuff Move\",\"description\":\"Let&#039;s Teach Tools!\",\"publisher\":{\"@id\":\"https:\\\/\\\/makestuffmove.com\\\/#organization\"},\"potentialAction\":[{\"@type\":\"SearchAction\",\"target\":{\"@type\":\"EntryPoint\",\"urlTemplate\":\"https:\\\/\\\/makestuffmove.com\\\/?s={search_term_string}\"},\"query-input\":{\"@type\":\"PropertyValueSpecification\",\"valueRequired\":true,\"valueName\":\"search_term_string\"}}],\"inLanguage\":\"fr-CA\"},{\"@type\":\"Organization\",\"@id\":\"https:\\\/\\\/makestuffmove.com\\\/#organization\",\"name\":\"Make Stuff Move\",\"url\":\"https:\\\/\\\/makestuffmove.com\\\/\",\"logo\":{\"@type\":\"ImageObject\",\"inLanguage\":\"fr-CA\",\"@id\":\"https:\\\/\\\/makestuffmove.com\\\/#\\\/schema\\\/logo\\\/image\\\/\",\"url\":\"\",\"contentUrl\":\"\",\"caption\":\"Make Stuff Move\"},\"image\":{\"@id\":\"https:\\\/\\\/makestuffmove.com\\\/#\\\/schema\\\/logo\\\/image\\\/\"},\"sameAs\":[\"http:\\\/\\\/facebook.com\\\/makestuffmove\",\"http:\\\/\\\/instagram.com\\\/makestuffmoveinc\",\"https:\\\/\\\/www.youtube.com\\\/channel\\\/UC3QPj9vHLuaJhO5ROM6hKow\"]}]}<\/script>\n<!-- \/ Yoast SEO Premium plugin. -->","yoast_head_json":{"title":"Careers - Make Stuff Move","robots":{"index":"index","follow":"follow","max-snippet":"max-snippet:-1","max-image-preview":"max-image-preview:large","max-video-preview":"max-video-preview:-1"},"canonical":"https:\/\/makestuffmove.com\/fr\/careers\/","og_locale":"fr_CA","og_type":"article","og_title":"Careers","og_description":"We are experiencing an exciting time at Make Stuff Move as we scale out our operations in our new Woodville, ON location. Below is a listing of active","og_url":"https:\/\/makestuffmove.com\/fr\/careers\/","og_site_name":"Make Stuff Move","article_publisher":"http:\/\/facebook.com\/makestuffmove","article_modified_time":"2025-09-17T13:37:03+00:00","twitter_card":"summary_large_image","twitter_misc":{"Estimation du temps de lecture":"3 minutes"},"schema":{"@context":"https:\/\/schema.org","@graph":[{"@type":"WebPage","@id":"https:\/\/makestuffmove.com\/careers\/","url":"https:\/\/makestuffmove.com\/careers\/","name":"Careers - Make Stuff Move","isPartOf":{"@id":"https:\/\/makestuffmove.com\/#website"},"datePublished":"2025-09-15T18:28:44+00:00","dateModified":"2025-09-17T13:37:03+00:00","breadcrumb":{"@id":"https:\/\/makestuffmove.com\/careers\/#breadcrumb"},"inLanguage":"fr-CA","potentialAction":[{"@type":"ReadAction","target":["https:\/\/makestuffmove.com\/careers\/"]}]},{"@type":"BreadcrumbList","@id":"https:\/\/makestuffmove.com\/careers\/#breadcrumb","itemListElement":[{"@type":"ListItem","position":1,"name":"Home","item":"https:\/\/makestuffmove.com\/"},{"@type":"ListItem","position":2,"name":"Careers"}]},{"@type":"WebSite","@id":"https:\/\/makestuffmove.com\/#website","url":"https:\/\/makestuffmove.com\/","name":"Faire bouger les choses","description":"Enseignons les outils\u00a0!","publisher":{"@id":"https:\/\/makestuffmove.com\/#organization"},"potentialAction":[{"@type":"SearchAction","target":{"@type":"EntryPoint","urlTemplate":"https:\/\/makestuffmove.com\/?s={search_term_string}"},"query-input":{"@type":"PropertyValueSpecification","valueRequired":true,"valueName":"search_term_string"}}],"inLanguage":"fr-CA"},{"@type":"Organization","@id":"https:\/\/makestuffmove.com\/#organization","name":"Faire bouger les choses","url":"https:\/\/makestuffmove.com\/","logo":{"@type":"ImageObject","inLanguage":"fr-CA","@id":"https:\/\/makestuffmove.com\/#\/schema\/logo\/image\/","url":"","contentUrl":"","caption":"Make Stuff Move"},"image":{"@id":"https:\/\/makestuffmove.com\/#\/schema\/logo\/image\/"},"sameAs":["http:\/\/facebook.com\/makestuffmove","http:\/\/instagram.com\/makestuffmoveinc","https:\/\/www.youtube.com\/channel\/UC3QPj9vHLuaJhO5ROM6hKow"]}]}},"jetpack_sharing_enabled":true,"_links":{"self":[{"href":"https:\/\/makestuffmove.com\/fr\/wp-json\/wp\/v2\/pages\/24271","targetHints":{"allow":["GET"]}}],"collection":[{"href":"https:\/\/makestuffmove.com\/fr\/wp-json\/wp\/v2\/pages"}],"about":[{"href":"https:\/\/makestuffmove.com\/fr\/wp-json\/wp\/v2\/types\/page"}],"author":[{"embeddable":true,"href":"https:\/\/makestuffmove.com\/fr\/wp-json\/wp\/v2\/users\/2"}],"replies":[{"embeddable":true,"href":"https:\/\/makestuffmove.com\/fr\/wp-json\/wp\/v2\/comments?post=24271"}],"version-history":[{"count":5,"href":"https:\/\/makestuffmove.com\/fr\/wp-json\/wp\/v2\/pages\/24271\/revisions"}],"predecessor-version":[{"id":24283,"href":"https:\/\/makestuffmove.com\/fr\/wp-json\/wp\/v2\/pages\/24271\/revisions\/24283"}],"wp:attachment":[{"href":"https:\/\/makestuffmove.com\/fr\/wp-json\/wp\/v2\/media?parent=24271"}],"curies":[{"name":"wp","href":"https:\/\/api.w.org\/{rel}","templated":true}]}}