{"id":221,"date":"2019-11-03T11:55:50","date_gmt":"2019-11-03T16:55:50","guid":{"rendered":"https:\/\/makestuffmove.com\/?page_id=221"},"modified":"2019-11-03T11:56:11","modified_gmt":"2019-11-03T16:56:11","slug":"our-story","status":"publish","type":"page","link":"https:\/\/makestuffmove.com\/fr\/our-story\/","title":{"rendered":"Notre histoire"},"content":{"rendered":"<p>Servo Socks est parti d&#039;une id\u00e9e simple qui a r\u00e9solu un vrai probl\u00e8me. Nous avons pris notre passion commune pour construire des choses \u00e0 partir de z\u00e9ro, que ce soit un produit, une id\u00e9e ou une entreprise (ou les 3) en quelque chose de g\u00e9nial. En tant qu&#039;amis de longue date depuis plus de 25 ans, il \u00e9tait \u00e9vident de faire \u00e9quipe et de tirer parti de nos diff\u00e9rences de comp\u00e9tences mais de nos similitudes de personnalit\u00e9s pour cr\u00e9er un excellent partenariat et faire bouger les choses\u00a0! <\/p>\n\n\n\n<h2 class=\"wp-block-heading\"> Dan Cuisine | Op\u00e9rateur propri\u00e9taire<\/h2>\n\n\n\n<p>D&#039;aussi loin que je me souvienne, j&#039;ai ador\u00e9 d\u00e9monter et construire des choses. Des moteurs, des lumi\u00e8res, des interrupteurs, du bois, du m\u00e9tal\u2026 en particulier les morceaux al\u00e9atoires qui tra\u00eenaient autour de la boutique de mon p\u00e8re. J&#039;\u00e9tais particuli\u00e8rement attir\u00e9 par les moteurs et faire bouger les choses, mais \u00e0 peu pr\u00e8s \u00e0 chaque fois, j&#039;essayais de faire fonctionner un moteur pour ajouter du mouvement \u00e0 mes projets.<\/p>\n\n\n\n<p><strong>\u2026 whammm je heurterais un mur.<\/strong> &nbsp;<\/p>\n\n\n\n<p>Le montage de moteurs dans des projets \u00e9tait une v\u00e9ritable gal\u00e8re. Monter le moteur et surtout attacher quelque chose \u00e0 l&#039;arbre de sortie semblait toujours me faire souhaiter qu&#039;il y ait juste un moyen plus simple de les utiliser\u2026<\/p>\n\n\n\n<p>Avance rapide un peu (ok bien comme 25 ans et plus) apr\u00e8s une formation en animation et un d\u00e9tour \u00e9trange dans les logiciels informatiques, j&#039;\u00e9tais pr\u00eat \u00e0 bricoler \u00e0 nouveau. La sortie d&#039;Arduino \u00e9tait le coup de pouce dont j&#039;avais besoin. Arduino \u00e9tait incroyable, des petites planches auxquelles mon enfant aurait seulement r\u00eav\u00e9 d&#039;avoir acc\u00e8s. J&#039;ai commenc\u00e9 \u00e0 construire et j&#039;ai \u00e9t\u00e9 imm\u00e9diatement attir\u00e9 par l&#039;id\u00e9e de faire bouger quelque chose et il n&#039;a pas fallu longtemps avant que je tombe sur des servomoteurs. J&#039;avais entendu parler des servos mais je ne les ai jamais vraiment essay\u00e9s.&nbsp;<\/p>\n\n\n\n<p>Les servos sont g\u00e9niaux vous pouvez les positionner, ils sont puissants pour leur taille et bien leur taille les rend fastidieux \u00e0 monter. Ensuite, il y a l&#039;arbre de sortie, de minuscules trous, de minuscules vis et tous g\u00e9n\u00e9ralement faibles par rapport \u00e0 la puissance du servo. Il devait y avoir un meilleur moyen ?<\/p>\n\n\n\n<p>Alors apr\u00e8s avoir fait des boites de petits supports et supports, j&#039;ai fait un croquis. Une &quot;chaussette&quot; en plastique que vous avez tir\u00e9e sur un servo qui vous permet d&#039;y enfoncer des vis de taille r\u00e9elle. Je pensais l&#039;avoir r\u00e9solu, mais qu&#039;en est-il de la sortie\u00a0? C&#039;est toujours une sorte de douleur dans le cul et il a besoin d&#039;un soutien suppl\u00e9mentaire. Et un bloc alors ? Un bloc avec un servo centr\u00e9 dedans ? Et s&#039;il y avait des disques pris en charge de chaque c\u00f4t\u00e9 ? et le servo appara\u00eet facilement? Et si je pouvais couper, sculpter, percer, visser\u2026 vous savez, les modifier pour les adapter \u00e0 tout ce que je construis ?&nbsp;<\/p>\n\n\n\n<p><strong>Chaussettes Servo\u00a0!<\/strong><\/p>\n\n\n\n<h2 class=\"wp-block-heading\">Jon Edwards | Op\u00e9rateur propri\u00e9taire<\/h2>\n\n\n\n<p>\n\nJ&#039;ai toujours relev\u00e9 les d\u00e9fis de front. Peu importe l&#039;aspect de ma vie, je m&#039;efforce de faire du mieux que je peux. <\/p>\n\n\n\n<p>J&#039;ai \u00e9t\u00e9 attir\u00e9 par les ventes et apr\u00e8s mes jeunes ann\u00e9es pass\u00e9es par toute la gamme des emplois &quot;ventes 101&quot;, j&#039;ai trouv\u00e9 une passion pour l&#039;immobilier. Cela faisait plus de 15 ans et je suis pass\u00e9 d&#039;agent immobilier ind\u00e9pendant \u00e0 propri\u00e9taire de ma propre maison de courtage avec une formidable \u00e9quipe d&#039;agents immobiliers.<\/p>\n\n\n\n<p>J&#039;ai vu les chaussettes Servo comme un nouveau d\u00e9fi incroyable. J&#039;ai donc plong\u00e9 la t\u00eate la premi\u00e8re pour aider \u00e0 transformer ce produit innovant mais simple d&#039;une id\u00e9e en une entreprise. <\/p>","protected":false},"excerpt":{"rendered":"<p>Servo Socks started from a simple idea that solved a real problem. We took our common passion in building things from scratch whether it be a product, idea or business (or all 3) into something great. As life long friends over 25 years, it was a no brainer to team up and leverage our differences [&hellip;]<\/p>\n","protected":false},"author":2,"featured_media":0,"parent":0,"menu_order":0,"comment_status":"closed","ping_status":"closed","template":"","meta":{"footnotes":""},"class_list":["post-221","page","type-page","status-publish","hentry"],"acf":[],"yoast_head":"<!-- This site is optimized with the Yoast SEO Premium plugin v26.7 (Yoast SEO v27.3) - https:\/\/yoast.com\/product\/yoast-seo-premium-wordpress\/ -->\n<title>Our Story - Make Stuff Move<\/title>\n<meta name=\"robots\" content=\"index, follow, max-snippet:-1, max-image-preview:large, max-video-preview:-1\" \/>\n<link rel=\"canonical\" href=\"https:\/\/makestuffmove.com\/fr\/our-story\/\" \/>\n<meta property=\"og:locale\" content=\"fr_CA\" \/>\n<meta property=\"og:type\" content=\"article\" \/>\n<meta property=\"og:title\" content=\"Our Story\" \/>\n<meta property=\"og:description\" content=\"Servo Socks started from a simple idea that solved a real problem. We took our common passion in building things from scratch whether it be a product,\" \/>\n<meta property=\"og:url\" content=\"https:\/\/makestuffmove.com\/fr\/our-story\/\" \/>\n<meta property=\"og:site_name\" content=\"Make Stuff Move\" \/>\n<meta property=\"article:publisher\" content=\"http:\/\/facebook.com\/makestuffmove\" \/>\n<meta property=\"article:modified_time\" content=\"2019-11-03T16:56:11+00:00\" \/>\n<meta name=\"twitter:card\" content=\"summary_large_image\" \/>\n<meta name=\"twitter:label1\" content=\"Estimation du temps de lecture\" \/>\n\t<meta name=\"twitter:data1\" content=\"3 minutes\" \/>\n<script type=\"application\/ld+json\" class=\"yoast-schema-graph\">{\"@context\":\"https:\\\/\\\/schema.org\",\"@graph\":[{\"@type\":\"WebPage\",\"@id\":\"https:\\\/\\\/makestuffmove.com\\\/our-story\\\/\",\"url\":\"https:\\\/\\\/makestuffmove.com\\\/our-story\\\/\",\"name\":\"Our Story - Make Stuff Move\",\"isPartOf\":{\"@id\":\"https:\\\/\\\/makestuffmove.com\\\/#website\"},\"datePublished\":\"2019-11-03T16:55:50+00:00\",\"dateModified\":\"2019-11-03T16:56:11+00:00\",\"breadcrumb\":{\"@id\":\"https:\\\/\\\/makestuffmove.com\\\/our-story\\\/#breadcrumb\"},\"inLanguage\":\"fr-CA\",\"potentialAction\":[{\"@type\":\"ReadAction\",\"target\":[\"https:\\\/\\\/makestuffmove.com\\\/our-story\\\/\"]}]},{\"@type\":\"BreadcrumbList\",\"@id\":\"https:\\\/\\\/makestuffmove.com\\\/our-story\\\/#breadcrumb\",\"itemListElement\":[{\"@type\":\"ListItem\",\"position\":1,\"name\":\"Home\",\"item\":\"https:\\\/\\\/makestuffmove.com\\\/\"},{\"@type\":\"ListItem\",\"position\":2,\"name\":\"Our Story\"}]},{\"@type\":\"WebSite\",\"@id\":\"https:\\\/\\\/makestuffmove.com\\\/#website\",\"url\":\"https:\\\/\\\/makestuffmove.com\\\/\",\"name\":\"Make Stuff Move\",\"description\":\"Let&#039;s Teach Tools!\",\"publisher\":{\"@id\":\"https:\\\/\\\/makestuffmove.com\\\/#organization\"},\"potentialAction\":[{\"@type\":\"SearchAction\",\"target\":{\"@type\":\"EntryPoint\",\"urlTemplate\":\"https:\\\/\\\/makestuffmove.com\\\/?s={search_term_string}\"},\"query-input\":{\"@type\":\"PropertyValueSpecification\",\"valueRequired\":true,\"valueName\":\"search_term_string\"}}],\"inLanguage\":\"fr-CA\"},{\"@type\":\"Organization\",\"@id\":\"https:\\\/\\\/makestuffmove.com\\\/#organization\",\"name\":\"Make Stuff Move\",\"url\":\"https:\\\/\\\/makestuffmove.com\\\/\",\"logo\":{\"@type\":\"ImageObject\",\"inLanguage\":\"fr-CA\",\"@id\":\"https:\\\/\\\/makestuffmove.com\\\/#\\\/schema\\\/logo\\\/image\\\/\",\"url\":\"\",\"contentUrl\":\"\",\"caption\":\"Make Stuff Move\"},\"image\":{\"@id\":\"https:\\\/\\\/makestuffmove.com\\\/#\\\/schema\\\/logo\\\/image\\\/\"},\"sameAs\":[\"http:\\\/\\\/facebook.com\\\/makestuffmove\",\"http:\\\/\\\/instagram.com\\\/makestuffmoveinc\",\"https:\\\/\\\/www.youtube.com\\\/channel\\\/UC3QPj9vHLuaJhO5ROM6hKow\"]}]}<\/script>\n<!-- \/ Yoast SEO Premium plugin. -->","yoast_head_json":{"title":"Our Story - Make Stuff Move","robots":{"index":"index","follow":"follow","max-snippet":"max-snippet:-1","max-image-preview":"max-image-preview:large","max-video-preview":"max-video-preview:-1"},"canonical":"https:\/\/makestuffmove.com\/fr\/our-story\/","og_locale":"fr_CA","og_type":"article","og_title":"Our Story","og_description":"Servo Socks started from a simple idea that solved a real problem. We took our common passion in building things from scratch whether it be a product,","og_url":"https:\/\/makestuffmove.com\/fr\/our-story\/","og_site_name":"Make Stuff Move","article_publisher":"http:\/\/facebook.com\/makestuffmove","article_modified_time":"2019-11-03T16:56:11+00:00","twitter_card":"summary_large_image","twitter_misc":{"Estimation du temps de lecture":"3 minutes"},"schema":{"@context":"https:\/\/schema.org","@graph":[{"@type":"WebPage","@id":"https:\/\/makestuffmove.com\/our-story\/","url":"https:\/\/makestuffmove.com\/our-story\/","name":"Our Story - Make Stuff Move","isPartOf":{"@id":"https:\/\/makestuffmove.com\/#website"},"datePublished":"2019-11-03T16:55:50+00:00","dateModified":"2019-11-03T16:56:11+00:00","breadcrumb":{"@id":"https:\/\/makestuffmove.com\/our-story\/#breadcrumb"},"inLanguage":"fr-CA","potentialAction":[{"@type":"ReadAction","target":["https:\/\/makestuffmove.com\/our-story\/"]}]},{"@type":"BreadcrumbList","@id":"https:\/\/makestuffmove.com\/our-story\/#breadcrumb","itemListElement":[{"@type":"ListItem","position":1,"name":"Home","item":"https:\/\/makestuffmove.com\/"},{"@type":"ListItem","position":2,"name":"Our Story"}]},{"@type":"WebSite","@id":"https:\/\/makestuffmove.com\/#website","url":"https:\/\/makestuffmove.com\/","name":"Faire bouger les choses","description":"Enseignons les outils\u00a0!","publisher":{"@id":"https:\/\/makestuffmove.com\/#organization"},"potentialAction":[{"@type":"SearchAction","target":{"@type":"EntryPoint","urlTemplate":"https:\/\/makestuffmove.com\/?s={search_term_string}"},"query-input":{"@type":"PropertyValueSpecification","valueRequired":true,"valueName":"search_term_string"}}],"inLanguage":"fr-CA"},{"@type":"Organization","@id":"https:\/\/makestuffmove.com\/#organization","name":"Faire bouger les choses","url":"https:\/\/makestuffmove.com\/","logo":{"@type":"ImageObject","inLanguage":"fr-CA","@id":"https:\/\/makestuffmove.com\/#\/schema\/logo\/image\/","url":"","contentUrl":"","caption":"Make Stuff Move"},"image":{"@id":"https:\/\/makestuffmove.com\/#\/schema\/logo\/image\/"},"sameAs":["http:\/\/facebook.com\/makestuffmove","http:\/\/instagram.com\/makestuffmoveinc","https:\/\/www.youtube.com\/channel\/UC3QPj9vHLuaJhO5ROM6hKow"]}]}},"jetpack_sharing_enabled":true,"_links":{"self":[{"href":"https:\/\/makestuffmove.com\/fr\/wp-json\/wp\/v2\/pages\/221","targetHints":{"allow":["GET"]}}],"collection":[{"href":"https:\/\/makestuffmove.com\/fr\/wp-json\/wp\/v2\/pages"}],"about":[{"href":"https:\/\/makestuffmove.com\/fr\/wp-json\/wp\/v2\/types\/page"}],"author":[{"embeddable":true,"href":"https:\/\/makestuffmove.com\/fr\/wp-json\/wp\/v2\/users\/2"}],"replies":[{"embeddable":true,"href":"https:\/\/makestuffmove.com\/fr\/wp-json\/wp\/v2\/comments?post=221"}],"version-history":[{"count":2,"href":"https:\/\/makestuffmove.com\/fr\/wp-json\/wp\/v2\/pages\/221\/revisions"}],"predecessor-version":[{"id":223,"href":"https:\/\/makestuffmove.com\/fr\/wp-json\/wp\/v2\/pages\/221\/revisions\/223"}],"wp:attachment":[{"href":"https:\/\/makestuffmove.com\/fr\/wp-json\/wp\/v2\/media?parent=221"}],"curies":[{"name":"wp","href":"https:\/\/api.w.org\/{rel}","templated":true}]}}